{"id":94,"date":"2015-11-02T22:36:41","date_gmt":"2015-11-02T22:36:41","guid":{"rendered":"https:\/\/www.ville.magog.qc.ca\/bibliotheque\/?page_id=94"},"modified":"2026-04-17T09:05:38","modified_gmt":"2026-04-17T14:05:38","slug":"catalogue-koha","status":"publish","type":"page","link":"https:\/\/www.ville.magog.qc.ca\/bibliotheque\/catalogue-koha\/","title":{"rendered":"Catalogue Koha"},"content":{"rendered":"<div class=\"wpb-content-wrapper\"><p>[vc_row][vc_column]<div class=\"anchor-list \"><p><span class=\"page-navigation-header\"><\/span><\/p><ul class=\"page-navigation-ul\"><li><a href=\"#fonctionnalites-koha\">Fonctionnalit\u00e9s<\/a><\/li><li><a href=\"#premiere-utilisation-koha\">Premi\u00e8re utilisation de Koha<\/a><\/li><li><a href=\"#faq-koha\">Foire aux questions<\/a><\/li><\/ul><\/div>[\/vc_column][\/vc_row][vc_row][vc_column][vc_single_image image=&#8221;2357&#8243; css=&#8221;&#8221;][vc_empty_space height=&#8221;16px&#8221;][vc_column_text css=&#8221;&#8221;]Le catalogue Koha est le nouveau logiciel de gestion de la Biblioth\u00e8que Memphr\u00e9magog. Cette plateforme en ligne permet de consulter le catalogue de la biblioth\u00e8que, faire des r\u00e9servations, sugg\u00e9rer des nouveaux livres, soumettre des avis et g\u00e9rer les r\u00e9servations en cours.[\/vc_column_text]<a href=\"https:\/\/magog.inlibro.net\/\" target=\"_blank\"class=\"mdl-button mdl-js-button mdl-js-ripple-effect btn btn- mdl-button--raised mdl-button--accent\">Catalogue Koha <\/a>[vc_empty_space height=&#8221;16px&#8221;]<h3 id='fonctionnalites-koha' class=''>Fonctionnalit\u00e9s<\/h3>[vc_column_text css=&#8221;&#8221;]La nouvelle plateforme propose une interface conviviale pour la consultation du catalogue ainsi qu\u2019une gestion simplifi\u00e9e du dossier d\u2019abonn\u00e9.<\/p>\n<p>Elle permet notamment les fonctionnalit\u00e9s suivantes :<\/p>\n<ul>\n<li>Consultation du catalogue et v\u00e9rification des disponibilit\u00e9s<\/li>\n<li>R\u00e9servation et renouvellement de documents<\/li>\n<li>Suggestions d\u2019achat<\/li>\n<li>Pr\u00eat num\u00e9rique<\/li>\n<li>Avis et recommandations<\/li>\n<li>Rappels automatis\u00e9s par courriel<\/li>\n<li>Gestion du dossier d\u2019abonn\u00e9<\/li>\n<\/ul>\n<p>[\/vc_column_text][vc_empty_space height=&#8221;16px&#8221;][vc_separator css=&#8221;&#8221;]<h3 id='premiere-utilisation-koha' class=''>Premi\u00e8re utilisation de Koha<\/h3>[vc_column_text css=&#8221;&#8221;]Lors de la premi\u00e8re utilisation, les abonn\u00e9s de la biblioth\u00e8que devront r\u00e9initialiser leur mot de passe afin de pouvoir acc\u00e9der \u00e0 leur dossier usager. Pour ce faire, ils devront entrer leur identifiant, correspondant \u00e0 leur num\u00e9ro de carte de citoyen ou carte de biblioth\u00e8que, ainsi que l\u2019adresse courriel associ\u00e9e \u00e0 leur compte.<\/p>\n<p>En cas de probl\u00e9matique avec leur compte, les citoyens sont invit\u00e9s \u00e0 se rendre sur place et \u00e0 consulter un membre du personnel de la biblioth\u00e8que qui pourra les accompagner.[\/vc_column_text][vc_empty_space height=&#8221;16px&#8221;][vc_separator css=&#8221;&#8221;]<h3 id='faq-koha' class=''>Foire aux questions<\/h3>[vc_tta_accordion][vc_tta_section title=&#8221;Comment me connecter \u00e0 mon dossier usager?&#8221; tab_id=&#8221;connexion-dossier-usager&#8221;][vc_column_text css=&#8221;&#8221;]Lors de votre premi\u00e8re utilisation de Koha, vous devrez modifier le mot de passe de votre dossier usager. Vous aurez besoin de votre identifiant et de votre adresse courriel pour \u00eatre en mesure de vous connecter.<\/p>\n<p>Pour ce faire, cliquez directement sur l\u2019option \u00ab\u00a0Mot de passe oubli\u00e9?\u00a0\u00bb.[\/vc_column_text][vc_single_image image=&#8221;2364&#8243; css=&#8221;&#8221;][vc_column_text css=&#8221;&#8221;]<strong>Identifiant\u00a0:<\/strong> num\u00e9ro de carte de biblioth\u00e8que ou carte citoyen (num\u00e9ro inscrit \u00e0 l\u2019arri\u00e8re de la carte pour les non-r\u00e9sidents ou dans le bas de la carte, sous le code-barre pour les r\u00e9sidents de Magog)<\/p>\n<p><strong>Courriel\u00a0:<\/strong> adresse courriel principale li\u00e9e au compte. Dans le doute, contactez le personnel de la biblioth\u00e8que pour mettre \u00e0 jour vos informations personnelles.<\/p>\n<p>Vous recevrez un courriel avec un lien valide pour 2 jours seulement qui vous permettra de r\u00e9initialiser votre mot de passe.<\/p>\n<p><span style=\"color: #ff0000;\">\u00c0 noter que cette m\u00e9thode ne fonctionne uniquement que si vous poss\u00e9dez une adresse courriel li\u00e9e \u00e0 votre dossier d\u2019usager. Dans le cas contraire, veuillez contacter le personnel de la biblioth\u00e8que afin de r\u00e9initialiser votre mot de passe.<\/span>[\/vc_column_text][\/vc_tta_section][vc_tta_section title=&#8221;Comment effectuer une recherche?&#8221; tab_id=&#8221;effectuer-recherche&#8221;][vc_column_text css=&#8221;&#8221;]Pour effectuer une recherche simple, il n\u2019est pas n\u00e9cessaire de se connecter \u00e0 votre dossier usager. Cependant, si vous \u00eates connect\u00e9, vous aurez acc\u00e8s par la suite \u00e0 votre historique de recherche.<\/p>\n<p>La fonction de recherche vous permet de chercher dans le catalogue entier de la biblioth\u00e8que. Vous pouvez \u00e9galement utiliser des filtres pour affiner vos r\u00e9sultats\u00a0: <em>Titre<\/em>, <em>Auteur<\/em>, <em>Sujet<\/em>, <em>ISBN<\/em>, <em>ISSN<\/em>, <em>Collection<\/em> et <em>Cote<\/em>.<\/p>\n<p>Une fois la recherche lanc\u00e9e, vous avez l\u2019occasion d\u2019affiner davantage en appliquant diff\u00e9rents filtres qui se trouvent sur la gauche de la page\u00a0: <em>Disponibilit\u00e9<\/em>, <em>Auteurs<\/em>, <em>Types de document<\/em>, <em>Localisations<\/em>, <em>Collection<\/em>, <em>Sujets<\/em> et <em>Langues<\/em>.<\/p>\n<p>En cliquant sur le titre d\u2019un document, vous serez redirig\u00e9 vers la notice bibliographique du document en question. De l\u00e0, vous pourrez acc\u00e9der \u00e0 diff\u00e9rentes fonctionnalit\u00e9s qui vous permettront de l\u2019ajouter \u00e0 une liste, \u00e0 votre panier ou de le r\u00e9server.<\/p>\n<p>Dans le bas de la page, en plus du statut du document, vous retrouverez un encadr\u00e9 avec le type de document, la localisation et la cote.[\/vc_column_text][\/vc_tta_section][vc_tta_section title=&#8221;Comment effectuer une r\u00e9servation?&#8221; tab_id=&#8221;effectuer-reservation&#8221;][vc_column_text css=&#8221;&#8221;]Vous devez \u00eatre connect\u00e9 \u00e0 votre dossier usager pour effectuer une r\u00e9servation.<\/p>\n<p>\u00c0 noter qu\u2019il n\u2019est plus possible de faire la r\u00e9servation de documents disponibles. Seuls les documents non disponibles peuvent \u00eatre r\u00e9serv\u00e9s.<\/p>\n<p>Pour effectuer la r\u00e9servation :<\/p>\n<ol>\n<li>V\u00e9rifiez si le document est disponible au pr\u00eat. Pour ce faire, v\u00e9rifiez le statut du document dans la notice de celui-ci. Si un document est indisponible, il sera indiqu\u00e9 comme <em>Pr\u00eat\u00e9<\/em> ou <em>Indisponible<\/em> (en rouge).<a href=\"https:\/\/www.ville.magog.qc.ca\/bibliotheque\/wp-content\/uploads\/2026\/01\/Catalogue-Koha-indisponibilite.png\"><img loading=\"lazy\" decoding=\"async\" class=\"alignnone wp-image-2365 size-full\" src=\"https:\/\/www.ville.magog.qc.ca\/bibliotheque\/wp-content\/uploads\/2026\/01\/Catalogue-Koha-indisponibilite.png\" alt=\"\" width=\"468\" height=\"23\" srcset=\"https:\/\/www.ville.magog.qc.ca\/bibliotheque\/wp-content\/uploads\/2026\/01\/Catalogue-Koha-indisponibilite.png 468w, https:\/\/www.ville.magog.qc.ca\/bibliotheque\/wp-content\/uploads\/2026\/01\/Catalogue-Koha-indisponibilite-300x15.png 300w\" sizes=\"auto, (max-width: 468px) 100vw, 468px\" \/><\/a><\/li>\n<li>Toujours dans la notice du document, cliquez sur l\u2019option <em>R\u00e9server<\/em>.<br \/>\n<a href=\"https:\/\/www.ville.magog.qc.ca\/bibliotheque\/wp-content\/uploads\/2026\/01\/Catalogue-Koha-reserver.png\"><img loading=\"lazy\" decoding=\"async\" class=\"alignnone wp-image-2366 size-full\" src=\"https:\/\/www.ville.magog.qc.ca\/bibliotheque\/wp-content\/uploads\/2026\/01\/Catalogue-Koha-reserver.png\" alt=\"\" width=\"575\" height=\"45\" srcset=\"https:\/\/www.ville.magog.qc.ca\/bibliotheque\/wp-content\/uploads\/2026\/01\/Catalogue-Koha-reserver.png 575w, https:\/\/www.ville.magog.qc.ca\/bibliotheque\/wp-content\/uploads\/2026\/01\/Catalogue-Koha-reserver-300x23.png 300w\" sizes=\"auto, (max-width: 575px) 100vw, 575px\" \/><\/a><\/li>\n<li>Vous verrez le r\u00e9sum\u00e9 de la r\u00e9servation avec le titre du document, l\u2019auteur, votre priorit\u00e9 et votre nombre de r\u00e9servations total.<\/li>\n<li>Confirmez la r\u00e9servation en cliquant sur <em>Confirmer la r\u00e9servation<\/em>, au bas de la page.<\/li>\n<\/ol>\n<p>[\/vc_column_text][\/vc_tta_section][vc_tta_section title=&#8221;Comment renouveler un document?&#8221; tab_id=&#8221;renouveler-document&#8221;][vc_column_text css=&#8221;&#8221;]Vous devez \u00eatre connect\u00e9 \u00e0 votre dossier usager pour effectuer un renouvellement.<\/p>\n<p>Rendez-vous dans l\u2019onglet <em>Mon compte<\/em>, dans le menu de navigation.<\/p>\n<p>Vous serez dirig\u00e9 vers le r\u00e9sume de vos emprunts en cours.<\/p>\n<p>\u00c0 partir de la colonne <em>Renouveler<\/em>, vous aurez acc\u00e8s au nombre de renouvellements encore disponible pour chaque document emprunt\u00e9. Si le document peut \u00eatre renouvel\u00e9, vous aurez l\u2019opportunit\u00e9 de cocher la case et de confirmer le renouvellement avec l\u2019option <em>Renouveler la s\u00e9lection<\/em>. Si le document que vous souhaitez renouveler ne peut plus \u00eatre renouvel\u00e9, il sera indiqu\u00e9 comme <em>Non renouvelable<\/em>.<\/p>\n<p>Vous pouvez \u00e9galement renouveler l\u2019ensemble des documents emprunt\u00e9s en cliquant sur l\u2019option <em>Tout renouveler<\/em>.[\/vc_column_text][\/vc_tta_section][vc_tta_section title=&#8221;Comment faire une suggestion d\u2019achat?&#8221; tab_id=&#8221;suggestion-achat&#8221;][vc_column_text css=&#8221;&#8221;]Vous devez \u00eatre connect\u00e9 \u00e0 votre dossier usager pour faire une suggestion d\u2019achat.<\/p>\n<p>Rendez-vous dans l\u2019onglet <em>Mon compte<\/em> \u00e0 partir du menu de navigation.<\/p>\n<p>Dans le menu \u00e0 gauche, s\u00e9lectionnez <em>Suggestions d\u2019achat<\/em>.<\/p>\n<p>De l\u00e0, vous pouvez consulter vos suggestions en cours et l\u2019avancement de leur statut.<\/p>\n<p>Pour cr\u00e9er une nouvelle demande, s\u00e9lectionnez\u00a0<em>Nouvelle suggestion d\u2019achat.<\/em><\/p>\n<p>Vous serez redirig\u00e9 vers un formulaire en ligne \u00e0 compl\u00e9ter.<\/p>\n<p>Ajoutez le plus d\u2019information possible pour aider le personnel de la biblioth\u00e8que \u00e0 traiter votre demande le plus rapidement possible.[\/vc_column_text][\/vc_tta_section][vc_tta_section title=&#8221;Comment activer les notifications?&#8221; tab_id=&#8221;activer-notification&#8221;][vc_column_text css=&#8221;&#8221;]Vous devez \u00eatre connect\u00e9 \u00e0 votre compte pour compl\u00e9ter ces actions.<\/p>\n<p>Pour activer les notifications, rendez-vous dans l\u2019onglet mon compte et puis dans le menu de navigation sur la gauche, cliquez sur <em>Notifications<\/em> qui se trouve dans le bas de la liste.<\/p>\n<p>Une fois dans <em>Vos pr\u00e9f\u00e9rences de notification<\/em> vous avez le choix de s\u00e9lectionner les diff\u00e9rents avis qui peuvent vous \u00eatre envoy\u00e9s pour vous tenir \u00e0 jour dans vos emprunts et r\u00e9servations. Des courriels peuvent vous \u00eatre envoy\u00e9s selon vos pr\u00e9f\u00e9rences.[\/vc_column_text][\/vc_tta_section][vc_tta_section title=&#8221;Pourquoi est-ce que je ne re\u00e7ois pas mes avis de courtoisie et mes avis de retards?&#8221; tab_id=&#8221;avis-courtoisie-retards&#8221;][vc_column_text css=&#8221;&#8221;]N\u2019oubliez pas d\u2019aller v\u00e9rifier dans la section des courriels ind\u00e9sirables de votre bo\u00eete de r\u00e9ception. Il arrive souvent que ces courriels s\u2019y retrouvent.<\/p>\n<p>Avez-vous mis \u00e0 jour vos informations personnelles r\u00e9cemment? Si vous avez un doute concernant l\u2019adresse courriel ajout\u00e9 \u00e0 votre dossier, contactez le comptoir du pr\u00eat au 819\u00a0834-3333, poste 899.[\/vc_column_text][\/vc_tta_section][vc_tta_section title=&#8221;Que faire si la plateforme de Pr\u00eat num\u00e9rique ne fonctionne pas?&#8221; tab_id=&#8221;plateforme-non-fonctionnelle&#8221;][vc_column_text css=&#8221;&#8221;]Lors de la r\u00e9initialisation de votre mot de passe, veuillez pr\u00e9voir un d\u00e9lai de 5 \u00e0 7 jour ouvrable avant que le service de Pr\u00eat num\u00e9rique soit op\u00e9rationnel.<\/p>\n<p>Si la probl\u00e9matique perdure, contactez le personnel de la biblioth\u00e8que au 819\u00a0843-3333, poste 899 ou rendez-vous en personne au comptoir du pr\u00eat.[\/vc_column_text][\/vc_tta_section][vc_tta_section title=&#8221;Comment r\u00e9server des documents disponibles \u00e0 la biblioth\u00e8que?&#8221; tab_id=&#8221;reservation-documents-disponibles&#8221;][vc_column_text css=&#8221;&#8221;]Il n\u2019est d\u00e9sormais plus possible de r\u00e9server des documents qui sont disponibles en biblioth\u00e8que. Si un document est indiqu\u00e9 comme disponible au catalogue, vous devez vous rendre dans les rayons pour le r\u00e9cup\u00e9rer.<\/p>\n<p>Ce service avait \u00e9t\u00e9 mis en place pendant la pand\u00e9mie afin de permettre aux citoyens de continuer \u00e0 emprunter des documents. Aujourd\u2019hui, la Biblioth\u00e8que Memphr\u00e9magog souhaite encourager les usagers \u00e0 se d\u00e9placer dans les rayons et \u00e0 d\u00e9couvrir l\u2019ensemble des ressources offertes sur place. C\u2019est dans cette optique que cette d\u00e9cision a \u00e9t\u00e9 prise.<\/p>\n<p>Si vous avez besoin d\u2019aide pour localiser un document, le personnel sur place se fera un plaisir de vous accompagner.[\/vc_column_text][\/vc_tta_section][\/vc_tta_accordion][\/vc_column][\/vc_row]<\/p>\n<\/div>","protected":false},"excerpt":{"rendered":"<p>[vc_row][vc_column][\/vc_column][\/vc_row][vc_row][vc_column][vc_single_image image=&#8221;2357&#8243; css=&#8221;&#8221;][vc_empty_space height=&#8221;16px&#8221;][vc_column_text css=&#8221;&#8221;]Le catalogue Koha est le nouveau logiciel de gestion de la Biblioth\u00e8que Memphr\u00e9magog. Cette plateforme en &hellip; <\/p>\n","protected":false},"author":16,"featured_media":2357,"parent":0,"menu_order":1,"comment_status":"closed","ping_status":"closed","template":"","meta":{"_acf_changed":false,"footnotes":""},"tags":[],"class_list":["post-94","page","type-page","status-publish","hentry"],"acf":[],"yoast_head":"<!-- This site is optimized with the Yoast SEO plugin v27.4 - https:\/\/yoast.com\/product\/yoast-seo-wordpress\/ -->\n<title>Catalogue Koha - Bibliotheque<\/title>\n<meta name=\"robots\" content=\"index, follow, max-snippet:-1, max-image-preview:large, max-video-preview:-1\" \/>\n<link rel=\"canonical\" href=\"https:\/\/www.ville.magog.qc.ca\/bibliotheque\/catalogue-koha\/\" \/>\n<meta property=\"og:locale\" content=\"fr_FR\" \/>\n<meta property=\"og:type\" content=\"article\" \/>\n<meta property=\"og:title\" content=\"Catalogue Koha - Bibliotheque\" \/>\n<meta property=\"og:description\" content=\"[vc_row][vc_column][\/vc_column][\/vc_row][vc_row][vc_column][vc_single_image image=&#8221;2357&#8243; css=&#8221;&#8221;][vc_empty_space height=&#8221;16px&#8221;][vc_column_text css=&#8221;&#8221;]Le catalogue Koha est le nouveau logiciel de gestion de la Biblioth\u00e8que Memphr\u00e9magog. Cette plateforme en &hellip;\" \/>\n<meta property=\"og:url\" content=\"https:\/\/www.ville.magog.qc.ca\/bibliotheque\/catalogue-koha\/\" \/>\n<meta property=\"og:site_name\" content=\"Bibliotheque\" \/>\n<meta property=\"article:modified_time\" content=\"2026-04-17T14:05:38+00:00\" \/>\n<meta property=\"og:image\" content=\"https:\/\/www.ville.magog.qc.ca\/bibliotheque\/wp-content\/uploads\/2026\/01\/Nouveau-catalogue-Bibliotheque-Memphremagog.jpg\" \/>\n\t<meta property=\"og:image:width\" content=\"1200\" \/>\n\t<meta property=\"og:image:height\" content=\"460\" \/>\n\t<meta property=\"og:image:type\" content=\"image\/jpeg\" \/>\n<meta name=\"twitter:card\" content=\"summary_large_image\" \/>\n<meta name=\"twitter:label1\" content=\"Dur\u00e9e de lecture estim\u00e9e\" \/>\n\t<meta name=\"twitter:data1\" content=\"7 minutes\" \/>\n<script type=\"application\/ld+json\" class=\"yoast-schema-graph\">{\"@context\":\"https:\\\/\\\/schema.org\",\"@graph\":[{\"@type\":\"WebPage\",\"@id\":\"https:\\\/\\\/www.ville.magog.qc.ca\\\/bibliotheque\\\/catalogue-koha\\\/\",\"url\":\"https:\\\/\\\/www.ville.magog.qc.ca\\\/bibliotheque\\\/catalogue-koha\\\/\",\"name\":\"Catalogue Koha - Bibliotheque\",\"isPartOf\":{\"@id\":\"https:\\\/\\\/www.ville.magog.qc.ca\\\/bibliotheque\\\/#website\"},\"primaryImageOfPage\":{\"@id\":\"https:\\\/\\\/www.ville.magog.qc.ca\\\/bibliotheque\\\/catalogue-koha\\\/#primaryimage\"},\"image\":{\"@id\":\"https:\\\/\\\/www.ville.magog.qc.ca\\\/bibliotheque\\\/catalogue-koha\\\/#primaryimage\"},\"thumbnailUrl\":\"https:\\\/\\\/www.ville.magog.qc.ca\\\/bibliotheque\\\/wp-content\\\/uploads\\\/2026\\\/01\\\/Nouveau-catalogue-Bibliotheque-Memphremagog.jpg\",\"datePublished\":\"2015-11-02T22:36:41+00:00\",\"dateModified\":\"2026-04-17T14:05:38+00:00\",\"breadcrumb\":{\"@id\":\"https:\\\/\\\/www.ville.magog.qc.ca\\\/bibliotheque\\\/catalogue-koha\\\/#breadcrumb\"},\"inLanguage\":\"fr-FR\",\"potentialAction\":[{\"@type\":\"ReadAction\",\"target\":[\"https:\\\/\\\/www.ville.magog.qc.ca\\\/bibliotheque\\\/catalogue-koha\\\/\"]}]},{\"@type\":\"ImageObject\",\"inLanguage\":\"fr-FR\",\"@id\":\"https:\\\/\\\/www.ville.magog.qc.ca\\\/bibliotheque\\\/catalogue-koha\\\/#primaryimage\",\"url\":\"https:\\\/\\\/www.ville.magog.qc.ca\\\/bibliotheque\\\/wp-content\\\/uploads\\\/2026\\\/01\\\/Nouveau-catalogue-Bibliotheque-Memphremagog.jpg\",\"contentUrl\":\"https:\\\/\\\/www.ville.magog.qc.ca\\\/bibliotheque\\\/wp-content\\\/uploads\\\/2026\\\/01\\\/Nouveau-catalogue-Bibliotheque-Memphremagog.jpg\",\"width\":1200,\"height\":460,\"caption\":\"Nouveau catalogue Koha - Biblioth\u00e8que Memphr\u00e9magog\"},{\"@type\":\"BreadcrumbList\",\"@id\":\"https:\\\/\\\/www.ville.magog.qc.ca\\\/bibliotheque\\\/catalogue-koha\\\/#breadcrumb\",\"itemListElement\":[{\"@type\":\"ListItem\",\"position\":1,\"name\":\"Home\",\"item\":\"https:\\\/\\\/www.ville.magog.qc.ca\\\/bibliotheque\\\/\"},{\"@type\":\"ListItem\",\"position\":2,\"name\":\"Catalogue Koha\"}]},{\"@type\":\"WebSite\",\"@id\":\"https:\\\/\\\/www.ville.magog.qc.ca\\\/bibliotheque\\\/#website\",\"url\":\"https:\\\/\\\/www.ville.magog.qc.ca\\\/bibliotheque\\\/\",\"name\":\"Bibliotheque\",\"description\":\"Bibliotheque Magog\",\"potentialAction\":[{\"@type\":\"SearchAction\",\"target\":{\"@type\":\"EntryPoint\",\"urlTemplate\":\"https:\\\/\\\/www.ville.magog.qc.ca\\\/bibliotheque\\\/?s={search_term_string}\"},\"query-input\":{\"@type\":\"PropertyValueSpecification\",\"valueRequired\":true,\"valueName\":\"search_term_string\"}}],\"inLanguage\":\"fr-FR\"}]}<\/script>\n<!-- \/ Yoast SEO plugin. -->","yoast_head_json":{"title":"Catalogue Koha - Bibliotheque","robots":{"index":"index","follow":"follow","max-snippet":"max-snippet:-1","max-image-preview":"max-image-preview:large","max-video-preview":"max-video-preview:-1"},"canonical":"https:\/\/www.ville.magog.qc.ca\/bibliotheque\/catalogue-koha\/","og_locale":"fr_FR","og_type":"article","og_title":"Catalogue Koha - Bibliotheque","og_description":"[vc_row][vc_column][\/vc_column][\/vc_row][vc_row][vc_column][vc_single_image image=&#8221;2357&#8243; css=&#8221;&#8221;][vc_empty_space height=&#8221;16px&#8221;][vc_column_text css=&#8221;&#8221;]Le catalogue Koha est le nouveau logiciel de gestion de la Biblioth\u00e8que Memphr\u00e9magog. Cette plateforme en &hellip;","og_url":"https:\/\/www.ville.magog.qc.ca\/bibliotheque\/catalogue-koha\/","og_site_name":"Bibliotheque","article_modified_time":"2026-04-17T14:05:38+00:00","og_image":[{"width":1200,"height":460,"url":"https:\/\/www.ville.magog.qc.ca\/bibliotheque\/wp-content\/uploads\/2026\/01\/Nouveau-catalogue-Bibliotheque-Memphremagog.jpg","type":"image\/jpeg"}],"twitter_card":"summary_large_image","twitter_misc":{"Dur\u00e9e de lecture estim\u00e9e":"7 minutes"},"schema":{"@context":"https:\/\/schema.org","@graph":[{"@type":"WebPage","@id":"https:\/\/www.ville.magog.qc.ca\/bibliotheque\/catalogue-koha\/","url":"https:\/\/www.ville.magog.qc.ca\/bibliotheque\/catalogue-koha\/","name":"Catalogue Koha - Bibliotheque","isPartOf":{"@id":"https:\/\/www.ville.magog.qc.ca\/bibliotheque\/#website"},"primaryImageOfPage":{"@id":"https:\/\/www.ville.magog.qc.ca\/bibliotheque\/catalogue-koha\/#primaryimage"},"image":{"@id":"https:\/\/www.ville.magog.qc.ca\/bibliotheque\/catalogue-koha\/#primaryimage"},"thumbnailUrl":"https:\/\/www.ville.magog.qc.ca\/bibliotheque\/wp-content\/uploads\/2026\/01\/Nouveau-catalogue-Bibliotheque-Memphremagog.jpg","datePublished":"2015-11-02T22:36:41+00:00","dateModified":"2026-04-17T14:05:38+00:00","breadcrumb":{"@id":"https:\/\/www.ville.magog.qc.ca\/bibliotheque\/catalogue-koha\/#breadcrumb"},"inLanguage":"fr-FR","potentialAction":[{"@type":"ReadAction","target":["https:\/\/www.ville.magog.qc.ca\/bibliotheque\/catalogue-koha\/"]}]},{"@type":"ImageObject","inLanguage":"fr-FR","@id":"https:\/\/www.ville.magog.qc.ca\/bibliotheque\/catalogue-koha\/#primaryimage","url":"https:\/\/www.ville.magog.qc.ca\/bibliotheque\/wp-content\/uploads\/2026\/01\/Nouveau-catalogue-Bibliotheque-Memphremagog.jpg","contentUrl":"https:\/\/www.ville.magog.qc.ca\/bibliotheque\/wp-content\/uploads\/2026\/01\/Nouveau-catalogue-Bibliotheque-Memphremagog.jpg","width":1200,"height":460,"caption":"Nouveau catalogue Koha - Biblioth\u00e8que Memphr\u00e9magog"},{"@type":"BreadcrumbList","@id":"https:\/\/www.ville.magog.qc.ca\/bibliotheque\/catalogue-koha\/#breadcrumb","itemListElement":[{"@type":"ListItem","position":1,"name":"Home","item":"https:\/\/www.ville.magog.qc.ca\/bibliotheque\/"},{"@type":"ListItem","position":2,"name":"Catalogue Koha"}]},{"@type":"WebSite","@id":"https:\/\/www.ville.magog.qc.ca\/bibliotheque\/#website","url":"https:\/\/www.ville.magog.qc.ca\/bibliotheque\/","name":"Bibliotheque","description":"Bibliotheque Magog","potentialAction":[{"@type":"SearchAction","target":{"@type":"EntryPoint","urlTemplate":"https:\/\/www.ville.magog.qc.ca\/bibliotheque\/?s={search_term_string}"},"query-input":{"@type":"PropertyValueSpecification","valueRequired":true,"valueName":"search_term_string"}}],"inLanguage":"fr-FR"}]}},"_links":{"self":[{"href":"https:\/\/www.ville.magog.qc.ca\/bibliotheque\/wp-json\/wp\/v2\/pages\/94","targetHints":{"allow":["GET"]}}],"collection":[{"href":"https:\/\/www.ville.magog.qc.ca\/bibliotheque\/wp-json\/wp\/v2\/pages"}],"about":[{"href":"https:\/\/www.ville.magog.qc.ca\/bibliotheque\/wp-json\/wp\/v2\/types\/page"}],"author":[{"embeddable":true,"href":"https:\/\/www.ville.magog.qc.ca\/bibliotheque\/wp-json\/wp\/v2\/users\/16"}],"replies":[{"embeddable":true,"href":"https:\/\/www.ville.magog.qc.ca\/bibliotheque\/wp-json\/wp\/v2\/comments?post=94"}],"version-history":[{"count":37,"href":"https:\/\/www.ville.magog.qc.ca\/bibliotheque\/wp-json\/wp\/v2\/pages\/94\/revisions"}],"predecessor-version":[{"id":2394,"href":"https:\/\/www.ville.magog.qc.ca\/bibliotheque\/wp-json\/wp\/v2\/pages\/94\/revisions\/2394"}],"wp:featuredmedia":[{"embeddable":true,"href":"https:\/\/www.ville.magog.qc.ca\/bibliotheque\/wp-json\/wp\/v2\/media\/2357"}],"wp:attachment":[{"href":"https:\/\/www.ville.magog.qc.ca\/bibliotheque\/wp-json\/wp\/v2\/media?parent=94"}],"wp:term":[{"taxonomy":"post_tag","embeddable":true,"href":"https:\/\/www.ville.magog.qc.ca\/bibliotheque\/wp-json\/wp\/v2\/tags?post=94"}],"curies":[{"name":"wp","href":"https:\/\/api.w.org\/{rel}","templated":true}]}}