{"id":474,"date":"2016-03-23T13:31:42","date_gmt":"2016-03-23T17:31:42","guid":{"rendered":"https:\/\/www.ville.magog.qc.ca\/bibliotheque\/?page_id=474"},"modified":"2023-03-29T12:34:40","modified_gmt":"2023-03-29T17:34:40","slug":"benevolat","status":"publish","type":"page","link":"https:\/\/www.ville.magog.qc.ca\/bibliotheque\/activites\/benevolat\/","title":{"rendered":"B\u00e9n\u00e9volat"},"content":{"rendered":"<div class=\"wpb-content-wrapper\"><p>[vc_row][vc_column][vc_single_image image=&#8221;1276&#8243;][\/vc_column][\/vc_row][vc_row][vc_column][vc_column_text]Si vous d\u00e9sirez vous impliquer dans les activit\u00e9s de la Biblioth\u00e8que Memphr\u00e9magog et souhaitez contribuer \u00e0 son rayonnement, consultez les deux sections suivantes\u00a0:[\/vc_column_text][vc_tta_accordion][vc_tta_section title=&#8221;Les Amis de la Biblioth\u00e8que Memphr\u00e9magog&#8221; tab_id=&#8221;benevolat-amis-bibliotheque-memphremagog&#8221;][vc_single_image image=&#8221;1272&#8243;][vc_empty_space][vc_column_text]Les Amis de la Biblioth\u00e8que Memphr\u00e9magog est une association \u00e0 but non lucratif qui vise \u00e0 soutenir l\u2019action, la promotion et le rayonnement de La Biblioth\u00e8que Memphr\u00e9magog. Plusieurs activit\u00e9s de b\u00e9n\u00e9volats sont offertes. Pour en savoir plus, veuillez consulter le site des\u00a0<a href=\"https:\/\/sites.google.com\/site\/amisbmm\/Ses-benevoles\">Amis de la Biblioth\u00e8que Memphr\u00e9magog<\/a>.[\/vc_column_text][\/vc_tta_section][vc_tta_section title=&#8221;Lire et faire lire&#8221; tab_id=&#8221;benevolat-lecture-aines&#8221;][vc_empty_space][vc_column_text]Lire et faire lire est un programme interg\u00e9n\u00e9rationnel en lecture actif au Qu\u00e9bec, en Ontario, au Nouveau-Brunswick et en Colombie-Britannique. Ce programme inclusif est d\u2019une magnifique simplicit\u00e9 : une fois par semaine, des b\u00e9n\u00e9voles-lecteurs de 50 ans+ rencontrent des groupes de 2 \u00e0 5 enfants \u00e2g\u00e9s de 4 \u00e0 8 ans pour leur faire la lecture dans les services \u00e9ducatifs de garde \u00e0 l\u2019enfance et les \u00e9coles. Pour en savoir plus, veuillez consulter le site de <a href=\"https:\/\/www.lireetfairelire.qc.ca\/\">Lire et faire lire<\/a>.[\/vc_column_text][\/vc_tta_section][\/vc_tta_accordion][\/vc_column][\/vc_row]<\/p>\n<\/div>","protected":false},"excerpt":{"rendered":"<p>[vc_row][vc_column][vc_single_image image=&#8221;1276&#8243;][\/vc_column][\/vc_row][vc_row][vc_column][vc_column_text]Si vous d\u00e9sirez vous impliquer dans les activit\u00e9s de la Biblioth\u00e8que Memphr\u00e9magog et souhaitez contribuer \u00e0 son rayonnement, consultez &hellip; <\/p>\n","protected":false},"author":8,"featured_media":640,"parent":104,"menu_order":0,"comment_status":"closed","ping_status":"closed","template":"","meta":{"_acf_changed":false,"footnotes":""},"tags":[],"class_list":["post-474","page","type-page","status-publish","hentry"],"acf":[],"yoast_head":"<!-- This site is optimized with the Yoast SEO plugin v27.4 - https:\/\/yoast.com\/product\/yoast-seo-wordpress\/ -->\n<title>B\u00e9n\u00e9volat - Bibliotheque<\/title>\n<meta name=\"robots\" content=\"index, follow, max-snippet:-1, max-image-preview:large, max-video-preview:-1\" \/>\n<link rel=\"canonical\" href=\"https:\/\/www.ville.magog.qc.ca\/bibliotheque\/activites\/benevolat\/\" \/>\n<meta property=\"og:locale\" content=\"fr_FR\" \/>\n<meta property=\"og:type\" content=\"article\" \/>\n<meta property=\"og:title\" content=\"B\u00e9n\u00e9volat - Bibliotheque\" \/>\n<meta property=\"og:description\" content=\"[vc_row][vc_column][vc_single_image image=&#8221;1276&#8243;][\/vc_column][\/vc_row][vc_row][vc_column][vc_column_text]Si vous d\u00e9sirez vous impliquer dans les activit\u00e9s de la Biblioth\u00e8que Memphr\u00e9magog et souhaitez contribuer \u00e0 son rayonnement, consultez &hellip;\" \/>\n<meta property=\"og:url\" content=\"https:\/\/www.ville.magog.qc.ca\/bibliotheque\/activites\/benevolat\/\" \/>\n<meta property=\"og:site_name\" content=\"Bibliotheque\" \/>\n<meta property=\"article:modified_time\" content=\"2023-03-29T17:34:40+00:00\" \/>\n<meta property=\"og:image\" content=\"https:\/\/www.ville.magog.qc.ca\/bibliotheque\/wp-content\/uploads\/2016\/03\/Bande_Section_Benevolat1.jpg\" \/>\n\t<meta property=\"og:image:width\" content=\"625\" \/>\n\t<meta property=\"og:image:height\" content=\"225\" \/>\n\t<meta property=\"og:image:type\" content=\"image\/jpeg\" \/>\n<meta name=\"twitter:card\" content=\"summary_large_image\" \/>\n<meta name=\"twitter:label1\" content=\"Dur\u00e9e de lecture estim\u00e9e\" \/>\n\t<meta name=\"twitter:data1\" content=\"1 minute\" \/>\n<script type=\"application\/ld+json\" class=\"yoast-schema-graph\">{\"@context\":\"https:\\\/\\\/schema.org\",\"@graph\":[{\"@type\":\"WebPage\",\"@id\":\"https:\\\/\\\/www.ville.magog.qc.ca\\\/bibliotheque\\\/activites\\\/benevolat\\\/\",\"url\":\"https:\\\/\\\/www.ville.magog.qc.ca\\\/bibliotheque\\\/activites\\\/benevolat\\\/\",\"name\":\"B\u00e9n\u00e9volat - Bibliotheque\",\"isPartOf\":{\"@id\":\"https:\\\/\\\/www.ville.magog.qc.ca\\\/bibliotheque\\\/#website\"},\"primaryImageOfPage\":{\"@id\":\"https:\\\/\\\/www.ville.magog.qc.ca\\\/bibliotheque\\\/activites\\\/benevolat\\\/#primaryimage\"},\"image\":{\"@id\":\"https:\\\/\\\/www.ville.magog.qc.ca\\\/bibliotheque\\\/activites\\\/benevolat\\\/#primaryimage\"},\"thumbnailUrl\":\"https:\\\/\\\/www.ville.magog.qc.ca\\\/bibliotheque\\\/wp-content\\\/uploads\\\/2016\\\/03\\\/Bande_Section_Benevolat1.jpg\",\"datePublished\":\"2016-03-23T17:31:42+00:00\",\"dateModified\":\"2023-03-29T17:34:40+00:00\",\"breadcrumb\":{\"@id\":\"https:\\\/\\\/www.ville.magog.qc.ca\\\/bibliotheque\\\/activites\\\/benevolat\\\/#breadcrumb\"},\"inLanguage\":\"fr-FR\",\"potentialAction\":[{\"@type\":\"ReadAction\",\"target\":[\"https:\\\/\\\/www.ville.magog.qc.ca\\\/bibliotheque\\\/activites\\\/benevolat\\\/\"]}]},{\"@type\":\"ImageObject\",\"inLanguage\":\"fr-FR\",\"@id\":\"https:\\\/\\\/www.ville.magog.qc.ca\\\/bibliotheque\\\/activites\\\/benevolat\\\/#primaryimage\",\"url\":\"https:\\\/\\\/www.ville.magog.qc.ca\\\/bibliotheque\\\/wp-content\\\/uploads\\\/2016\\\/03\\\/Bande_Section_Benevolat1.jpg\",\"contentUrl\":\"https:\\\/\\\/www.ville.magog.qc.ca\\\/bibliotheque\\\/wp-content\\\/uploads\\\/2016\\\/03\\\/Bande_Section_Benevolat1.jpg\",\"width\":625,\"height\":225},{\"@type\":\"BreadcrumbList\",\"@id\":\"https:\\\/\\\/www.ville.magog.qc.ca\\\/bibliotheque\\\/activites\\\/benevolat\\\/#breadcrumb\",\"itemListElement\":[{\"@type\":\"ListItem\",\"position\":1,\"name\":\"Home\",\"item\":\"https:\\\/\\\/www.ville.magog.qc.ca\\\/bibliotheque\\\/\"},{\"@type\":\"ListItem\",\"position\":2,\"name\":\"Activit\u00e9s, animations et ateliers\",\"item\":\"https:\\\/\\\/www.ville.magog.qc.ca\\\/bibliotheque\\\/activites\\\/\"},{\"@type\":\"ListItem\",\"position\":3,\"name\":\"B\u00e9n\u00e9volat\"}]},{\"@type\":\"WebSite\",\"@id\":\"https:\\\/\\\/www.ville.magog.qc.ca\\\/bibliotheque\\\/#website\",\"url\":\"https:\\\/\\\/www.ville.magog.qc.ca\\\/bibliotheque\\\/\",\"name\":\"Bibliotheque\",\"description\":\"Bibliotheque Magog\",\"potentialAction\":[{\"@type\":\"SearchAction\",\"target\":{\"@type\":\"EntryPoint\",\"urlTemplate\":\"https:\\\/\\\/www.ville.magog.qc.ca\\\/bibliotheque\\\/?s={search_term_string}\"},\"query-input\":{\"@type\":\"PropertyValueSpecification\",\"valueRequired\":true,\"valueName\":\"search_term_string\"}}],\"inLanguage\":\"fr-FR\"}]}<\/script>\n<!-- \/ Yoast SEO plugin. -->","yoast_head_json":{"title":"B\u00e9n\u00e9volat - Bibliotheque","robots":{"index":"index","follow":"follow","max-snippet":"max-snippet:-1","max-image-preview":"max-image-preview:large","max-video-preview":"max-video-preview:-1"},"canonical":"https:\/\/www.ville.magog.qc.ca\/bibliotheque\/activites\/benevolat\/","og_locale":"fr_FR","og_type":"article","og_title":"B\u00e9n\u00e9volat - Bibliotheque","og_description":"[vc_row][vc_column][vc_single_image image=&#8221;1276&#8243;][\/vc_column][\/vc_row][vc_row][vc_column][vc_column_text]Si vous d\u00e9sirez vous impliquer dans les activit\u00e9s de la Biblioth\u00e8que Memphr\u00e9magog et souhaitez contribuer \u00e0 son rayonnement, consultez &hellip;","og_url":"https:\/\/www.ville.magog.qc.ca\/bibliotheque\/activites\/benevolat\/","og_site_name":"Bibliotheque","article_modified_time":"2023-03-29T17:34:40+00:00","og_image":[{"width":625,"height":225,"url":"https:\/\/www.ville.magog.qc.ca\/bibliotheque\/wp-content\/uploads\/2016\/03\/Bande_Section_Benevolat1.jpg","type":"image\/jpeg"}],"twitter_card":"summary_large_image","twitter_misc":{"Dur\u00e9e de lecture estim\u00e9e":"1 minute"},"schema":{"@context":"https:\/\/schema.org","@graph":[{"@type":"WebPage","@id":"https:\/\/www.ville.magog.qc.ca\/bibliotheque\/activites\/benevolat\/","url":"https:\/\/www.ville.magog.qc.ca\/bibliotheque\/activites\/benevolat\/","name":"B\u00e9n\u00e9volat - Bibliotheque","isPartOf":{"@id":"https:\/\/www.ville.magog.qc.ca\/bibliotheque\/#website"},"primaryImageOfPage":{"@id":"https:\/\/www.ville.magog.qc.ca\/bibliotheque\/activites\/benevolat\/#primaryimage"},"image":{"@id":"https:\/\/www.ville.magog.qc.ca\/bibliotheque\/activites\/benevolat\/#primaryimage"},"thumbnailUrl":"https:\/\/www.ville.magog.qc.ca\/bibliotheque\/wp-content\/uploads\/2016\/03\/Bande_Section_Benevolat1.jpg","datePublished":"2016-03-23T17:31:42+00:00","dateModified":"2023-03-29T17:34:40+00:00","breadcrumb":{"@id":"https:\/\/www.ville.magog.qc.ca\/bibliotheque\/activites\/benevolat\/#breadcrumb"},"inLanguage":"fr-FR","potentialAction":[{"@type":"ReadAction","target":["https:\/\/www.ville.magog.qc.ca\/bibliotheque\/activites\/benevolat\/"]}]},{"@type":"ImageObject","inLanguage":"fr-FR","@id":"https:\/\/www.ville.magog.qc.ca\/bibliotheque\/activites\/benevolat\/#primaryimage","url":"https:\/\/www.ville.magog.qc.ca\/bibliotheque\/wp-content\/uploads\/2016\/03\/Bande_Section_Benevolat1.jpg","contentUrl":"https:\/\/www.ville.magog.qc.ca\/bibliotheque\/wp-content\/uploads\/2016\/03\/Bande_Section_Benevolat1.jpg","width":625,"height":225},{"@type":"BreadcrumbList","@id":"https:\/\/www.ville.magog.qc.ca\/bibliotheque\/activites\/benevolat\/#breadcrumb","itemListElement":[{"@type":"ListItem","position":1,"name":"Home","item":"https:\/\/www.ville.magog.qc.ca\/bibliotheque\/"},{"@type":"ListItem","position":2,"name":"Activit\u00e9s, animations et ateliers","item":"https:\/\/www.ville.magog.qc.ca\/bibliotheque\/activites\/"},{"@type":"ListItem","position":3,"name":"B\u00e9n\u00e9volat"}]},{"@type":"WebSite","@id":"https:\/\/www.ville.magog.qc.ca\/bibliotheque\/#website","url":"https:\/\/www.ville.magog.qc.ca\/bibliotheque\/","name":"Bibliotheque","description":"Bibliotheque Magog","potentialAction":[{"@type":"SearchAction","target":{"@type":"EntryPoint","urlTemplate":"https:\/\/www.ville.magog.qc.ca\/bibliotheque\/?s={search_term_string}"},"query-input":{"@type":"PropertyValueSpecification","valueRequired":true,"valueName":"search_term_string"}}],"inLanguage":"fr-FR"}]}},"_links":{"self":[{"href":"https:\/\/www.ville.magog.qc.ca\/bibliotheque\/wp-json\/wp\/v2\/pages\/474","targetHints":{"allow":["GET"]}}],"collection":[{"href":"https:\/\/www.ville.magog.qc.ca\/bibliotheque\/wp-json\/wp\/v2\/pages"}],"about":[{"href":"https:\/\/www.ville.magog.qc.ca\/bibliotheque\/wp-json\/wp\/v2\/types\/page"}],"author":[{"embeddable":true,"href":"https:\/\/www.ville.magog.qc.ca\/bibliotheque\/wp-json\/wp\/v2\/users\/8"}],"replies":[{"embeddable":true,"href":"https:\/\/www.ville.magog.qc.ca\/bibliotheque\/wp-json\/wp\/v2\/comments?post=474"}],"version-history":[{"count":17,"href":"https:\/\/www.ville.magog.qc.ca\/bibliotheque\/wp-json\/wp\/v2\/pages\/474\/revisions"}],"predecessor-version":[{"id":1811,"href":"https:\/\/www.ville.magog.qc.ca\/bibliotheque\/wp-json\/wp\/v2\/pages\/474\/revisions\/1811"}],"up":[{"embeddable":true,"href":"https:\/\/www.ville.magog.qc.ca\/bibliotheque\/wp-json\/wp\/v2\/pages\/104"}],"wp:featuredmedia":[{"embeddable":true,"href":"https:\/\/www.ville.magog.qc.ca\/bibliotheque\/wp-json\/wp\/v2\/media\/640"}],"wp:attachment":[{"href":"https:\/\/www.ville.magog.qc.ca\/bibliotheque\/wp-json\/wp\/v2\/media?parent=474"}],"wp:term":[{"taxonomy":"post_tag","embeddable":true,"href":"https:\/\/www.ville.magog.qc.ca\/bibliotheque\/wp-json\/wp\/v2\/tags?post=474"}],"curies":[{"name":"wp","href":"https:\/\/api.w.org\/{rel}","templated":true}]}}