{"id":46,"date":"2015-10-29T17:07:44","date_gmt":"2015-10-29T17:07:44","guid":{"rendered":"https:\/\/www.ville.magog.qc.ca\/bibliotheque\/?page_id=46"},"modified":"2023-03-29T09:15:07","modified_gmt":"2023-03-29T14:15:07","slug":"internet-et-postes-informatiques","status":"publish","type":"page","link":"https:\/\/www.ville.magog.qc.ca\/bibliotheque\/services-offerts\/internet-et-postes-informatiques\/","title":{"rendered":"Internet et postes informatiques"},"content":{"rendered":"<div class=\"wpb-content-wrapper\"><p>[vc_row][vc_column][vc_single_image image=&#8221;154&#8243;][\/vc_column][\/vc_row][vc_row][vc_column][vc_column_text]La Biblioth\u00e8que Memphr\u00e9magog dispose de plusieurs stations pour naviguer sur Internet ou acc\u00e9der \u00e0 des logiciels de bureautique : les postes informatiques sont situ\u00e9s au rez-de-chauss\u00e9e, \u00e0 la mezzanine et dans le laboratoire.<\/p>\n<p>Il est n\u00e9cessaire de se procurer un num\u00e9ro\u00a0d\u2019usager et un mot de passe au comptoir du pr\u00eat pour y avoir acc\u00e8s.<\/p>\n<p>Possibilit\u00e9 d\u2019utiliser des cl\u00e9s USB sur les postes informatiques (fournies par l\u2019usager). La Biblioth\u00e8que Memphr\u00e9magog n\u2019assume aucune responsabilit\u00e9 pour les fichiers qui pourraient \u00eatre perdus.<\/p>\n<p>Possibilit\u00e9 d&#8217;imprimer moyennant des frais d&#8217;impression.<\/p>\n<p>Il est demand\u00e9 de respecter le caract\u00e8re priv\u00e9 de l\u2019utilisation des ordinateurs en \u00e9vitant, par exemple, de se placer \u00e0 l\u2019arri\u00e8re des usagers en cours de session.<\/p>\n<p>Les postes informatiques de la biblioth\u00e8que sont destin\u00e9s \u00e0 un usage autonome.<\/p>\n<p>Note\u00a0: Il est formellement interdit d\u2019utiliser le r\u00e9seau Internet \u00e0 des fins illicites ou commerciales (sites \u00e0 caract\u00e8re sexuel, violence, propagande, vente et publicit\u00e9, propagation de virus, plagiat et non-respect des droits de reproduction).<\/p>\n<hr \/>\n<h4>Laboratoire informatique<\/h4>\n<p>Une salle ferm\u00e9e avec des postes informatiques et des tables de travail sont mis \u00e0 la disposition des abonn\u00e9s adultes de la biblioth\u00e8que pour faire des travaux d&#8217;\u00e9quipe, des appels, etc.[\/vc_column_text][\/vc_column][\/vc_row]<\/p>\n<\/div>","protected":false},"excerpt":{"rendered":"<p>[vc_row][vc_column][vc_single_image image=&#8221;154&#8243;][\/vc_column][\/vc_row][vc_row][vc_column][vc_column_text]La Biblioth\u00e8que Memphr\u00e9magog dispose de plusieurs stations pour naviguer sur Internet ou acc\u00e9der \u00e0 des logiciels de bureautique : &hellip; <\/p>\n","protected":false},"author":16,"featured_media":154,"parent":31,"menu_order":7,"comment_status":"closed","ping_status":"closed","template":"","meta":{"_acf_changed":false,"footnotes":""},"tags":[],"class_list":["post-46","page","type-page","status-publish","hentry"],"acf":[],"yoast_head":"<!-- This site is optimized with the Yoast SEO plugin v27.4 - https:\/\/yoast.com\/product\/yoast-seo-wordpress\/ -->\n<title>Internet et postes informatiques - Bibliotheque<\/title>\n<meta name=\"robots\" content=\"index, follow, max-snippet:-1, max-image-preview:large, max-video-preview:-1\" \/>\n<link rel=\"canonical\" href=\"https:\/\/www.ville.magog.qc.ca\/bibliotheque\/services-offerts\/internet-et-postes-informatiques\/\" \/>\n<meta property=\"og:locale\" content=\"fr_FR\" \/>\n<meta property=\"og:type\" content=\"article\" \/>\n<meta property=\"og:title\" content=\"Internet et postes informatiques - Bibliotheque\" \/>\n<meta property=\"og:description\" content=\"[vc_row][vc_column][vc_single_image image=&#8221;154&#8243;][\/vc_column][\/vc_row][vc_row][vc_column][vc_column_text]La Biblioth\u00e8que Memphr\u00e9magog dispose de plusieurs stations pour naviguer sur Internet ou acc\u00e9der \u00e0 des logiciels de bureautique : &hellip;\" \/>\n<meta property=\"og:url\" content=\"https:\/\/www.ville.magog.qc.ca\/bibliotheque\/services-offerts\/internet-et-postes-informatiques\/\" \/>\n<meta property=\"og:site_name\" content=\"Bibliotheque\" \/>\n<meta property=\"article:modified_time\" content=\"2023-03-29T14:15:07+00:00\" \/>\n<meta property=\"og:image\" content=\"https:\/\/www.ville.magog.qc.ca\/bibliotheque\/wp-content\/uploads\/2015\/10\/photo-internet-postes-informatiques.jpg\" \/>\n\t<meta property=\"og:image:width\" content=\"625\" \/>\n\t<meta property=\"og:image:height\" content=\"225\" \/>\n\t<meta property=\"og:image:type\" content=\"image\/jpeg\" \/>\n<meta name=\"twitter:card\" content=\"summary_large_image\" \/>\n<meta name=\"twitter:label1\" content=\"Dur\u00e9e de lecture estim\u00e9e\" \/>\n\t<meta name=\"twitter:data1\" content=\"1 minute\" \/>\n<script type=\"application\/ld+json\" class=\"yoast-schema-graph\">{\"@context\":\"https:\\\/\\\/schema.org\",\"@graph\":[{\"@type\":\"WebPage\",\"@id\":\"https:\\\/\\\/www.ville.magog.qc.ca\\\/bibliotheque\\\/services-offerts\\\/internet-et-postes-informatiques\\\/\",\"url\":\"https:\\\/\\\/www.ville.magog.qc.ca\\\/bibliotheque\\\/services-offerts\\\/internet-et-postes-informatiques\\\/\",\"name\":\"Internet et postes informatiques - Bibliotheque\",\"isPartOf\":{\"@id\":\"https:\\\/\\\/www.ville.magog.qc.ca\\\/bibliotheque\\\/#website\"},\"primaryImageOfPage\":{\"@id\":\"https:\\\/\\\/www.ville.magog.qc.ca\\\/bibliotheque\\\/services-offerts\\\/internet-et-postes-informatiques\\\/#primaryimage\"},\"image\":{\"@id\":\"https:\\\/\\\/www.ville.magog.qc.ca\\\/bibliotheque\\\/services-offerts\\\/internet-et-postes-informatiques\\\/#primaryimage\"},\"thumbnailUrl\":\"https:\\\/\\\/www.ville.magog.qc.ca\\\/bibliotheque\\\/wp-content\\\/uploads\\\/2015\\\/10\\\/photo-internet-postes-informatiques.jpg\",\"datePublished\":\"2015-10-29T17:07:44+00:00\",\"dateModified\":\"2023-03-29T14:15:07+00:00\",\"breadcrumb\":{\"@id\":\"https:\\\/\\\/www.ville.magog.qc.ca\\\/bibliotheque\\\/services-offerts\\\/internet-et-postes-informatiques\\\/#breadcrumb\"},\"inLanguage\":\"fr-FR\",\"potentialAction\":[{\"@type\":\"ReadAction\",\"target\":[\"https:\\\/\\\/www.ville.magog.qc.ca\\\/bibliotheque\\\/services-offerts\\\/internet-et-postes-informatiques\\\/\"]}]},{\"@type\":\"ImageObject\",\"inLanguage\":\"fr-FR\",\"@id\":\"https:\\\/\\\/www.ville.magog.qc.ca\\\/bibliotheque\\\/services-offerts\\\/internet-et-postes-informatiques\\\/#primaryimage\",\"url\":\"https:\\\/\\\/www.ville.magog.qc.ca\\\/bibliotheque\\\/wp-content\\\/uploads\\\/2015\\\/10\\\/photo-internet-postes-informatiques.jpg\",\"contentUrl\":\"https:\\\/\\\/www.ville.magog.qc.ca\\\/bibliotheque\\\/wp-content\\\/uploads\\\/2015\\\/10\\\/photo-internet-postes-informatiques.jpg\",\"width\":625,\"height\":225,\"caption\":\"internet et ordinateurs bibliotheque memphremagog\"},{\"@type\":\"BreadcrumbList\",\"@id\":\"https:\\\/\\\/www.ville.magog.qc.ca\\\/bibliotheque\\\/services-offerts\\\/internet-et-postes-informatiques\\\/#breadcrumb\",\"itemListElement\":[{\"@type\":\"ListItem\",\"position\":1,\"name\":\"Home\",\"item\":\"https:\\\/\\\/www.ville.magog.qc.ca\\\/bibliotheque\\\/\"},{\"@type\":\"ListItem\",\"position\":2,\"name\":\"Services offerts\",\"item\":\"https:\\\/\\\/www.ville.magog.qc.ca\\\/bibliotheque\\\/services-offerts\\\/\"},{\"@type\":\"ListItem\",\"position\":3,\"name\":\"Internet et postes informatiques\"}]},{\"@type\":\"WebSite\",\"@id\":\"https:\\\/\\\/www.ville.magog.qc.ca\\\/bibliotheque\\\/#website\",\"url\":\"https:\\\/\\\/www.ville.magog.qc.ca\\\/bibliotheque\\\/\",\"name\":\"Bibliotheque\",\"description\":\"Bibliotheque Magog\",\"potentialAction\":[{\"@type\":\"SearchAction\",\"target\":{\"@type\":\"EntryPoint\",\"urlTemplate\":\"https:\\\/\\\/www.ville.magog.qc.ca\\\/bibliotheque\\\/?s={search_term_string}\"},\"query-input\":{\"@type\":\"PropertyValueSpecification\",\"valueRequired\":true,\"valueName\":\"search_term_string\"}}],\"inLanguage\":\"fr-FR\"}]}<\/script>\n<!-- \/ Yoast SEO plugin. -->","yoast_head_json":{"title":"Internet et postes informatiques - Bibliotheque","robots":{"index":"index","follow":"follow","max-snippet":"max-snippet:-1","max-image-preview":"max-image-preview:large","max-video-preview":"max-video-preview:-1"},"canonical":"https:\/\/www.ville.magog.qc.ca\/bibliotheque\/services-offerts\/internet-et-postes-informatiques\/","og_locale":"fr_FR","og_type":"article","og_title":"Internet et postes informatiques - Bibliotheque","og_description":"[vc_row][vc_column][vc_single_image image=&#8221;154&#8243;][\/vc_column][\/vc_row][vc_row][vc_column][vc_column_text]La Biblioth\u00e8que Memphr\u00e9magog dispose de plusieurs stations pour naviguer sur Internet ou acc\u00e9der \u00e0 des logiciels de bureautique : &hellip;","og_url":"https:\/\/www.ville.magog.qc.ca\/bibliotheque\/services-offerts\/internet-et-postes-informatiques\/","og_site_name":"Bibliotheque","article_modified_time":"2023-03-29T14:15:07+00:00","og_image":[{"width":625,"height":225,"url":"https:\/\/www.ville.magog.qc.ca\/bibliotheque\/wp-content\/uploads\/2015\/10\/photo-internet-postes-informatiques.jpg","type":"image\/jpeg"}],"twitter_card":"summary_large_image","twitter_misc":{"Dur\u00e9e de lecture estim\u00e9e":"1 minute"},"schema":{"@context":"https:\/\/schema.org","@graph":[{"@type":"WebPage","@id":"https:\/\/www.ville.magog.qc.ca\/bibliotheque\/services-offerts\/internet-et-postes-informatiques\/","url":"https:\/\/www.ville.magog.qc.ca\/bibliotheque\/services-offerts\/internet-et-postes-informatiques\/","name":"Internet et postes informatiques - Bibliotheque","isPartOf":{"@id":"https:\/\/www.ville.magog.qc.ca\/bibliotheque\/#website"},"primaryImageOfPage":{"@id":"https:\/\/www.ville.magog.qc.ca\/bibliotheque\/services-offerts\/internet-et-postes-informatiques\/#primaryimage"},"image":{"@id":"https:\/\/www.ville.magog.qc.ca\/bibliotheque\/services-offerts\/internet-et-postes-informatiques\/#primaryimage"},"thumbnailUrl":"https:\/\/www.ville.magog.qc.ca\/bibliotheque\/wp-content\/uploads\/2015\/10\/photo-internet-postes-informatiques.jpg","datePublished":"2015-10-29T17:07:44+00:00","dateModified":"2023-03-29T14:15:07+00:00","breadcrumb":{"@id":"https:\/\/www.ville.magog.qc.ca\/bibliotheque\/services-offerts\/internet-et-postes-informatiques\/#breadcrumb"},"inLanguage":"fr-FR","potentialAction":[{"@type":"ReadAction","target":["https:\/\/www.ville.magog.qc.ca\/bibliotheque\/services-offerts\/internet-et-postes-informatiques\/"]}]},{"@type":"ImageObject","inLanguage":"fr-FR","@id":"https:\/\/www.ville.magog.qc.ca\/bibliotheque\/services-offerts\/internet-et-postes-informatiques\/#primaryimage","url":"https:\/\/www.ville.magog.qc.ca\/bibliotheque\/wp-content\/uploads\/2015\/10\/photo-internet-postes-informatiques.jpg","contentUrl":"https:\/\/www.ville.magog.qc.ca\/bibliotheque\/wp-content\/uploads\/2015\/10\/photo-internet-postes-informatiques.jpg","width":625,"height":225,"caption":"internet et ordinateurs bibliotheque memphremagog"},{"@type":"BreadcrumbList","@id":"https:\/\/www.ville.magog.qc.ca\/bibliotheque\/services-offerts\/internet-et-postes-informatiques\/#breadcrumb","itemListElement":[{"@type":"ListItem","position":1,"name":"Home","item":"https:\/\/www.ville.magog.qc.ca\/bibliotheque\/"},{"@type":"ListItem","position":2,"name":"Services offerts","item":"https:\/\/www.ville.magog.qc.ca\/bibliotheque\/services-offerts\/"},{"@type":"ListItem","position":3,"name":"Internet et postes informatiques"}]},{"@type":"WebSite","@id":"https:\/\/www.ville.magog.qc.ca\/bibliotheque\/#website","url":"https:\/\/www.ville.magog.qc.ca\/bibliotheque\/","name":"Bibliotheque","description":"Bibliotheque Magog","potentialAction":[{"@type":"SearchAction","target":{"@type":"EntryPoint","urlTemplate":"https:\/\/www.ville.magog.qc.ca\/bibliotheque\/?s={search_term_string}"},"query-input":{"@type":"PropertyValueSpecification","valueRequired":true,"valueName":"search_term_string"}}],"inLanguage":"fr-FR"}]}},"_links":{"self":[{"href":"https:\/\/www.ville.magog.qc.ca\/bibliotheque\/wp-json\/wp\/v2\/pages\/46","targetHints":{"allow":["GET"]}}],"collection":[{"href":"https:\/\/www.ville.magog.qc.ca\/bibliotheque\/wp-json\/wp\/v2\/pages"}],"about":[{"href":"https:\/\/www.ville.magog.qc.ca\/bibliotheque\/wp-json\/wp\/v2\/types\/page"}],"author":[{"embeddable":true,"href":"https:\/\/www.ville.magog.qc.ca\/bibliotheque\/wp-json\/wp\/v2\/users\/16"}],"replies":[{"embeddable":true,"href":"https:\/\/www.ville.magog.qc.ca\/bibliotheque\/wp-json\/wp\/v2\/comments?post=46"}],"version-history":[{"count":15,"href":"https:\/\/www.ville.magog.qc.ca\/bibliotheque\/wp-json\/wp\/v2\/pages\/46\/revisions"}],"predecessor-version":[{"id":1792,"href":"https:\/\/www.ville.magog.qc.ca\/bibliotheque\/wp-json\/wp\/v2\/pages\/46\/revisions\/1792"}],"up":[{"embeddable":true,"href":"https:\/\/www.ville.magog.qc.ca\/bibliotheque\/wp-json\/wp\/v2\/pages\/31"}],"wp:featuredmedia":[{"embeddable":true,"href":"https:\/\/www.ville.magog.qc.ca\/bibliotheque\/wp-json\/wp\/v2\/media\/154"}],"wp:attachment":[{"href":"https:\/\/www.ville.magog.qc.ca\/bibliotheque\/wp-json\/wp\/v2\/media?parent=46"}],"wp:term":[{"taxonomy":"post_tag","embeddable":true,"href":"https:\/\/www.ville.magog.qc.ca\/bibliotheque\/wp-json\/wp\/v2\/tags?post=46"}],"curies":[{"name":"wp","href":"https:\/\/api.w.org\/{rel}","templated":true}]}}