{"id":44,"date":"2019-01-22T08:00:21","date_gmt":"2019-01-22T12:00:21","guid":{"rendered":"https:\/\/www.ville.magog.qc.ca\/bibliotheque\/?page_id=44"},"modified":"2023-03-29T12:11:54","modified_gmt":"2023-03-29T17:11:54","slug":"audiovisuel","status":"publish","type":"page","link":"https:\/\/www.ville.magog.qc.ca\/bibliotheque\/services-offerts\/audiovisuel\/","title":{"rendered":"Audiovisuel"},"content":{"rendered":"<div class=\"wpb-content-wrapper\"><p>[vc_row][vc_column][vc_single_image image=&#8221;526&#8243;][\/vc_column][\/vc_row][vc_row][vc_column][vc_column_text]La Biblioth\u00e8que Memphr\u00e9magog met \u00e0 la disposition de ses abonn\u00e9s une grande diversit\u00e9 de livres audio et de livres sonores, de CD de musique et de films en format DVD ou Blu-ray. Les abonn\u00e9s peuvent emprunter ces documents pour une semaine. Les DVD peuvent \u00eatre visionn\u00e9s gratuitement dans le Colombier sur pr\u00e9sentation d&#8217;une carte d&#8217;abonn\u00e9 ou d&#8217;une pi\u00e8ce-d&#8217;identit\u00e9.<\/p>\n<ul>\n<li><strong>Films documentaires, de fiction et s\u00e9ries t\u00e9l\u00e9vis\u00e9es\u00a0<\/strong>(DVD ou Blu-ray)<\/li>\n<li><strong>Livres audio, livres sonores<\/strong><\/li>\n<li><strong>Musique (classique, jazz ou populaire)\u00a0<\/strong>(CD)<\/li>\n<\/ul>\n<p>[\/vc_column_text][vc_empty_space height=&#8221;16px&#8221;][vc_separator][\/vc_column][\/vc_row][vc_row][vc_column][vc_column_text]<\/p>\n<h4>Modalit\u00e9s d&#8217;emprunt (DVD)<\/h4>\n<p><strong>1 ou 2 DVD par coffret pour une dur\u00e9e de 7 jours<\/strong><\/p>\n<p><strong>3 DVD et plus par coffret pour une dur\u00e9e de 14 jours<\/strong><\/p>\n<p>Possibilit\u00e9 de renouveler l\u2019emprunt.<\/p>\n<p>Possibilit\u00e9 de r\u00e9server un DVD en ligne.[\/vc_column_text][vc_empty_space height=&#8221;16px&#8221;][vc_separator][\/vc_column][\/vc_row]<\/p>\n<\/div>","protected":false},"excerpt":{"rendered":"<p>[vc_row][vc_column][vc_single_image image=&#8221;526&#8243;][\/vc_column][\/vc_row][vc_row][vc_column][vc_column_text]La Biblioth\u00e8que Memphr\u00e9magog met \u00e0 la disposition de ses abonn\u00e9s une grande diversit\u00e9 de livres audio et de livres &hellip; <\/p>\n","protected":false},"author":16,"featured_media":546,"parent":31,"menu_order":6,"comment_status":"closed","ping_status":"closed","template":"","meta":{"_acf_changed":false,"footnotes":""},"tags":[],"class_list":["post-44","page","type-page","status-publish","hentry"],"acf":[],"yoast_head":"<!-- This site is optimized with the Yoast SEO plugin v27.4 - https:\/\/yoast.com\/product\/yoast-seo-wordpress\/ -->\n<title>Audiovisuel - Bibliotheque<\/title>\n<meta name=\"robots\" content=\"index, follow, max-snippet:-1, max-image-preview:large, max-video-preview:-1\" \/>\n<link rel=\"canonical\" href=\"https:\/\/www.ville.magog.qc.ca\/bibliotheque\/services-offerts\/audiovisuel\/\" \/>\n<meta property=\"og:locale\" content=\"fr_FR\" \/>\n<meta property=\"og:type\" content=\"article\" \/>\n<meta property=\"og:title\" content=\"Audiovisuel - Bibliotheque\" \/>\n<meta property=\"og:description\" content=\"[vc_row][vc_column][vc_single_image image=&#8221;526&#8243;][\/vc_column][\/vc_row][vc_row][vc_column][vc_column_text]La Biblioth\u00e8que Memphr\u00e9magog met \u00e0 la disposition de ses abonn\u00e9s une grande diversit\u00e9 de livres audio et de livres &hellip;\" \/>\n<meta property=\"og:url\" content=\"https:\/\/www.ville.magog.qc.ca\/bibliotheque\/services-offerts\/audiovisuel\/\" \/>\n<meta property=\"og:site_name\" content=\"Bibliotheque\" \/>\n<meta property=\"article:modified_time\" content=\"2023-03-29T17:11:54+00:00\" \/>\n<meta property=\"og:image\" content=\"https:\/\/www.ville.magog.qc.ca\/bibliotheque\/wp-content\/uploads\/2015\/10\/Audiovisuel.jpg\" \/>\n\t<meta property=\"og:image:width\" content=\"2000\" \/>\n\t<meta property=\"og:image:height\" content=\"1333\" \/>\n\t<meta property=\"og:image:type\" content=\"image\/jpeg\" \/>\n<meta name=\"twitter:card\" content=\"summary_large_image\" \/>\n<meta name=\"twitter:label1\" content=\"Dur\u00e9e de lecture estim\u00e9e\" \/>\n\t<meta name=\"twitter:data1\" content=\"1 minute\" \/>\n<script type=\"application\/ld+json\" class=\"yoast-schema-graph\">{\"@context\":\"https:\\\/\\\/schema.org\",\"@graph\":[{\"@type\":\"WebPage\",\"@id\":\"https:\\\/\\\/www.ville.magog.qc.ca\\\/bibliotheque\\\/services-offerts\\\/audiovisuel\\\/\",\"url\":\"https:\\\/\\\/www.ville.magog.qc.ca\\\/bibliotheque\\\/services-offerts\\\/audiovisuel\\\/\",\"name\":\"Audiovisuel - Bibliotheque\",\"isPartOf\":{\"@id\":\"https:\\\/\\\/www.ville.magog.qc.ca\\\/bibliotheque\\\/#website\"},\"primaryImageOfPage\":{\"@id\":\"https:\\\/\\\/www.ville.magog.qc.ca\\\/bibliotheque\\\/services-offerts\\\/audiovisuel\\\/#primaryimage\"},\"image\":{\"@id\":\"https:\\\/\\\/www.ville.magog.qc.ca\\\/bibliotheque\\\/services-offerts\\\/audiovisuel\\\/#primaryimage\"},\"thumbnailUrl\":\"https:\\\/\\\/www.ville.magog.qc.ca\\\/bibliotheque\\\/wp-content\\\/uploads\\\/2015\\\/10\\\/Audiovisuel.jpg\",\"datePublished\":\"2019-01-22T12:00:21+00:00\",\"dateModified\":\"2023-03-29T17:11:54+00:00\",\"breadcrumb\":{\"@id\":\"https:\\\/\\\/www.ville.magog.qc.ca\\\/bibliotheque\\\/services-offerts\\\/audiovisuel\\\/#breadcrumb\"},\"inLanguage\":\"fr-FR\",\"potentialAction\":[{\"@type\":\"ReadAction\",\"target\":[\"https:\\\/\\\/www.ville.magog.qc.ca\\\/bibliotheque\\\/services-offerts\\\/audiovisuel\\\/\"]}]},{\"@type\":\"ImageObject\",\"inLanguage\":\"fr-FR\",\"@id\":\"https:\\\/\\\/www.ville.magog.qc.ca\\\/bibliotheque\\\/services-offerts\\\/audiovisuel\\\/#primaryimage\",\"url\":\"https:\\\/\\\/www.ville.magog.qc.ca\\\/bibliotheque\\\/wp-content\\\/uploads\\\/2015\\\/10\\\/Audiovisuel.jpg\",\"contentUrl\":\"https:\\\/\\\/www.ville.magog.qc.ca\\\/bibliotheque\\\/wp-content\\\/uploads\\\/2015\\\/10\\\/Audiovisuel.jpg\",\"width\":2000,\"height\":1333},{\"@type\":\"BreadcrumbList\",\"@id\":\"https:\\\/\\\/www.ville.magog.qc.ca\\\/bibliotheque\\\/services-offerts\\\/audiovisuel\\\/#breadcrumb\",\"itemListElement\":[{\"@type\":\"ListItem\",\"position\":1,\"name\":\"Home\",\"item\":\"https:\\\/\\\/www.ville.magog.qc.ca\\\/bibliotheque\\\/\"},{\"@type\":\"ListItem\",\"position\":2,\"name\":\"Services offerts\",\"item\":\"https:\\\/\\\/www.ville.magog.qc.ca\\\/bibliotheque\\\/services-offerts\\\/\"},{\"@type\":\"ListItem\",\"position\":3,\"name\":\"Audiovisuel\"}]},{\"@type\":\"WebSite\",\"@id\":\"https:\\\/\\\/www.ville.magog.qc.ca\\\/bibliotheque\\\/#website\",\"url\":\"https:\\\/\\\/www.ville.magog.qc.ca\\\/bibliotheque\\\/\",\"name\":\"Bibliotheque\",\"description\":\"Bibliotheque Magog\",\"potentialAction\":[{\"@type\":\"SearchAction\",\"target\":{\"@type\":\"EntryPoint\",\"urlTemplate\":\"https:\\\/\\\/www.ville.magog.qc.ca\\\/bibliotheque\\\/?s={search_term_string}\"},\"query-input\":{\"@type\":\"PropertyValueSpecification\",\"valueRequired\":true,\"valueName\":\"search_term_string\"}}],\"inLanguage\":\"fr-FR\"}]}<\/script>\n<!-- \/ Yoast SEO plugin. -->","yoast_head_json":{"title":"Audiovisuel - Bibliotheque","robots":{"index":"index","follow":"follow","max-snippet":"max-snippet:-1","max-image-preview":"max-image-preview:large","max-video-preview":"max-video-preview:-1"},"canonical":"https:\/\/www.ville.magog.qc.ca\/bibliotheque\/services-offerts\/audiovisuel\/","og_locale":"fr_FR","og_type":"article","og_title":"Audiovisuel - Bibliotheque","og_description":"[vc_row][vc_column][vc_single_image image=&#8221;526&#8243;][\/vc_column][\/vc_row][vc_row][vc_column][vc_column_text]La Biblioth\u00e8que Memphr\u00e9magog met \u00e0 la disposition de ses abonn\u00e9s une grande diversit\u00e9 de livres audio et de livres &hellip;","og_url":"https:\/\/www.ville.magog.qc.ca\/bibliotheque\/services-offerts\/audiovisuel\/","og_site_name":"Bibliotheque","article_modified_time":"2023-03-29T17:11:54+00:00","og_image":[{"width":2000,"height":1333,"url":"https:\/\/www.ville.magog.qc.ca\/bibliotheque\/wp-content\/uploads\/2015\/10\/Audiovisuel.jpg","type":"image\/jpeg"}],"twitter_card":"summary_large_image","twitter_misc":{"Dur\u00e9e de lecture estim\u00e9e":"1 minute"},"schema":{"@context":"https:\/\/schema.org","@graph":[{"@type":"WebPage","@id":"https:\/\/www.ville.magog.qc.ca\/bibliotheque\/services-offerts\/audiovisuel\/","url":"https:\/\/www.ville.magog.qc.ca\/bibliotheque\/services-offerts\/audiovisuel\/","name":"Audiovisuel - Bibliotheque","isPartOf":{"@id":"https:\/\/www.ville.magog.qc.ca\/bibliotheque\/#website"},"primaryImageOfPage":{"@id":"https:\/\/www.ville.magog.qc.ca\/bibliotheque\/services-offerts\/audiovisuel\/#primaryimage"},"image":{"@id":"https:\/\/www.ville.magog.qc.ca\/bibliotheque\/services-offerts\/audiovisuel\/#primaryimage"},"thumbnailUrl":"https:\/\/www.ville.magog.qc.ca\/bibliotheque\/wp-content\/uploads\/2015\/10\/Audiovisuel.jpg","datePublished":"2019-01-22T12:00:21+00:00","dateModified":"2023-03-29T17:11:54+00:00","breadcrumb":{"@id":"https:\/\/www.ville.magog.qc.ca\/bibliotheque\/services-offerts\/audiovisuel\/#breadcrumb"},"inLanguage":"fr-FR","potentialAction":[{"@type":"ReadAction","target":["https:\/\/www.ville.magog.qc.ca\/bibliotheque\/services-offerts\/audiovisuel\/"]}]},{"@type":"ImageObject","inLanguage":"fr-FR","@id":"https:\/\/www.ville.magog.qc.ca\/bibliotheque\/services-offerts\/audiovisuel\/#primaryimage","url":"https:\/\/www.ville.magog.qc.ca\/bibliotheque\/wp-content\/uploads\/2015\/10\/Audiovisuel.jpg","contentUrl":"https:\/\/www.ville.magog.qc.ca\/bibliotheque\/wp-content\/uploads\/2015\/10\/Audiovisuel.jpg","width":2000,"height":1333},{"@type":"BreadcrumbList","@id":"https:\/\/www.ville.magog.qc.ca\/bibliotheque\/services-offerts\/audiovisuel\/#breadcrumb","itemListElement":[{"@type":"ListItem","position":1,"name":"Home","item":"https:\/\/www.ville.magog.qc.ca\/bibliotheque\/"},{"@type":"ListItem","position":2,"name":"Services offerts","item":"https:\/\/www.ville.magog.qc.ca\/bibliotheque\/services-offerts\/"},{"@type":"ListItem","position":3,"name":"Audiovisuel"}]},{"@type":"WebSite","@id":"https:\/\/www.ville.magog.qc.ca\/bibliotheque\/#website","url":"https:\/\/www.ville.magog.qc.ca\/bibliotheque\/","name":"Bibliotheque","description":"Bibliotheque Magog","potentialAction":[{"@type":"SearchAction","target":{"@type":"EntryPoint","urlTemplate":"https:\/\/www.ville.magog.qc.ca\/bibliotheque\/?s={search_term_string}"},"query-input":{"@type":"PropertyValueSpecification","valueRequired":true,"valueName":"search_term_string"}}],"inLanguage":"fr-FR"}]}},"_links":{"self":[{"href":"https:\/\/www.ville.magog.qc.ca\/bibliotheque\/wp-json\/wp\/v2\/pages\/44","targetHints":{"allow":["GET"]}}],"collection":[{"href":"https:\/\/www.ville.magog.qc.ca\/bibliotheque\/wp-json\/wp\/v2\/pages"}],"about":[{"href":"https:\/\/www.ville.magog.qc.ca\/bibliotheque\/wp-json\/wp\/v2\/types\/page"}],"author":[{"embeddable":true,"href":"https:\/\/www.ville.magog.qc.ca\/bibliotheque\/wp-json\/wp\/v2\/users\/16"}],"replies":[{"embeddable":true,"href":"https:\/\/www.ville.magog.qc.ca\/bibliotheque\/wp-json\/wp\/v2\/comments?post=44"}],"version-history":[{"count":32,"href":"https:\/\/www.ville.magog.qc.ca\/bibliotheque\/wp-json\/wp\/v2\/pages\/44\/revisions"}],"predecessor-version":[{"id":1802,"href":"https:\/\/www.ville.magog.qc.ca\/bibliotheque\/wp-json\/wp\/v2\/pages\/44\/revisions\/1802"}],"up":[{"embeddable":true,"href":"https:\/\/www.ville.magog.qc.ca\/bibliotheque\/wp-json\/wp\/v2\/pages\/31"}],"wp:featuredmedia":[{"embeddable":true,"href":"https:\/\/www.ville.magog.qc.ca\/bibliotheque\/wp-json\/wp\/v2\/media\/546"}],"wp:attachment":[{"href":"https:\/\/www.ville.magog.qc.ca\/bibliotheque\/wp-json\/wp\/v2\/media?parent=44"}],"wp:term":[{"taxonomy":"post_tag","embeddable":true,"href":"https:\/\/www.ville.magog.qc.ca\/bibliotheque\/wp-json\/wp\/v2\/tags?post=44"}],"curies":[{"name":"wp","href":"https:\/\/api.w.org\/{rel}","templated":true}]}}