{"id":34,"date":"2015-10-29T16:05:53","date_gmt":"2015-10-29T16:05:53","guid":{"rendered":"https:\/\/www.ville.magog.qc.ca\/bibliotheque\/?page_id=34"},"modified":"2023-03-29T12:13:00","modified_gmt":"2023-03-29T17:13:00","slug":"collections-generales","status":"publish","type":"page","link":"https:\/\/www.ville.magog.qc.ca\/bibliotheque\/services-offerts\/collections-generales\/","title":{"rendered":"Collections g\u00e9n\u00e9rales"},"content":{"rendered":"<div class=\"wpb-content-wrapper\"><p>[vc_row][vc_column][vc_single_image image=&#8221;552&#8243;][\/vc_column][\/vc_row][vc_row][vc_column][vc_column_text]La Biblioth\u00e8que Memphr\u00e9magog d\u00e9veloppe une collection g\u00e9n\u00e9rale en fran\u00e7ais. On y retrouve aussi une collection importante de livres en anglais et une petite collection en espagnol.[\/vc_column_text][vc_empty_space height=&#8221;15px&#8221;]<a href=\"https:\/\/www.ville.magog.qc.ca\/bibliotheque\/wp-content\/uploads\/2015\/10\/Politique-de-d\u00e9veloppement-des-collections-Biblioth\u00e8que-Memphr\u00e9magog-novembre-2016.pdf\" class=\"mdl-button mdl-js-button mdl-js-ripple-effect btn btn- btn-file mdl-button--raised mdl-button--accent\">Consulter la Politique de d\u00e9veloppement des collections <\/a>[vc_column_text]<\/p>\n<hr \/>\n<h4>Collection pour adultes et adolescents*<\/h4>\n<ul>\n<li>Litt\u00e9rature ** (roman, nouvelle, bande-dessin\u00e9e, po\u00e9sie, th\u00e9\u00e2tre)<\/li>\n<li>Documentaires ***<\/li>\n<li>P\u00e9riodiques et journaux<\/li>\n<li>Audiovisuel (DVD, livres sonores, livres audio, m\u00e9thodes de langues)<\/li>\n<\/ul>\n<p>*La collection pour adultes \u00e0 l&#8217;\u00e9tage mezzanine est r\u00e9serv\u00e9e aux adultes, \u00e0 moins d&#8217;un consentement d&#8217;un parent ou tuteur pour un jeune de moins de 12 ans non accompagn\u00e9.<\/p>\n<hr \/>\n<h4>Collection jeunesse<\/h4>\n<ul>\n<li>Romans, albums, contes, bandes dessin\u00e9es et Mangas<\/li>\n<li>Documentaires<\/li>\n<li>P\u00e9riodiques<\/li>\n<li>Audiovisuel (DVD, livres sonores, livres audio)<\/li>\n<li>Jeux de soci\u00e9t\u00e9<\/li>\n<\/ul>\n<p>** Litt\u00e9rature qu\u00e9b\u00e9coise et \u00e9trang\u00e8re (fran\u00e7aise, anglaise et espagnole), \u0153uvres en gros caract\u00e8res.<\/p>\n<p>*** Collections g\u00e9n\u00e9rales sur tous les sujets et collections sp\u00e9cialis\u00e9es (patrimoine b\u00e2ti, histoire locale, etc.).[\/vc_column_text][\/vc_column][\/vc_row]<\/p>\n<\/div>","protected":false},"excerpt":{"rendered":"<p>[vc_row][vc_column][vc_single_image image=&#8221;552&#8243;][\/vc_column][\/vc_row][vc_row][vc_column][vc_column_text]La Biblioth\u00e8que Memphr\u00e9magog d\u00e9veloppe une collection g\u00e9n\u00e9rale en fran\u00e7ais. On y retrouve aussi une collection importante de livres en &hellip; <\/p>\n","protected":false},"author":16,"featured_media":77,"parent":31,"menu_order":1,"comment_status":"closed","ping_status":"closed","template":"","meta":{"_acf_changed":false,"footnotes":""},"tags":[],"class_list":["post-34","page","type-page","status-publish","hentry"],"acf":[],"yoast_head":"<!-- This site is optimized with the Yoast SEO plugin v27.4 - https:\/\/yoast.com\/product\/yoast-seo-wordpress\/ -->\n<title>Collections g\u00e9n\u00e9rales - Bibliotheque<\/title>\n<meta name=\"robots\" content=\"index, follow, max-snippet:-1, max-image-preview:large, max-video-preview:-1\" \/>\n<link rel=\"canonical\" href=\"https:\/\/www.ville.magog.qc.ca\/bibliotheque\/services-offerts\/collections-generales\/\" \/>\n<meta property=\"og:locale\" content=\"fr_FR\" \/>\n<meta property=\"og:type\" content=\"article\" \/>\n<meta property=\"og:title\" content=\"Collections g\u00e9n\u00e9rales - Bibliotheque\" \/>\n<meta property=\"og:description\" content=\"[vc_row][vc_column][vc_single_image image=&#8221;552&#8243;][\/vc_column][\/vc_row][vc_row][vc_column][vc_column_text]La Biblioth\u00e8que Memphr\u00e9magog d\u00e9veloppe une collection g\u00e9n\u00e9rale en fran\u00e7ais. On y retrouve aussi une collection importante de livres en &hellip;\" \/>\n<meta property=\"og:url\" content=\"https:\/\/www.ville.magog.qc.ca\/bibliotheque\/services-offerts\/collections-generales\/\" \/>\n<meta property=\"og:site_name\" content=\"Bibliotheque\" \/>\n<meta property=\"article:modified_time\" content=\"2023-03-29T17:13:00+00:00\" \/>\n<meta property=\"og:image\" content=\"https:\/\/www.ville.magog.qc.ca\/bibliotheque\/wp-content\/uploads\/2015\/10\/photo-retards-bris-pertes.jpg\" \/>\n\t<meta property=\"og:image:width\" content=\"625\" \/>\n\t<meta property=\"og:image:height\" content=\"225\" \/>\n\t<meta property=\"og:image:type\" content=\"image\/jpeg\" \/>\n<meta name=\"twitter:card\" content=\"summary_large_image\" \/>\n<meta name=\"twitter:label1\" content=\"Dur\u00e9e de lecture estim\u00e9e\" \/>\n\t<meta name=\"twitter:data1\" content=\"1 minute\" \/>\n<script type=\"application\/ld+json\" class=\"yoast-schema-graph\">{\"@context\":\"https:\\\/\\\/schema.org\",\"@graph\":[{\"@type\":\"WebPage\",\"@id\":\"https:\\\/\\\/www.ville.magog.qc.ca\\\/bibliotheque\\\/services-offerts\\\/collections-generales\\\/\",\"url\":\"https:\\\/\\\/www.ville.magog.qc.ca\\\/bibliotheque\\\/services-offerts\\\/collections-generales\\\/\",\"name\":\"Collections g\u00e9n\u00e9rales - Bibliotheque\",\"isPartOf\":{\"@id\":\"https:\\\/\\\/www.ville.magog.qc.ca\\\/bibliotheque\\\/#website\"},\"primaryImageOfPage\":{\"@id\":\"https:\\\/\\\/www.ville.magog.qc.ca\\\/bibliotheque\\\/services-offerts\\\/collections-generales\\\/#primaryimage\"},\"image\":{\"@id\":\"https:\\\/\\\/www.ville.magog.qc.ca\\\/bibliotheque\\\/services-offerts\\\/collections-generales\\\/#primaryimage\"},\"thumbnailUrl\":\"https:\\\/\\\/www.ville.magog.qc.ca\\\/bibliotheque\\\/wp-content\\\/uploads\\\/2015\\\/10\\\/photo-retards-bris-pertes.jpg\",\"datePublished\":\"2015-10-29T16:05:53+00:00\",\"dateModified\":\"2023-03-29T17:13:00+00:00\",\"breadcrumb\":{\"@id\":\"https:\\\/\\\/www.ville.magog.qc.ca\\\/bibliotheque\\\/services-offerts\\\/collections-generales\\\/#breadcrumb\"},\"inLanguage\":\"fr-FR\",\"potentialAction\":[{\"@type\":\"ReadAction\",\"target\":[\"https:\\\/\\\/www.ville.magog.qc.ca\\\/bibliotheque\\\/services-offerts\\\/collections-generales\\\/\"]}]},{\"@type\":\"ImageObject\",\"inLanguage\":\"fr-FR\",\"@id\":\"https:\\\/\\\/www.ville.magog.qc.ca\\\/bibliotheque\\\/services-offerts\\\/collections-generales\\\/#primaryimage\",\"url\":\"https:\\\/\\\/www.ville.magog.qc.ca\\\/bibliotheque\\\/wp-content\\\/uploads\\\/2015\\\/10\\\/photo-retards-bris-pertes.jpg\",\"contentUrl\":\"https:\\\/\\\/www.ville.magog.qc.ca\\\/bibliotheque\\\/wp-content\\\/uploads\\\/2015\\\/10\\\/photo-retards-bris-pertes.jpg\",\"width\":625,\"height\":225,\"caption\":\"bibliotheque memphremagog\"},{\"@type\":\"BreadcrumbList\",\"@id\":\"https:\\\/\\\/www.ville.magog.qc.ca\\\/bibliotheque\\\/services-offerts\\\/collections-generales\\\/#breadcrumb\",\"itemListElement\":[{\"@type\":\"ListItem\",\"position\":1,\"name\":\"Home\",\"item\":\"https:\\\/\\\/www.ville.magog.qc.ca\\\/bibliotheque\\\/\"},{\"@type\":\"ListItem\",\"position\":2,\"name\":\"Services offerts\",\"item\":\"https:\\\/\\\/www.ville.magog.qc.ca\\\/bibliotheque\\\/services-offerts\\\/\"},{\"@type\":\"ListItem\",\"position\":3,\"name\":\"Collections g\u00e9n\u00e9rales\"}]},{\"@type\":\"WebSite\",\"@id\":\"https:\\\/\\\/www.ville.magog.qc.ca\\\/bibliotheque\\\/#website\",\"url\":\"https:\\\/\\\/www.ville.magog.qc.ca\\\/bibliotheque\\\/\",\"name\":\"Bibliotheque\",\"description\":\"Bibliotheque Magog\",\"potentialAction\":[{\"@type\":\"SearchAction\",\"target\":{\"@type\":\"EntryPoint\",\"urlTemplate\":\"https:\\\/\\\/www.ville.magog.qc.ca\\\/bibliotheque\\\/?s={search_term_string}\"},\"query-input\":{\"@type\":\"PropertyValueSpecification\",\"valueRequired\":true,\"valueName\":\"search_term_string\"}}],\"inLanguage\":\"fr-FR\"}]}<\/script>\n<!-- \/ Yoast SEO plugin. -->","yoast_head_json":{"title":"Collections g\u00e9n\u00e9rales - Bibliotheque","robots":{"index":"index","follow":"follow","max-snippet":"max-snippet:-1","max-image-preview":"max-image-preview:large","max-video-preview":"max-video-preview:-1"},"canonical":"https:\/\/www.ville.magog.qc.ca\/bibliotheque\/services-offerts\/collections-generales\/","og_locale":"fr_FR","og_type":"article","og_title":"Collections g\u00e9n\u00e9rales - Bibliotheque","og_description":"[vc_row][vc_column][vc_single_image image=&#8221;552&#8243;][\/vc_column][\/vc_row][vc_row][vc_column][vc_column_text]La Biblioth\u00e8que Memphr\u00e9magog d\u00e9veloppe une collection g\u00e9n\u00e9rale en fran\u00e7ais. On y retrouve aussi une collection importante de livres en &hellip;","og_url":"https:\/\/www.ville.magog.qc.ca\/bibliotheque\/services-offerts\/collections-generales\/","og_site_name":"Bibliotheque","article_modified_time":"2023-03-29T17:13:00+00:00","og_image":[{"width":625,"height":225,"url":"https:\/\/www.ville.magog.qc.ca\/bibliotheque\/wp-content\/uploads\/2015\/10\/photo-retards-bris-pertes.jpg","type":"image\/jpeg"}],"twitter_card":"summary_large_image","twitter_misc":{"Dur\u00e9e de lecture estim\u00e9e":"1 minute"},"schema":{"@context":"https:\/\/schema.org","@graph":[{"@type":"WebPage","@id":"https:\/\/www.ville.magog.qc.ca\/bibliotheque\/services-offerts\/collections-generales\/","url":"https:\/\/www.ville.magog.qc.ca\/bibliotheque\/services-offerts\/collections-generales\/","name":"Collections g\u00e9n\u00e9rales - Bibliotheque","isPartOf":{"@id":"https:\/\/www.ville.magog.qc.ca\/bibliotheque\/#website"},"primaryImageOfPage":{"@id":"https:\/\/www.ville.magog.qc.ca\/bibliotheque\/services-offerts\/collections-generales\/#primaryimage"},"image":{"@id":"https:\/\/www.ville.magog.qc.ca\/bibliotheque\/services-offerts\/collections-generales\/#primaryimage"},"thumbnailUrl":"https:\/\/www.ville.magog.qc.ca\/bibliotheque\/wp-content\/uploads\/2015\/10\/photo-retards-bris-pertes.jpg","datePublished":"2015-10-29T16:05:53+00:00","dateModified":"2023-03-29T17:13:00+00:00","breadcrumb":{"@id":"https:\/\/www.ville.magog.qc.ca\/bibliotheque\/services-offerts\/collections-generales\/#breadcrumb"},"inLanguage":"fr-FR","potentialAction":[{"@type":"ReadAction","target":["https:\/\/www.ville.magog.qc.ca\/bibliotheque\/services-offerts\/collections-generales\/"]}]},{"@type":"ImageObject","inLanguage":"fr-FR","@id":"https:\/\/www.ville.magog.qc.ca\/bibliotheque\/services-offerts\/collections-generales\/#primaryimage","url":"https:\/\/www.ville.magog.qc.ca\/bibliotheque\/wp-content\/uploads\/2015\/10\/photo-retards-bris-pertes.jpg","contentUrl":"https:\/\/www.ville.magog.qc.ca\/bibliotheque\/wp-content\/uploads\/2015\/10\/photo-retards-bris-pertes.jpg","width":625,"height":225,"caption":"bibliotheque memphremagog"},{"@type":"BreadcrumbList","@id":"https:\/\/www.ville.magog.qc.ca\/bibliotheque\/services-offerts\/collections-generales\/#breadcrumb","itemListElement":[{"@type":"ListItem","position":1,"name":"Home","item":"https:\/\/www.ville.magog.qc.ca\/bibliotheque\/"},{"@type":"ListItem","position":2,"name":"Services offerts","item":"https:\/\/www.ville.magog.qc.ca\/bibliotheque\/services-offerts\/"},{"@type":"ListItem","position":3,"name":"Collections g\u00e9n\u00e9rales"}]},{"@type":"WebSite","@id":"https:\/\/www.ville.magog.qc.ca\/bibliotheque\/#website","url":"https:\/\/www.ville.magog.qc.ca\/bibliotheque\/","name":"Bibliotheque","description":"Bibliotheque Magog","potentialAction":[{"@type":"SearchAction","target":{"@type":"EntryPoint","urlTemplate":"https:\/\/www.ville.magog.qc.ca\/bibliotheque\/?s={search_term_string}"},"query-input":{"@type":"PropertyValueSpecification","valueRequired":true,"valueName":"search_term_string"}}],"inLanguage":"fr-FR"}]}},"_links":{"self":[{"href":"https:\/\/www.ville.magog.qc.ca\/bibliotheque\/wp-json\/wp\/v2\/pages\/34","targetHints":{"allow":["GET"]}}],"collection":[{"href":"https:\/\/www.ville.magog.qc.ca\/bibliotheque\/wp-json\/wp\/v2\/pages"}],"about":[{"href":"https:\/\/www.ville.magog.qc.ca\/bibliotheque\/wp-json\/wp\/v2\/types\/page"}],"author":[{"embeddable":true,"href":"https:\/\/www.ville.magog.qc.ca\/bibliotheque\/wp-json\/wp\/v2\/users\/16"}],"replies":[{"embeddable":true,"href":"https:\/\/www.ville.magog.qc.ca\/bibliotheque\/wp-json\/wp\/v2\/comments?post=34"}],"version-history":[{"count":17,"href":"https:\/\/www.ville.magog.qc.ca\/bibliotheque\/wp-json\/wp\/v2\/pages\/34\/revisions"}],"predecessor-version":[{"id":1803,"href":"https:\/\/www.ville.magog.qc.ca\/bibliotheque\/wp-json\/wp\/v2\/pages\/34\/revisions\/1803"}],"up":[{"embeddable":true,"href":"https:\/\/www.ville.magog.qc.ca\/bibliotheque\/wp-json\/wp\/v2\/pages\/31"}],"wp:featuredmedia":[{"embeddable":true,"href":"https:\/\/www.ville.magog.qc.ca\/bibliotheque\/wp-json\/wp\/v2\/media\/77"}],"wp:attachment":[{"href":"https:\/\/www.ville.magog.qc.ca\/bibliotheque\/wp-json\/wp\/v2\/media?parent=34"}],"wp:term":[{"taxonomy":"post_tag","embeddable":true,"href":"https:\/\/www.ville.magog.qc.ca\/bibliotheque\/wp-json\/wp\/v2\/tags?post=34"}],"curies":[{"name":"wp","href":"https:\/\/api.w.org\/{rel}","templated":true}]}}