{"id":2053,"date":"2024-01-23T09:18:51","date_gmt":"2024-01-23T14:18:51","guid":{"rendered":"https:\/\/www.ville.magog.qc.ca\/bibliotheque\/?page_id=2053"},"modified":"2025-12-22T10:31:16","modified_gmt":"2025-12-22T15:31:16","slug":"activites-pour-les-adultes","status":"publish","type":"page","link":"https:\/\/www.ville.magog.qc.ca\/bibliotheque\/activites\/activites-pour-les-adultes\/","title":{"rendered":"Activit\u00e9s pour les adultes"},"content":{"rendered":"<div class=\"wpb-content-wrapper\"><p>[vc_row][vc_column][vc_single_image image=&#8221;2330&#8243; css=&#8221;&#8221;][\/vc_column][\/vc_row][vc_row][vc_column][vc_column_text css=&#8221;&#8221;]La Biblioth\u00e8que Memphr\u00e9magog vous invite \u00e0 participer \u00e0 diff\u00e9rentes activit\u00e9s pour les adultes.[\/vc_column_text]<a href=\"https:\/\/www.ville.magog.qc.ca\/culture-sports-communaute\/magog-sanime\/\" target=\"_blank\"class=\"mdl-button mdl-js-button mdl-js-ripple-effect btn btn- mdl-button--raised mdl-button--accent\">Consulter la programmation Magog s'anime <\/a>[vc_empty_space height=&#8221;16px&#8221;][vc_column_text css=&#8221;&#8221;]Biblioth\u00e8que Memphr\u00e9magog &#8211; Salle Kathleen-Milne<br \/>\nToutes les activit\u00e9s sont gratuites<br \/>\nR\u00e9servation en ligne requise : <a href=\"https:\/\/magogculture.tuxedobillet.com\/\" target=\"_blank\" rel=\"noopener\">ville.magog.qc.ca\/billets<\/a><br \/>\nEn savoir plus\u00a0: 819-843-1330 poste 899[\/vc_column_text][vc_empty_space][\/vc_column][\/vc_row][vc_row][vc_column][\/vc_column][\/vc_row]<\/p>\n<\/div>","protected":false},"excerpt":{"rendered":"<p>[vc_row][vc_column][vc_single_image image=&#8221;2330&#8243; css=&#8221;&#8221;][\/vc_column][\/vc_row][vc_row][vc_column][vc_column_text css=&#8221;&#8221;]La Biblioth\u00e8que Memphr\u00e9magog vous invite \u00e0 participer \u00e0 diff\u00e9rentes activit\u00e9s pour les adultes.[\/vc_column_text][vc_empty_space height=&#8221;16px&#8221;][vc_column_text css=&#8221;&#8221;]Biblioth\u00e8que Memphr\u00e9magog &#8211; &hellip; <\/p>\n","protected":false},"author":7,"featured_media":2330,"parent":104,"menu_order":8,"comment_status":"closed","ping_status":"closed","template":"","meta":{"_acf_changed":false,"footnotes":""},"tags":[],"class_list":["post-2053","page","type-page","status-publish","hentry"],"acf":[],"yoast_head":"<!-- This site is optimized with the Yoast SEO plugin v27.4 - https:\/\/yoast.com\/product\/yoast-seo-wordpress\/ -->\n<title>Activit\u00e9s pour les adultes \u00e0 la Biblioth\u00e8que Memphr\u00e9magog<\/title>\n<meta name=\"description\" content=\"La Biblioth\u00e8que Memphr\u00e9magog vous invite \u00e0 participer \u00e0 diff\u00e9rentes activit\u00e9s pour les adultes.\" \/>\n<meta name=\"robots\" content=\"index, follow, max-snippet:-1, max-image-preview:large, max-video-preview:-1\" \/>\n<link rel=\"canonical\" href=\"https:\/\/www.ville.magog.qc.ca\/bibliotheque\/activites\/activites-pour-les-adultes\/\" \/>\n<meta property=\"og:locale\" content=\"fr_FR\" \/>\n<meta property=\"og:type\" content=\"article\" \/>\n<meta property=\"og:title\" content=\"Activit\u00e9s pour les adultes \u00e0 la Biblioth\u00e8que Memphr\u00e9magog\" \/>\n<meta property=\"og:description\" content=\"La Biblioth\u00e8que Memphr\u00e9magog vous invite \u00e0 participer \u00e0 diff\u00e9rentes activit\u00e9s pour les adultes.\" \/>\n<meta property=\"og:url\" content=\"https:\/\/www.ville.magog.qc.ca\/bibliotheque\/activites\/activites-pour-les-adultes\/\" \/>\n<meta property=\"og:site_name\" content=\"Bibliotheque\" \/>\n<meta property=\"article:modified_time\" content=\"2025-12-22T15:31:16+00:00\" \/>\n<meta property=\"og:image\" content=\"https:\/\/www.ville.magog.qc.ca\/bibliotheque\/wp-content\/uploads\/2025\/03\/Activites-pour-adultes-Gym-Neurones-2024.jpg\" \/>\n\t<meta property=\"og:image:width\" content=\"1200\" \/>\n\t<meta property=\"og:image:height\" content=\"460\" \/>\n\t<meta property=\"og:image:type\" content=\"image\/jpeg\" \/>\n<meta name=\"twitter:card\" content=\"summary_large_image\" \/>\n<meta name=\"twitter:label1\" content=\"Dur\u00e9e de lecture estim\u00e9e\" \/>\n\t<meta name=\"twitter:data1\" content=\"1 minute\" \/>\n<script type=\"application\/ld+json\" class=\"yoast-schema-graph\">{\"@context\":\"https:\\\/\\\/schema.org\",\"@graph\":[{\"@type\":\"WebPage\",\"@id\":\"https:\\\/\\\/www.ville.magog.qc.ca\\\/bibliotheque\\\/activites\\\/activites-pour-les-adultes\\\/\",\"url\":\"https:\\\/\\\/www.ville.magog.qc.ca\\\/bibliotheque\\\/activites\\\/activites-pour-les-adultes\\\/\",\"name\":\"Activit\u00e9s pour les adultes \u00e0 la Biblioth\u00e8que Memphr\u00e9magog\",\"isPartOf\":{\"@id\":\"https:\\\/\\\/www.ville.magog.qc.ca\\\/bibliotheque\\\/#website\"},\"primaryImageOfPage\":{\"@id\":\"https:\\\/\\\/www.ville.magog.qc.ca\\\/bibliotheque\\\/activites\\\/activites-pour-les-adultes\\\/#primaryimage\"},\"image\":{\"@id\":\"https:\\\/\\\/www.ville.magog.qc.ca\\\/bibliotheque\\\/activites\\\/activites-pour-les-adultes\\\/#primaryimage\"},\"thumbnailUrl\":\"https:\\\/\\\/www.ville.magog.qc.ca\\\/bibliotheque\\\/wp-content\\\/uploads\\\/2025\\\/03\\\/Activites-pour-adultes-Gym-Neurones-2024.jpg\",\"datePublished\":\"2024-01-23T14:18:51+00:00\",\"dateModified\":\"2025-12-22T15:31:16+00:00\",\"description\":\"La Biblioth\u00e8que Memphr\u00e9magog vous invite \u00e0 participer \u00e0 diff\u00e9rentes activit\u00e9s pour les adultes.\",\"breadcrumb\":{\"@id\":\"https:\\\/\\\/www.ville.magog.qc.ca\\\/bibliotheque\\\/activites\\\/activites-pour-les-adultes\\\/#breadcrumb\"},\"inLanguage\":\"fr-FR\",\"potentialAction\":[{\"@type\":\"ReadAction\",\"target\":[\"https:\\\/\\\/www.ville.magog.qc.ca\\\/bibliotheque\\\/activites\\\/activites-pour-les-adultes\\\/\"]}]},{\"@type\":\"ImageObject\",\"inLanguage\":\"fr-FR\",\"@id\":\"https:\\\/\\\/www.ville.magog.qc.ca\\\/bibliotheque\\\/activites\\\/activites-pour-les-adultes\\\/#primaryimage\",\"url\":\"https:\\\/\\\/www.ville.magog.qc.ca\\\/bibliotheque\\\/wp-content\\\/uploads\\\/2025\\\/03\\\/Activites-pour-adultes-Gym-Neurones-2024.jpg\",\"contentUrl\":\"https:\\\/\\\/www.ville.magog.qc.ca\\\/bibliotheque\\\/wp-content\\\/uploads\\\/2025\\\/03\\\/Activites-pour-adultes-Gym-Neurones-2024.jpg\",\"width\":1200,\"height\":460,\"caption\":\"Gym Neurones - Activit\u00e9 pour les adultes (2024)\"},{\"@type\":\"BreadcrumbList\",\"@id\":\"https:\\\/\\\/www.ville.magog.qc.ca\\\/bibliotheque\\\/activites\\\/activites-pour-les-adultes\\\/#breadcrumb\",\"itemListElement\":[{\"@type\":\"ListItem\",\"position\":1,\"name\":\"Home\",\"item\":\"https:\\\/\\\/www.ville.magog.qc.ca\\\/bibliotheque\\\/\"},{\"@type\":\"ListItem\",\"position\":2,\"name\":\"Activit\u00e9s, animations et ateliers\",\"item\":\"https:\\\/\\\/www.ville.magog.qc.ca\\\/bibliotheque\\\/activites\\\/\"},{\"@type\":\"ListItem\",\"position\":3,\"name\":\"Activit\u00e9s pour les adultes\"}]},{\"@type\":\"WebSite\",\"@id\":\"https:\\\/\\\/www.ville.magog.qc.ca\\\/bibliotheque\\\/#website\",\"url\":\"https:\\\/\\\/www.ville.magog.qc.ca\\\/bibliotheque\\\/\",\"name\":\"Bibliotheque\",\"description\":\"Bibliotheque Magog\",\"potentialAction\":[{\"@type\":\"SearchAction\",\"target\":{\"@type\":\"EntryPoint\",\"urlTemplate\":\"https:\\\/\\\/www.ville.magog.qc.ca\\\/bibliotheque\\\/?s={search_term_string}\"},\"query-input\":{\"@type\":\"PropertyValueSpecification\",\"valueRequired\":true,\"valueName\":\"search_term_string\"}}],\"inLanguage\":\"fr-FR\"}]}<\/script>\n<!-- \/ Yoast SEO plugin. -->","yoast_head_json":{"title":"Activit\u00e9s pour les adultes \u00e0 la Biblioth\u00e8que Memphr\u00e9magog","description":"La Biblioth\u00e8que Memphr\u00e9magog vous invite \u00e0 participer \u00e0 diff\u00e9rentes activit\u00e9s pour les adultes.","robots":{"index":"index","follow":"follow","max-snippet":"max-snippet:-1","max-image-preview":"max-image-preview:large","max-video-preview":"max-video-preview:-1"},"canonical":"https:\/\/www.ville.magog.qc.ca\/bibliotheque\/activites\/activites-pour-les-adultes\/","og_locale":"fr_FR","og_type":"article","og_title":"Activit\u00e9s pour les adultes \u00e0 la Biblioth\u00e8que Memphr\u00e9magog","og_description":"La Biblioth\u00e8que Memphr\u00e9magog vous invite \u00e0 participer \u00e0 diff\u00e9rentes activit\u00e9s pour les adultes.","og_url":"https:\/\/www.ville.magog.qc.ca\/bibliotheque\/activites\/activites-pour-les-adultes\/","og_site_name":"Bibliotheque","article_modified_time":"2025-12-22T15:31:16+00:00","og_image":[{"width":1200,"height":460,"url":"https:\/\/www.ville.magog.qc.ca\/bibliotheque\/wp-content\/uploads\/2025\/03\/Activites-pour-adultes-Gym-Neurones-2024.jpg","type":"image\/jpeg"}],"twitter_card":"summary_large_image","twitter_misc":{"Dur\u00e9e de lecture estim\u00e9e":"1 minute"},"schema":{"@context":"https:\/\/schema.org","@graph":[{"@type":"WebPage","@id":"https:\/\/www.ville.magog.qc.ca\/bibliotheque\/activites\/activites-pour-les-adultes\/","url":"https:\/\/www.ville.magog.qc.ca\/bibliotheque\/activites\/activites-pour-les-adultes\/","name":"Activit\u00e9s pour les adultes \u00e0 la Biblioth\u00e8que Memphr\u00e9magog","isPartOf":{"@id":"https:\/\/www.ville.magog.qc.ca\/bibliotheque\/#website"},"primaryImageOfPage":{"@id":"https:\/\/www.ville.magog.qc.ca\/bibliotheque\/activites\/activites-pour-les-adultes\/#primaryimage"},"image":{"@id":"https:\/\/www.ville.magog.qc.ca\/bibliotheque\/activites\/activites-pour-les-adultes\/#primaryimage"},"thumbnailUrl":"https:\/\/www.ville.magog.qc.ca\/bibliotheque\/wp-content\/uploads\/2025\/03\/Activites-pour-adultes-Gym-Neurones-2024.jpg","datePublished":"2024-01-23T14:18:51+00:00","dateModified":"2025-12-22T15:31:16+00:00","description":"La Biblioth\u00e8que Memphr\u00e9magog vous invite \u00e0 participer \u00e0 diff\u00e9rentes activit\u00e9s pour les adultes.","breadcrumb":{"@id":"https:\/\/www.ville.magog.qc.ca\/bibliotheque\/activites\/activites-pour-les-adultes\/#breadcrumb"},"inLanguage":"fr-FR","potentialAction":[{"@type":"ReadAction","target":["https:\/\/www.ville.magog.qc.ca\/bibliotheque\/activites\/activites-pour-les-adultes\/"]}]},{"@type":"ImageObject","inLanguage":"fr-FR","@id":"https:\/\/www.ville.magog.qc.ca\/bibliotheque\/activites\/activites-pour-les-adultes\/#primaryimage","url":"https:\/\/www.ville.magog.qc.ca\/bibliotheque\/wp-content\/uploads\/2025\/03\/Activites-pour-adultes-Gym-Neurones-2024.jpg","contentUrl":"https:\/\/www.ville.magog.qc.ca\/bibliotheque\/wp-content\/uploads\/2025\/03\/Activites-pour-adultes-Gym-Neurones-2024.jpg","width":1200,"height":460,"caption":"Gym Neurones - Activit\u00e9 pour les adultes (2024)"},{"@type":"BreadcrumbList","@id":"https:\/\/www.ville.magog.qc.ca\/bibliotheque\/activites\/activites-pour-les-adultes\/#breadcrumb","itemListElement":[{"@type":"ListItem","position":1,"name":"Home","item":"https:\/\/www.ville.magog.qc.ca\/bibliotheque\/"},{"@type":"ListItem","position":2,"name":"Activit\u00e9s, animations et ateliers","item":"https:\/\/www.ville.magog.qc.ca\/bibliotheque\/activites\/"},{"@type":"ListItem","position":3,"name":"Activit\u00e9s pour les adultes"}]},{"@type":"WebSite","@id":"https:\/\/www.ville.magog.qc.ca\/bibliotheque\/#website","url":"https:\/\/www.ville.magog.qc.ca\/bibliotheque\/","name":"Bibliotheque","description":"Bibliotheque Magog","potentialAction":[{"@type":"SearchAction","target":{"@type":"EntryPoint","urlTemplate":"https:\/\/www.ville.magog.qc.ca\/bibliotheque\/?s={search_term_string}"},"query-input":{"@type":"PropertyValueSpecification","valueRequired":true,"valueName":"search_term_string"}}],"inLanguage":"fr-FR"}]}},"_links":{"self":[{"href":"https:\/\/www.ville.magog.qc.ca\/bibliotheque\/wp-json\/wp\/v2\/pages\/2053","targetHints":{"allow":["GET"]}}],"collection":[{"href":"https:\/\/www.ville.magog.qc.ca\/bibliotheque\/wp-json\/wp\/v2\/pages"}],"about":[{"href":"https:\/\/www.ville.magog.qc.ca\/bibliotheque\/wp-json\/wp\/v2\/types\/page"}],"author":[{"embeddable":true,"href":"https:\/\/www.ville.magog.qc.ca\/bibliotheque\/wp-json\/wp\/v2\/users\/7"}],"replies":[{"embeddable":true,"href":"https:\/\/www.ville.magog.qc.ca\/bibliotheque\/wp-json\/wp\/v2\/comments?post=2053"}],"version-history":[{"count":24,"href":"https:\/\/www.ville.magog.qc.ca\/bibliotheque\/wp-json\/wp\/v2\/pages\/2053\/revisions"}],"predecessor-version":[{"id":2342,"href":"https:\/\/www.ville.magog.qc.ca\/bibliotheque\/wp-json\/wp\/v2\/pages\/2053\/revisions\/2342"}],"up":[{"embeddable":true,"href":"https:\/\/www.ville.magog.qc.ca\/bibliotheque\/wp-json\/wp\/v2\/pages\/104"}],"wp:featuredmedia":[{"embeddable":true,"href":"https:\/\/www.ville.magog.qc.ca\/bibliotheque\/wp-json\/wp\/v2\/media\/2330"}],"wp:attachment":[{"href":"https:\/\/www.ville.magog.qc.ca\/bibliotheque\/wp-json\/wp\/v2\/media?parent=2053"}],"wp:term":[{"taxonomy":"post_tag","embeddable":true,"href":"https:\/\/www.ville.magog.qc.ca\/bibliotheque\/wp-json\/wp\/v2\/tags?post=2053"}],"curies":[{"name":"wp","href":"https:\/\/api.w.org\/{rel}","templated":true}]}}