{"id":19,"date":"2021-01-04T08:00:42","date_gmt":"2021-01-04T12:00:42","guid":{"rendered":"https:\/\/www.ville.magog.qc.ca\/bibliotheque\/?page_id=19"},"modified":"2024-01-11T08:31:38","modified_gmt":"2024-01-11T13:31:38","slug":"abonnement","status":"publish","type":"page","link":"https:\/\/www.ville.magog.qc.ca\/bibliotheque\/abonnement-et-pret\/abonnement\/","title":{"rendered":"Abonnement"},"content":{"rendered":"<div class=\"wpb-content-wrapper\"><p>[vc_row][vc_column][vc_single_image image=&#8221;56&#8243;][vc_column_text]<\/p>\n<h4>R\u00e9sidents de Magog<\/h4>\n<p>L\u2019abonnement \u00e0 la Biblioth\u00e8que Memphr\u00e9magog est gratuit pour tous les r\u00e9sidents de Magog, sur pr\u00e9sentation de la <a href=\"https:\/\/www.ville.magog.qc.ca\/\/informations-services\/carte-de-citoyen\/\">carte de citoyen<\/a>.<\/p>\n<p>Notez que la signature d\u2019un parent ou d\u2019un tuteur est requise pour l\u2019abonnement des jeunes de moins de 18 ans.<\/p>\n<hr \/>\n<h4>Non-r\u00e9sidents<\/h4>\n<p>Pour les non-r\u00e9sidents de Magog, l\u2019abonnement est de 120 $ par famille, par ann\u00e9e.<\/p>\n<p>Certaines municipalit\u00e9s ont conclu des ententes avec la Ville de Magog qui permettent \u00e0 leurs citoyens de se voir rembourser les frais d\u2019abonnement. V\u00e9rifiez aupr\u00e8s de votre municipalit\u00e9 pour conna\u00eetre les conditions.<\/p>\n<hr \/>\n<h4>Renouvellement de l\u2019abonnement<\/h4>\n<p>L\u2019abonnement est valide un an. Apr\u00e8s cette p\u00e9riode, vous devez vous pr\u00e9senter \u00e0 la biblioth\u00e8que pour renouveler votre abonnement avec votre carte de citoyen valide (pour les r\u00e9sidents de Magog) et la carte d\u2019abonn\u00e9 pour les non-r\u00e9sidents.<\/p>\n<hr \/>\n<h4>Services offerts<\/h4>\n<ul>\n<li>Consultation des documents, journaux et magazines sur place;<\/li>\n<li>Emprunt de livres, DVD et autres documents;<\/li>\n<li>R\u00e9servation de documents;<\/li>\n<li>Acc\u00e8s \u00e0 pretnumerique.ca;<\/li>\n<li>Utilisation des postes informatiques;<\/li>\n<li>Acc\u00e8s au r\u00e9seau sans fil;<\/li>\n<li>Participation aux clubs de lecture adulte ou jeunesse (estival);<\/li>\n<li>Activit\u00e9s d&#8217;animation pour jeunes et adultes.<\/li>\n<\/ul>\n<hr \/>\n<h4>Retrait d\u2019un abonnement<\/h4>\n<p>Le droit d\u2019utiliser les services de la biblioth\u00e8que peut \u00eatre retir\u00e9 dans les circonstances suivantes\u00a0:<\/p>\n<ul>\n<li>Non-paiement des frais de retard en cours;<\/li>\n<li>Non-respect des r\u00e8glements de la biblioth\u00e8que;<\/li>\n<li>Vol ou destruction de mat\u00e9riel ou de biens culturels;<\/li>\n<li>Manque de respect envers le personnel.<\/li>\n<\/ul>\n<p>[\/vc_column_text][\/vc_column][\/vc_row]<\/p>\n<\/div>","protected":false},"excerpt":{"rendered":"<p>[vc_row][vc_column][vc_single_image image=&#8221;56&#8243;][vc_column_text] R\u00e9sidents de Magog L\u2019abonnement \u00e0 la Biblioth\u00e8que Memphr\u00e9magog est gratuit pour tous les r\u00e9sidents de Magog, sur pr\u00e9sentation &hellip; <\/p>\n","protected":false},"author":16,"featured_media":56,"parent":17,"menu_order":1,"comment_status":"closed","ping_status":"closed","template":"","meta":{"_acf_changed":false,"footnotes":""},"tags":[],"class_list":["post-19","page","type-page","status-publish","hentry"],"acf":[],"yoast_head":"<!-- This site is optimized with the Yoast SEO plugin v27.4 - https:\/\/yoast.com\/product\/yoast-seo-wordpress\/ -->\n<title>Abonnement - Bibliotheque<\/title>\n<meta name=\"robots\" content=\"index, follow, max-snippet:-1, max-image-preview:large, max-video-preview:-1\" \/>\n<link rel=\"canonical\" href=\"https:\/\/www.ville.magog.qc.ca\/bibliotheque\/abonnement-et-pret\/abonnement\/\" \/>\n<meta property=\"og:locale\" content=\"fr_FR\" \/>\n<meta property=\"og:type\" content=\"article\" \/>\n<meta property=\"og:title\" content=\"Abonnement - Bibliotheque\" \/>\n<meta property=\"og:description\" content=\"[vc_row][vc_column][vc_single_image image=&#8221;56&#8243;][vc_column_text] R\u00e9sidents de Magog L\u2019abonnement \u00e0 la Biblioth\u00e8que Memphr\u00e9magog est gratuit pour tous les r\u00e9sidents de Magog, sur pr\u00e9sentation &hellip;\" \/>\n<meta property=\"og:url\" content=\"https:\/\/www.ville.magog.qc.ca\/bibliotheque\/abonnement-et-pret\/abonnement\/\" \/>\n<meta property=\"og:site_name\" content=\"Bibliotheque\" \/>\n<meta property=\"article:modified_time\" content=\"2024-01-11T13:31:38+00:00\" \/>\n<meta property=\"og:image\" content=\"https:\/\/www.ville.magog.qc.ca\/bibliotheque\/wp-content\/uploads\/2015\/10\/photo-abonnement.jpg\" \/>\n\t<meta property=\"og:image:width\" content=\"625\" \/>\n\t<meta property=\"og:image:height\" content=\"225\" \/>\n\t<meta property=\"og:image:type\" content=\"image\/jpeg\" \/>\n<meta name=\"twitter:card\" content=\"summary_large_image\" \/>\n<meta name=\"twitter:label1\" content=\"Dur\u00e9e de lecture estim\u00e9e\" \/>\n\t<meta name=\"twitter:data1\" content=\"2 minutes\" \/>\n<script type=\"application\/ld+json\" class=\"yoast-schema-graph\">{\"@context\":\"https:\\\/\\\/schema.org\",\"@graph\":[{\"@type\":\"WebPage\",\"@id\":\"https:\\\/\\\/www.ville.magog.qc.ca\\\/bibliotheque\\\/abonnement-et-pret\\\/abonnement\\\/\",\"url\":\"https:\\\/\\\/www.ville.magog.qc.ca\\\/bibliotheque\\\/abonnement-et-pret\\\/abonnement\\\/\",\"name\":\"Abonnement - Bibliotheque\",\"isPartOf\":{\"@id\":\"https:\\\/\\\/www.ville.magog.qc.ca\\\/bibliotheque\\\/#website\"},\"primaryImageOfPage\":{\"@id\":\"https:\\\/\\\/www.ville.magog.qc.ca\\\/bibliotheque\\\/abonnement-et-pret\\\/abonnement\\\/#primaryimage\"},\"image\":{\"@id\":\"https:\\\/\\\/www.ville.magog.qc.ca\\\/bibliotheque\\\/abonnement-et-pret\\\/abonnement\\\/#primaryimage\"},\"thumbnailUrl\":\"https:\\\/\\\/www.ville.magog.qc.ca\\\/bibliotheque\\\/wp-content\\\/uploads\\\/2015\\\/10\\\/photo-abonnement.jpg\",\"datePublished\":\"2021-01-04T12:00:42+00:00\",\"dateModified\":\"2024-01-11T13:31:38+00:00\",\"breadcrumb\":{\"@id\":\"https:\\\/\\\/www.ville.magog.qc.ca\\\/bibliotheque\\\/abonnement-et-pret\\\/abonnement\\\/#breadcrumb\"},\"inLanguage\":\"fr-FR\",\"potentialAction\":[{\"@type\":\"ReadAction\",\"target\":[\"https:\\\/\\\/www.ville.magog.qc.ca\\\/bibliotheque\\\/abonnement-et-pret\\\/abonnement\\\/\"]}]},{\"@type\":\"ImageObject\",\"inLanguage\":\"fr-FR\",\"@id\":\"https:\\\/\\\/www.ville.magog.qc.ca\\\/bibliotheque\\\/abonnement-et-pret\\\/abonnement\\\/#primaryimage\",\"url\":\"https:\\\/\\\/www.ville.magog.qc.ca\\\/bibliotheque\\\/wp-content\\\/uploads\\\/2015\\\/10\\\/photo-abonnement.jpg\",\"contentUrl\":\"https:\\\/\\\/www.ville.magog.qc.ca\\\/bibliotheque\\\/wp-content\\\/uploads\\\/2015\\\/10\\\/photo-abonnement.jpg\",\"width\":625,\"height\":225,\"caption\":\"abonnement bibliotheque memphremagog\"},{\"@type\":\"BreadcrumbList\",\"@id\":\"https:\\\/\\\/www.ville.magog.qc.ca\\\/bibliotheque\\\/abonnement-et-pret\\\/abonnement\\\/#breadcrumb\",\"itemListElement\":[{\"@type\":\"ListItem\",\"position\":1,\"name\":\"Home\",\"item\":\"https:\\\/\\\/www.ville.magog.qc.ca\\\/bibliotheque\\\/\"},{\"@type\":\"ListItem\",\"position\":2,\"name\":\"Abonnement et pr\u00eat\",\"item\":\"https:\\\/\\\/www.ville.magog.qc.ca\\\/bibliotheque\\\/abonnement-et-pret\\\/\"},{\"@type\":\"ListItem\",\"position\":3,\"name\":\"Abonnement\"}]},{\"@type\":\"WebSite\",\"@id\":\"https:\\\/\\\/www.ville.magog.qc.ca\\\/bibliotheque\\\/#website\",\"url\":\"https:\\\/\\\/www.ville.magog.qc.ca\\\/bibliotheque\\\/\",\"name\":\"Bibliotheque\",\"description\":\"Bibliotheque Magog\",\"potentialAction\":[{\"@type\":\"SearchAction\",\"target\":{\"@type\":\"EntryPoint\",\"urlTemplate\":\"https:\\\/\\\/www.ville.magog.qc.ca\\\/bibliotheque\\\/?s={search_term_string}\"},\"query-input\":{\"@type\":\"PropertyValueSpecification\",\"valueRequired\":true,\"valueName\":\"search_term_string\"}}],\"inLanguage\":\"fr-FR\"}]}<\/script>\n<!-- \/ Yoast SEO plugin. -->","yoast_head_json":{"title":"Abonnement - Bibliotheque","robots":{"index":"index","follow":"follow","max-snippet":"max-snippet:-1","max-image-preview":"max-image-preview:large","max-video-preview":"max-video-preview:-1"},"canonical":"https:\/\/www.ville.magog.qc.ca\/bibliotheque\/abonnement-et-pret\/abonnement\/","og_locale":"fr_FR","og_type":"article","og_title":"Abonnement - Bibliotheque","og_description":"[vc_row][vc_column][vc_single_image image=&#8221;56&#8243;][vc_column_text] R\u00e9sidents de Magog L\u2019abonnement \u00e0 la Biblioth\u00e8que Memphr\u00e9magog est gratuit pour tous les r\u00e9sidents de Magog, sur pr\u00e9sentation &hellip;","og_url":"https:\/\/www.ville.magog.qc.ca\/bibliotheque\/abonnement-et-pret\/abonnement\/","og_site_name":"Bibliotheque","article_modified_time":"2024-01-11T13:31:38+00:00","og_image":[{"width":625,"height":225,"url":"https:\/\/www.ville.magog.qc.ca\/bibliotheque\/wp-content\/uploads\/2015\/10\/photo-abonnement.jpg","type":"image\/jpeg"}],"twitter_card":"summary_large_image","twitter_misc":{"Dur\u00e9e de lecture estim\u00e9e":"2 minutes"},"schema":{"@context":"https:\/\/schema.org","@graph":[{"@type":"WebPage","@id":"https:\/\/www.ville.magog.qc.ca\/bibliotheque\/abonnement-et-pret\/abonnement\/","url":"https:\/\/www.ville.magog.qc.ca\/bibliotheque\/abonnement-et-pret\/abonnement\/","name":"Abonnement - Bibliotheque","isPartOf":{"@id":"https:\/\/www.ville.magog.qc.ca\/bibliotheque\/#website"},"primaryImageOfPage":{"@id":"https:\/\/www.ville.magog.qc.ca\/bibliotheque\/abonnement-et-pret\/abonnement\/#primaryimage"},"image":{"@id":"https:\/\/www.ville.magog.qc.ca\/bibliotheque\/abonnement-et-pret\/abonnement\/#primaryimage"},"thumbnailUrl":"https:\/\/www.ville.magog.qc.ca\/bibliotheque\/wp-content\/uploads\/2015\/10\/photo-abonnement.jpg","datePublished":"2021-01-04T12:00:42+00:00","dateModified":"2024-01-11T13:31:38+00:00","breadcrumb":{"@id":"https:\/\/www.ville.magog.qc.ca\/bibliotheque\/abonnement-et-pret\/abonnement\/#breadcrumb"},"inLanguage":"fr-FR","potentialAction":[{"@type":"ReadAction","target":["https:\/\/www.ville.magog.qc.ca\/bibliotheque\/abonnement-et-pret\/abonnement\/"]}]},{"@type":"ImageObject","inLanguage":"fr-FR","@id":"https:\/\/www.ville.magog.qc.ca\/bibliotheque\/abonnement-et-pret\/abonnement\/#primaryimage","url":"https:\/\/www.ville.magog.qc.ca\/bibliotheque\/wp-content\/uploads\/2015\/10\/photo-abonnement.jpg","contentUrl":"https:\/\/www.ville.magog.qc.ca\/bibliotheque\/wp-content\/uploads\/2015\/10\/photo-abonnement.jpg","width":625,"height":225,"caption":"abonnement bibliotheque memphremagog"},{"@type":"BreadcrumbList","@id":"https:\/\/www.ville.magog.qc.ca\/bibliotheque\/abonnement-et-pret\/abonnement\/#breadcrumb","itemListElement":[{"@type":"ListItem","position":1,"name":"Home","item":"https:\/\/www.ville.magog.qc.ca\/bibliotheque\/"},{"@type":"ListItem","position":2,"name":"Abonnement et pr\u00eat","item":"https:\/\/www.ville.magog.qc.ca\/bibliotheque\/abonnement-et-pret\/"},{"@type":"ListItem","position":3,"name":"Abonnement"}]},{"@type":"WebSite","@id":"https:\/\/www.ville.magog.qc.ca\/bibliotheque\/#website","url":"https:\/\/www.ville.magog.qc.ca\/bibliotheque\/","name":"Bibliotheque","description":"Bibliotheque Magog","potentialAction":[{"@type":"SearchAction","target":{"@type":"EntryPoint","urlTemplate":"https:\/\/www.ville.magog.qc.ca\/bibliotheque\/?s={search_term_string}"},"query-input":{"@type":"PropertyValueSpecification","valueRequired":true,"valueName":"search_term_string"}}],"inLanguage":"fr-FR"}]}},"_links":{"self":[{"href":"https:\/\/www.ville.magog.qc.ca\/bibliotheque\/wp-json\/wp\/v2\/pages\/19","targetHints":{"allow":["GET"]}}],"collection":[{"href":"https:\/\/www.ville.magog.qc.ca\/bibliotheque\/wp-json\/wp\/v2\/pages"}],"about":[{"href":"https:\/\/www.ville.magog.qc.ca\/bibliotheque\/wp-json\/wp\/v2\/types\/page"}],"author":[{"embeddable":true,"href":"https:\/\/www.ville.magog.qc.ca\/bibliotheque\/wp-json\/wp\/v2\/users\/16"}],"replies":[{"embeddable":true,"href":"https:\/\/www.ville.magog.qc.ca\/bibliotheque\/wp-json\/wp\/v2\/comments?post=19"}],"version-history":[{"count":34,"href":"https:\/\/www.ville.magog.qc.ca\/bibliotheque\/wp-json\/wp\/v2\/pages\/19\/revisions"}],"predecessor-version":[{"id":2040,"href":"https:\/\/www.ville.magog.qc.ca\/bibliotheque\/wp-json\/wp\/v2\/pages\/19\/revisions\/2040"}],"up":[{"embeddable":true,"href":"https:\/\/www.ville.magog.qc.ca\/bibliotheque\/wp-json\/wp\/v2\/pages\/17"}],"wp:featuredmedia":[{"embeddable":true,"href":"https:\/\/www.ville.magog.qc.ca\/bibliotheque\/wp-json\/wp\/v2\/media\/56"}],"wp:attachment":[{"href":"https:\/\/www.ville.magog.qc.ca\/bibliotheque\/wp-json\/wp\/v2\/media?parent=19"}],"wp:term":[{"taxonomy":"post_tag","embeddable":true,"href":"https:\/\/www.ville.magog.qc.ca\/bibliotheque\/wp-json\/wp\/v2\/tags?post=19"}],"curies":[{"name":"wp","href":"https:\/\/api.w.org\/{rel}","templated":true}]}}