{"id":134,"date":"2018-02-28T00:46:42","date_gmt":"2018-02-28T04:46:42","guid":{"rendered":"https:\/\/www.ville.magog.qc.ca\/bibliotheque\/?page_id=134"},"modified":"2023-03-29T12:51:40","modified_gmt":"2023-03-29T17:51:40","slug":"comment-sy-retrouver","status":"publish","type":"page","link":"https:\/\/www.ville.magog.qc.ca\/bibliotheque\/informations-generales\/comment-sy-retrouver\/","title":{"rendered":"Comment s&#8217;y retrouver"},"content":{"rendered":"<div class=\"wpb-content-wrapper\"><p>[vc_row][vc_column][vc_single_image image=&#8221;208&#8243;][\/vc_column][\/vc_row][vc_row][vc_column][vc_column_text]<\/p>\n<h4>Animation<\/h4>\n<ul>\n<li>La salle Kathleen-Milne\u00a0au rez-de-chauss\u00e9e permet d\u2019organiser des conf\u00e9rences, des animations ainsi que des rencontres;<\/li>\n<li>L&#8217;agora Andr\u00e9-Cailloux accueille les petits et les grands dans la magie des contes et des histoires d&#8217;\u00e9veil \u00e0 la lecture;<\/li>\n<\/ul>\n<hr \/>\n<p>&nbsp;<\/p>\n<h4>Colombier<\/h4>\n<p>Dans cette section am\u00e9nag\u00e9e pour visionner des documents ou jouer \u00e0 des jeux vid\u00e9o (PS4 et Nintendo Switch), le vitrail repr\u00e9sente deux colombes prenant leur envol.<\/p>\n<p><em>D\u00e9tails au comptoir du pr\u00eat. Utilisation gratuite.<\/em><\/p>\n<hr \/>\n<h4>Espace Ado (12 ans et plus)<\/h4>\n<p>Collection et espace o\u00f9 on retrouve des romans fantastiques, d\u2019aventure et de science-fiction.<\/p>\n<hr \/>\n<h4>Espace jeunesse (0-12 ans)<\/h4>\n<ul>\n<li style=\"list-style-type: none;\">\n<ul>\n<li>Albums autour de l\u2019Agora Andr\u00e9-Cailloux et tables pour petits;<\/li>\n<li>Romans et documentaires;<\/li>\n<li>Bandes dessin\u00e9es;<\/li>\n<li>Documents audiovisuels;<\/li>\n<li>Magazines jeunesse;<\/li>\n<\/ul>\n<\/li>\n<\/ul>\n<p>Nous vous proposons une visite, plut\u00f4t originale, de la section jeunesse de la Biblioth\u00e8que Memphr\u00e9magog. Merci aux jeunes de l\u2019\u00e9cole secondaire de la Ruche pour leur implication!<\/p>\n<p><iframe loading=\"lazy\" src=\"https:\/\/www.youtube.com\/embed\/ZFh_WImzmj4\" width=\"560\" height=\"315\" frameborder=\"0\" allowfullscreen=\"allowfullscreen\"><\/iframe><\/p>\n<p>Note : L&#8217;\u00e2ge minimum pour utiliser les stations donnant acc\u00e8s \u00e0 Internet est de 11 ans, avec l&#8217;autorisation \u00e9crite des parents pour les jeunes de 11 \u00e0 13 ans. Les enfants de 10 ans et moins doivent \u00eatre accompagn\u00e9s d&#8217;un adulte responsable.<\/p>\n<hr \/>\n<h4>Laboratoire informatique<\/h4>\n<p>Une salle ferm\u00e9e avec des postes informatiques et des tables de travail sont mis \u00e0 la disposition des abonn\u00e9s adultes de la biblioth\u00e8que pour faire des travaux d&#8217;\u00e9quipe, des appels, etc.<\/p>\n<hr \/>\n<p>&nbsp;<\/p>\n<h4>R\u00e9f\u00e9rence et aide au lecteur<\/h4>\n<p>Un service d\u2019aide et d\u2019orientation facilite la recherche dans les collections pour adultes ou jeunes.<\/p>\n<p><em>Sur demande, aupr\u00e8s du personnel.<\/em><\/p>\n<hr \/>\n<h4>Salon des p\u00e9riodiques<\/h4>\n<p>Des fauteuils invitent \u00e0 la d\u00e9tente et favorisent la consultation des magazines vari\u00e9s. Une collection de plus de 100 titres vous attend.<\/p>\n<hr \/>\n<p><strong>Salon des bandes dessin\u00e9es<\/strong><\/p>\n<p>Un divan et des fauteuils situ\u00e9s \u00e0 la mezzanine vous permettront de profiter de notre grand collection de bandes dessin\u00e9es adultes.[\/vc_column_text][\/vc_column][\/vc_row]<\/p>\n<\/div>","protected":false},"excerpt":{"rendered":"<p>[vc_row][vc_column][vc_single_image image=&#8221;208&#8243;][\/vc_column][\/vc_row][vc_row][vc_column][vc_column_text] Animation La salle Kathleen-Milne\u00a0au rez-de-chauss\u00e9e permet d\u2019organiser des conf\u00e9rences, des animations ainsi que des rencontres; L&#8217;agora Andr\u00e9-Cailloux accueille &hellip; <\/p>\n","protected":false},"author":16,"featured_media":208,"parent":128,"menu_order":3,"comment_status":"closed","ping_status":"closed","template":"","meta":{"_acf_changed":false,"footnotes":""},"tags":[],"class_list":["post-134","page","type-page","status-publish","hentry"],"acf":[],"yoast_head":"<!-- This site is optimized with the Yoast SEO plugin v27.4 - https:\/\/yoast.com\/product\/yoast-seo-wordpress\/ -->\n<title>Comment s&#039;y retrouver - Bibliotheque<\/title>\n<meta name=\"robots\" content=\"index, follow, max-snippet:-1, max-image-preview:large, max-video-preview:-1\" \/>\n<link rel=\"canonical\" href=\"https:\/\/www.ville.magog.qc.ca\/bibliotheque\/informations-generales\/comment-sy-retrouver\/\" \/>\n<meta property=\"og:locale\" content=\"fr_FR\" \/>\n<meta property=\"og:type\" content=\"article\" \/>\n<meta property=\"og:title\" content=\"Comment s&#039;y retrouver - Bibliotheque\" \/>\n<meta property=\"og:description\" content=\"[vc_row][vc_column][vc_single_image image=&#8221;208&#8243;][\/vc_column][\/vc_row][vc_row][vc_column][vc_column_text] Animation La salle Kathleen-Milne\u00a0au rez-de-chauss\u00e9e permet d\u2019organiser des conf\u00e9rences, des animations ainsi que des rencontres; L&#8217;agora Andr\u00e9-Cailloux accueille &hellip;\" \/>\n<meta property=\"og:url\" content=\"https:\/\/www.ville.magog.qc.ca\/bibliotheque\/informations-generales\/comment-sy-retrouver\/\" \/>\n<meta property=\"og:site_name\" content=\"Bibliotheque\" \/>\n<meta property=\"article:modified_time\" content=\"2023-03-29T17:51:40+00:00\" \/>\n<meta property=\"og:image\" content=\"https:\/\/www.ville.magog.qc.ca\/bibliotheque\/wp-content\/uploads\/2015\/11\/photo-comment-sy-retrouver.jpg\" \/>\n\t<meta property=\"og:image:width\" content=\"625\" \/>\n\t<meta property=\"og:image:height\" content=\"225\" \/>\n\t<meta property=\"og:image:type\" content=\"image\/jpeg\" \/>\n<meta name=\"twitter:card\" content=\"summary_large_image\" \/>\n<meta name=\"twitter:label1\" content=\"Dur\u00e9e de lecture estim\u00e9e\" \/>\n\t<meta name=\"twitter:data1\" content=\"2 minutes\" \/>\n<script type=\"application\/ld+json\" class=\"yoast-schema-graph\">{\"@context\":\"https:\\\/\\\/schema.org\",\"@graph\":[{\"@type\":\"WebPage\",\"@id\":\"https:\\\/\\\/www.ville.magog.qc.ca\\\/bibliotheque\\\/informations-generales\\\/comment-sy-retrouver\\\/\",\"url\":\"https:\\\/\\\/www.ville.magog.qc.ca\\\/bibliotheque\\\/informations-generales\\\/comment-sy-retrouver\\\/\",\"name\":\"Comment s'y retrouver - Bibliotheque\",\"isPartOf\":{\"@id\":\"https:\\\/\\\/www.ville.magog.qc.ca\\\/bibliotheque\\\/#website\"},\"primaryImageOfPage\":{\"@id\":\"https:\\\/\\\/www.ville.magog.qc.ca\\\/bibliotheque\\\/informations-generales\\\/comment-sy-retrouver\\\/#primaryimage\"},\"image\":{\"@id\":\"https:\\\/\\\/www.ville.magog.qc.ca\\\/bibliotheque\\\/informations-generales\\\/comment-sy-retrouver\\\/#primaryimage\"},\"thumbnailUrl\":\"https:\\\/\\\/www.ville.magog.qc.ca\\\/bibliotheque\\\/wp-content\\\/uploads\\\/2015\\\/11\\\/photo-comment-sy-retrouver.jpg\",\"datePublished\":\"2018-02-28T04:46:42+00:00\",\"dateModified\":\"2023-03-29T17:51:40+00:00\",\"breadcrumb\":{\"@id\":\"https:\\\/\\\/www.ville.magog.qc.ca\\\/bibliotheque\\\/informations-generales\\\/comment-sy-retrouver\\\/#breadcrumb\"},\"inLanguage\":\"fr-FR\",\"potentialAction\":[{\"@type\":\"ReadAction\",\"target\":[\"https:\\\/\\\/www.ville.magog.qc.ca\\\/bibliotheque\\\/informations-generales\\\/comment-sy-retrouver\\\/\"]}]},{\"@type\":\"ImageObject\",\"inLanguage\":\"fr-FR\",\"@id\":\"https:\\\/\\\/www.ville.magog.qc.ca\\\/bibliotheque\\\/informations-generales\\\/comment-sy-retrouver\\\/#primaryimage\",\"url\":\"https:\\\/\\\/www.ville.magog.qc.ca\\\/bibliotheque\\\/wp-content\\\/uploads\\\/2015\\\/11\\\/photo-comment-sy-retrouver.jpg\",\"contentUrl\":\"https:\\\/\\\/www.ville.magog.qc.ca\\\/bibliotheque\\\/wp-content\\\/uploads\\\/2015\\\/11\\\/photo-comment-sy-retrouver.jpg\",\"width\":625,\"height\":225,\"caption\":\"bibliotheque memphremagog\"},{\"@type\":\"BreadcrumbList\",\"@id\":\"https:\\\/\\\/www.ville.magog.qc.ca\\\/bibliotheque\\\/informations-generales\\\/comment-sy-retrouver\\\/#breadcrumb\",\"itemListElement\":[{\"@type\":\"ListItem\",\"position\":1,\"name\":\"Home\",\"item\":\"https:\\\/\\\/www.ville.magog.qc.ca\\\/bibliotheque\\\/\"},{\"@type\":\"ListItem\",\"position\":2,\"name\":\"Informations g\u00e9n\u00e9rales\",\"item\":\"https:\\\/\\\/www.ville.magog.qc.ca\\\/bibliotheque\\\/informations-generales\\\/\"},{\"@type\":\"ListItem\",\"position\":3,\"name\":\"Comment s&#8217;y retrouver\"}]},{\"@type\":\"WebSite\",\"@id\":\"https:\\\/\\\/www.ville.magog.qc.ca\\\/bibliotheque\\\/#website\",\"url\":\"https:\\\/\\\/www.ville.magog.qc.ca\\\/bibliotheque\\\/\",\"name\":\"Bibliotheque\",\"description\":\"Bibliotheque Magog\",\"potentialAction\":[{\"@type\":\"SearchAction\",\"target\":{\"@type\":\"EntryPoint\",\"urlTemplate\":\"https:\\\/\\\/www.ville.magog.qc.ca\\\/bibliotheque\\\/?s={search_term_string}\"},\"query-input\":{\"@type\":\"PropertyValueSpecification\",\"valueRequired\":true,\"valueName\":\"search_term_string\"}}],\"inLanguage\":\"fr-FR\"}]}<\/script>\n<!-- \/ Yoast SEO plugin. -->","yoast_head_json":{"title":"Comment s'y retrouver - Bibliotheque","robots":{"index":"index","follow":"follow","max-snippet":"max-snippet:-1","max-image-preview":"max-image-preview:large","max-video-preview":"max-video-preview:-1"},"canonical":"https:\/\/www.ville.magog.qc.ca\/bibliotheque\/informations-generales\/comment-sy-retrouver\/","og_locale":"fr_FR","og_type":"article","og_title":"Comment s'y retrouver - Bibliotheque","og_description":"[vc_row][vc_column][vc_single_image image=&#8221;208&#8243;][\/vc_column][\/vc_row][vc_row][vc_column][vc_column_text] Animation La salle Kathleen-Milne\u00a0au rez-de-chauss\u00e9e permet d\u2019organiser des conf\u00e9rences, des animations ainsi que des rencontres; L&#8217;agora Andr\u00e9-Cailloux accueille &hellip;","og_url":"https:\/\/www.ville.magog.qc.ca\/bibliotheque\/informations-generales\/comment-sy-retrouver\/","og_site_name":"Bibliotheque","article_modified_time":"2023-03-29T17:51:40+00:00","og_image":[{"width":625,"height":225,"url":"https:\/\/www.ville.magog.qc.ca\/bibliotheque\/wp-content\/uploads\/2015\/11\/photo-comment-sy-retrouver.jpg","type":"image\/jpeg"}],"twitter_card":"summary_large_image","twitter_misc":{"Dur\u00e9e de lecture estim\u00e9e":"2 minutes"},"schema":{"@context":"https:\/\/schema.org","@graph":[{"@type":"WebPage","@id":"https:\/\/www.ville.magog.qc.ca\/bibliotheque\/informations-generales\/comment-sy-retrouver\/","url":"https:\/\/www.ville.magog.qc.ca\/bibliotheque\/informations-generales\/comment-sy-retrouver\/","name":"Comment s'y retrouver - Bibliotheque","isPartOf":{"@id":"https:\/\/www.ville.magog.qc.ca\/bibliotheque\/#website"},"primaryImageOfPage":{"@id":"https:\/\/www.ville.magog.qc.ca\/bibliotheque\/informations-generales\/comment-sy-retrouver\/#primaryimage"},"image":{"@id":"https:\/\/www.ville.magog.qc.ca\/bibliotheque\/informations-generales\/comment-sy-retrouver\/#primaryimage"},"thumbnailUrl":"https:\/\/www.ville.magog.qc.ca\/bibliotheque\/wp-content\/uploads\/2015\/11\/photo-comment-sy-retrouver.jpg","datePublished":"2018-02-28T04:46:42+00:00","dateModified":"2023-03-29T17:51:40+00:00","breadcrumb":{"@id":"https:\/\/www.ville.magog.qc.ca\/bibliotheque\/informations-generales\/comment-sy-retrouver\/#breadcrumb"},"inLanguage":"fr-FR","potentialAction":[{"@type":"ReadAction","target":["https:\/\/www.ville.magog.qc.ca\/bibliotheque\/informations-generales\/comment-sy-retrouver\/"]}]},{"@type":"ImageObject","inLanguage":"fr-FR","@id":"https:\/\/www.ville.magog.qc.ca\/bibliotheque\/informations-generales\/comment-sy-retrouver\/#primaryimage","url":"https:\/\/www.ville.magog.qc.ca\/bibliotheque\/wp-content\/uploads\/2015\/11\/photo-comment-sy-retrouver.jpg","contentUrl":"https:\/\/www.ville.magog.qc.ca\/bibliotheque\/wp-content\/uploads\/2015\/11\/photo-comment-sy-retrouver.jpg","width":625,"height":225,"caption":"bibliotheque memphremagog"},{"@type":"BreadcrumbList","@id":"https:\/\/www.ville.magog.qc.ca\/bibliotheque\/informations-generales\/comment-sy-retrouver\/#breadcrumb","itemListElement":[{"@type":"ListItem","position":1,"name":"Home","item":"https:\/\/www.ville.magog.qc.ca\/bibliotheque\/"},{"@type":"ListItem","position":2,"name":"Informations g\u00e9n\u00e9rales","item":"https:\/\/www.ville.magog.qc.ca\/bibliotheque\/informations-generales\/"},{"@type":"ListItem","position":3,"name":"Comment s&#8217;y retrouver"}]},{"@type":"WebSite","@id":"https:\/\/www.ville.magog.qc.ca\/bibliotheque\/#website","url":"https:\/\/www.ville.magog.qc.ca\/bibliotheque\/","name":"Bibliotheque","description":"Bibliotheque Magog","potentialAction":[{"@type":"SearchAction","target":{"@type":"EntryPoint","urlTemplate":"https:\/\/www.ville.magog.qc.ca\/bibliotheque\/?s={search_term_string}"},"query-input":{"@type":"PropertyValueSpecification","valueRequired":true,"valueName":"search_term_string"}}],"inLanguage":"fr-FR"}]}},"_links":{"self":[{"href":"https:\/\/www.ville.magog.qc.ca\/bibliotheque\/wp-json\/wp\/v2\/pages\/134","targetHints":{"allow":["GET"]}}],"collection":[{"href":"https:\/\/www.ville.magog.qc.ca\/bibliotheque\/wp-json\/wp\/v2\/pages"}],"about":[{"href":"https:\/\/www.ville.magog.qc.ca\/bibliotheque\/wp-json\/wp\/v2\/types\/page"}],"author":[{"embeddable":true,"href":"https:\/\/www.ville.magog.qc.ca\/bibliotheque\/wp-json\/wp\/v2\/users\/16"}],"replies":[{"embeddable":true,"href":"https:\/\/www.ville.magog.qc.ca\/bibliotheque\/wp-json\/wp\/v2\/comments?post=134"}],"version-history":[{"count":20,"href":"https:\/\/www.ville.magog.qc.ca\/bibliotheque\/wp-json\/wp\/v2\/pages\/134\/revisions"}],"predecessor-version":[{"id":1817,"href":"https:\/\/www.ville.magog.qc.ca\/bibliotheque\/wp-json\/wp\/v2\/pages\/134\/revisions\/1817"}],"up":[{"embeddable":true,"href":"https:\/\/www.ville.magog.qc.ca\/bibliotheque\/wp-json\/wp\/v2\/pages\/128"}],"wp:featuredmedia":[{"embeddable":true,"href":"https:\/\/www.ville.magog.qc.ca\/bibliotheque\/wp-json\/wp\/v2\/media\/208"}],"wp:attachment":[{"href":"https:\/\/www.ville.magog.qc.ca\/bibliotheque\/wp-json\/wp\/v2\/media?parent=134"}],"wp:term":[{"taxonomy":"post_tag","embeddable":true,"href":"https:\/\/www.ville.magog.qc.ca\/bibliotheque\/wp-json\/wp\/v2\/tags?post=134"}],"curies":[{"name":"wp","href":"https:\/\/api.w.org\/{rel}","templated":true}]}}