{"id":130,"date":"2015-11-02T22:46:12","date_gmt":"2015-11-02T22:46:12","guid":{"rendered":"https:\/\/www.ville.magog.qc.ca\/bibliotheque\/?page_id=130"},"modified":"2021-03-25T15:04:44","modified_gmt":"2021-03-25T19:04:44","slug":"mission-et-historique","status":"publish","type":"page","link":"https:\/\/www.ville.magog.qc.ca\/bibliotheque\/informations-generales\/mission-et-historique\/","title":{"rendered":"Mission et historique"},"content":{"rendered":"<div class=\"wpb-content-wrapper\"><p>[vc_row][vc_column][vc_single_image image=&#8221;197&#8243;][\/vc_column][\/vc_row][vc_row][vc_column][vc_column_text]<\/p>\n<h4>Mission<\/h4>\n<p>La Biblioth\u00e8que Memphr\u00e9magog\u00a0 a pour mission de contribuer au d\u00e9veloppement et \u00e0 l\u2019\u00e9panouissement des Magogois et Magogoises en leur offrant un lieu accueillant, des ressources documentaires et des services de qualit\u00e9, \u00e0 la fois diversifi\u00e9s, impartiaux et accessibles \u00e0 tous en s\u2019inspirant des fonctions d\u2019une biblioth\u00e8que publique \u00e9nonc\u00e9es par l\u2019UNESCO<a href=\"#_ftn1\" name=\"_ftnref1\">[1]<\/a> et des <span style=\"color: #ff0000;\"><a href=\"https:\/\/www.ville.magog.qc.ca\/\/ville-de-magog\/informations-generales\/#mission-vision-valeurs\">valeurs reconnues par la Ville de Magog<\/a><\/span>. Elle doit \u00e9galement promouvoir le go\u00fbt de la lecture, des arts et de la culture aupr\u00e8s de sa population.<\/p>\n<p>La libert\u00e9 intellectuelle et l\u2019accessibilit\u00e9 \u00e0 l\u2019information, garanties par la <em>Charte canadienne des droits et libert\u00e9s<\/em>, sont \u00e9galement au c\u0153ur de sa mission.<\/p>\n<hr \/>\n<h4>Historique<\/h4>\n<p>La Biblioth\u00e8que a \u00e9t\u00e9 d\u00e9velopp\u00e9e par des femmes b\u00e9n\u00e9voles du mouvement <em>Austin Women Institute<\/em> dans les ann\u00e9es\u00a01960 et g\u00e9r\u00e9e avec un conseil d\u2019administration jusqu\u2019\u00e0 sa municipalisation en\u00a01993 par la Ville de Magog. Au fil du temps, les services ont \u00e9t\u00e9 dispens\u00e9s dans divers locaux du centre-ville jusqu\u2019en 1985, ann\u00e9e o\u00f9 elle a obtenu pignon sur la rue Merry Nord avec un nouvel \u00e9difice de biblioth\u00e8que. Celui-ci\u00a0 est rapidement devenu trop \u00e9troit pour r\u00e9pondre aux besoins d\u2019une client\u00e8le croissante, en partie attribuable \u00e0 la municipalisation de la biblioth\u00e8que en 1993 et, en 2002, \u00e0 la fusion des municipalit\u00e9s environnantes du canton de Magog et du village d\u2019Omerville avec la Ville de Magog.<\/p>\n<p>Apr\u00e8s avoir pr\u00e9par\u00e9 plusieurs projets de relocalisation et diff\u00e9rents sites visant son d\u00e9m\u00e9nagement, c\u2019est en novembre\u00a02011 que la biblioth\u00e8que s\u2019installe \u00e0 l\u2019int\u00e9rieur d\u2019un b\u00e2timent patrimonial religieux\u00a0 de 2000 m\u00e8tres carr\u00e9. L\u2019\u00e9glise Sainte-Marguerite-Marie devient une biblioth\u00e8que avec l\u2019ajout d\u2019une mezzanine.\u00a0 Situ\u00e9e au c\u0153ur du quartier des Tisserands, nomm\u00e9 pour repr\u00e9senter le quartier des ouvriers des usines du textile qui ont \u00e9t\u00e9 la principale source de travail pour la population magogoise au cours du 20<sup>e<\/sup>\u00a0si\u00e8cle, la biblioth\u00e8que se retrouve au c\u0153ur d\u2019un quartier r\u00e9sidentiel \u00e0 valeur patrimoniale.<\/p>\n<p>&nbsp;<\/p>\n<p>[1] La biblioth\u00e8que publique, porte locale d\u2019acc\u00e8s \u00e0 la connaissance, remplit les conditions fondamentales n\u00e9cessaires \u00e0 l\u2019apprentissage, \u00e0 tous les \u00e2ges de la vie, \u00e0 la prise de d\u00e9cision en toute ind\u00e9pendance et au d\u00e9veloppement culturel des individus et des groupes sociaux. Tir\u00e9 du Manifeste de l\u2019UNESCO sur la biblioth\u00e8que publique.<\/p>\n<p><a href=\"#_ftnref1\" name=\"_ftn1\"><\/a>[\/vc_column_text][\/vc_column][\/vc_row]<\/p>\n<\/div>","protected":false},"excerpt":{"rendered":"<p>[vc_row][vc_column][vc_single_image image=&#8221;197&#8243;][\/vc_column][\/vc_row][vc_row][vc_column][vc_column_text] Mission La Biblioth\u00e8que Memphr\u00e9magog\u00a0 a pour mission de contribuer au d\u00e9veloppement et \u00e0 l\u2019\u00e9panouissement des Magogois et Magogoises &hellip; <\/p>\n","protected":false},"author":16,"featured_media":197,"parent":128,"menu_order":1,"comment_status":"closed","ping_status":"closed","template":"","meta":{"_acf_changed":false,"footnotes":""},"tags":[],"class_list":["post-130","page","type-page","status-publish","hentry"],"acf":[],"yoast_head":"<!-- This site is optimized with the Yoast SEO plugin v27.4 - https:\/\/yoast.com\/product\/yoast-seo-wordpress\/ -->\n<title>Mission et historique - Bibliotheque<\/title>\n<meta name=\"robots\" content=\"index, follow, max-snippet:-1, max-image-preview:large, max-video-preview:-1\" \/>\n<link rel=\"canonical\" href=\"https:\/\/www.ville.magog.qc.ca\/bibliotheque\/informations-generales\/mission-et-historique\/\" \/>\n<meta property=\"og:locale\" content=\"fr_FR\" \/>\n<meta property=\"og:type\" content=\"article\" \/>\n<meta property=\"og:title\" content=\"Mission et historique - Bibliotheque\" \/>\n<meta property=\"og:description\" content=\"[vc_row][vc_column][vc_single_image image=&#8221;197&#8243;][\/vc_column][\/vc_row][vc_row][vc_column][vc_column_text] Mission La Biblioth\u00e8que Memphr\u00e9magog\u00a0 a pour mission de contribuer au d\u00e9veloppement et \u00e0 l\u2019\u00e9panouissement des Magogois et Magogoises &hellip;\" \/>\n<meta property=\"og:url\" content=\"https:\/\/www.ville.magog.qc.ca\/bibliotheque\/informations-generales\/mission-et-historique\/\" \/>\n<meta property=\"og:site_name\" content=\"Bibliotheque\" \/>\n<meta property=\"article:modified_time\" content=\"2021-03-25T19:04:44+00:00\" \/>\n<meta property=\"og:image\" content=\"https:\/\/www.ville.magog.qc.ca\/bibliotheque\/wp-content\/uploads\/2015\/11\/photo-mission-historique.jpg\" \/>\n\t<meta property=\"og:image:width\" content=\"625\" \/>\n\t<meta property=\"og:image:height\" content=\"225\" \/>\n\t<meta property=\"og:image:type\" content=\"image\/jpeg\" \/>\n<meta name=\"twitter:card\" content=\"summary_large_image\" \/>\n<meta name=\"twitter:label1\" content=\"Dur\u00e9e de lecture estim\u00e9e\" \/>\n\t<meta name=\"twitter:data1\" content=\"2 minutes\" \/>\n<script type=\"application\/ld+json\" class=\"yoast-schema-graph\">{\"@context\":\"https:\\\/\\\/schema.org\",\"@graph\":[{\"@type\":\"WebPage\",\"@id\":\"https:\\\/\\\/www.ville.magog.qc.ca\\\/bibliotheque\\\/informations-generales\\\/mission-et-historique\\\/\",\"url\":\"https:\\\/\\\/www.ville.magog.qc.ca\\\/bibliotheque\\\/informations-generales\\\/mission-et-historique\\\/\",\"name\":\"Mission et historique - Bibliotheque\",\"isPartOf\":{\"@id\":\"https:\\\/\\\/www.ville.magog.qc.ca\\\/bibliotheque\\\/#website\"},\"primaryImageOfPage\":{\"@id\":\"https:\\\/\\\/www.ville.magog.qc.ca\\\/bibliotheque\\\/informations-generales\\\/mission-et-historique\\\/#primaryimage\"},\"image\":{\"@id\":\"https:\\\/\\\/www.ville.magog.qc.ca\\\/bibliotheque\\\/informations-generales\\\/mission-et-historique\\\/#primaryimage\"},\"thumbnailUrl\":\"https:\\\/\\\/www.ville.magog.qc.ca\\\/bibliotheque\\\/wp-content\\\/uploads\\\/2015\\\/11\\\/photo-mission-historique.jpg\",\"datePublished\":\"2015-11-02T22:46:12+00:00\",\"dateModified\":\"2021-03-25T19:04:44+00:00\",\"breadcrumb\":{\"@id\":\"https:\\\/\\\/www.ville.magog.qc.ca\\\/bibliotheque\\\/informations-generales\\\/mission-et-historique\\\/#breadcrumb\"},\"inLanguage\":\"fr-FR\",\"potentialAction\":[{\"@type\":\"ReadAction\",\"target\":[\"https:\\\/\\\/www.ville.magog.qc.ca\\\/bibliotheque\\\/informations-generales\\\/mission-et-historique\\\/\"]}]},{\"@type\":\"ImageObject\",\"inLanguage\":\"fr-FR\",\"@id\":\"https:\\\/\\\/www.ville.magog.qc.ca\\\/bibliotheque\\\/informations-generales\\\/mission-et-historique\\\/#primaryimage\",\"url\":\"https:\\\/\\\/www.ville.magog.qc.ca\\\/bibliotheque\\\/wp-content\\\/uploads\\\/2015\\\/11\\\/photo-mission-historique.jpg\",\"contentUrl\":\"https:\\\/\\\/www.ville.magog.qc.ca\\\/bibliotheque\\\/wp-content\\\/uploads\\\/2015\\\/11\\\/photo-mission-historique.jpg\",\"width\":625,\"height\":225,\"caption\":\"photo exterieure bibliotheque memphremagog\"},{\"@type\":\"BreadcrumbList\",\"@id\":\"https:\\\/\\\/www.ville.magog.qc.ca\\\/bibliotheque\\\/informations-generales\\\/mission-et-historique\\\/#breadcrumb\",\"itemListElement\":[{\"@type\":\"ListItem\",\"position\":1,\"name\":\"Home\",\"item\":\"https:\\\/\\\/www.ville.magog.qc.ca\\\/bibliotheque\\\/\"},{\"@type\":\"ListItem\",\"position\":2,\"name\":\"Informations g\u00e9n\u00e9rales\",\"item\":\"https:\\\/\\\/www.ville.magog.qc.ca\\\/bibliotheque\\\/informations-generales\\\/\"},{\"@type\":\"ListItem\",\"position\":3,\"name\":\"Mission et historique\"}]},{\"@type\":\"WebSite\",\"@id\":\"https:\\\/\\\/www.ville.magog.qc.ca\\\/bibliotheque\\\/#website\",\"url\":\"https:\\\/\\\/www.ville.magog.qc.ca\\\/bibliotheque\\\/\",\"name\":\"Bibliotheque\",\"description\":\"Bibliotheque Magog\",\"potentialAction\":[{\"@type\":\"SearchAction\",\"target\":{\"@type\":\"EntryPoint\",\"urlTemplate\":\"https:\\\/\\\/www.ville.magog.qc.ca\\\/bibliotheque\\\/?s={search_term_string}\"},\"query-input\":{\"@type\":\"PropertyValueSpecification\",\"valueRequired\":true,\"valueName\":\"search_term_string\"}}],\"inLanguage\":\"fr-FR\"}]}<\/script>\n<!-- \/ Yoast SEO plugin. -->","yoast_head_json":{"title":"Mission et historique - Bibliotheque","robots":{"index":"index","follow":"follow","max-snippet":"max-snippet:-1","max-image-preview":"max-image-preview:large","max-video-preview":"max-video-preview:-1"},"canonical":"https:\/\/www.ville.magog.qc.ca\/bibliotheque\/informations-generales\/mission-et-historique\/","og_locale":"fr_FR","og_type":"article","og_title":"Mission et historique - Bibliotheque","og_description":"[vc_row][vc_column][vc_single_image image=&#8221;197&#8243;][\/vc_column][\/vc_row][vc_row][vc_column][vc_column_text] Mission La Biblioth\u00e8que Memphr\u00e9magog\u00a0 a pour mission de contribuer au d\u00e9veloppement et \u00e0 l\u2019\u00e9panouissement des Magogois et Magogoises &hellip;","og_url":"https:\/\/www.ville.magog.qc.ca\/bibliotheque\/informations-generales\/mission-et-historique\/","og_site_name":"Bibliotheque","article_modified_time":"2021-03-25T19:04:44+00:00","og_image":[{"width":625,"height":225,"url":"https:\/\/www.ville.magog.qc.ca\/bibliotheque\/wp-content\/uploads\/2015\/11\/photo-mission-historique.jpg","type":"image\/jpeg"}],"twitter_card":"summary_large_image","twitter_misc":{"Dur\u00e9e de lecture estim\u00e9e":"2 minutes"},"schema":{"@context":"https:\/\/schema.org","@graph":[{"@type":"WebPage","@id":"https:\/\/www.ville.magog.qc.ca\/bibliotheque\/informations-generales\/mission-et-historique\/","url":"https:\/\/www.ville.magog.qc.ca\/bibliotheque\/informations-generales\/mission-et-historique\/","name":"Mission et historique - Bibliotheque","isPartOf":{"@id":"https:\/\/www.ville.magog.qc.ca\/bibliotheque\/#website"},"primaryImageOfPage":{"@id":"https:\/\/www.ville.magog.qc.ca\/bibliotheque\/informations-generales\/mission-et-historique\/#primaryimage"},"image":{"@id":"https:\/\/www.ville.magog.qc.ca\/bibliotheque\/informations-generales\/mission-et-historique\/#primaryimage"},"thumbnailUrl":"https:\/\/www.ville.magog.qc.ca\/bibliotheque\/wp-content\/uploads\/2015\/11\/photo-mission-historique.jpg","datePublished":"2015-11-02T22:46:12+00:00","dateModified":"2021-03-25T19:04:44+00:00","breadcrumb":{"@id":"https:\/\/www.ville.magog.qc.ca\/bibliotheque\/informations-generales\/mission-et-historique\/#breadcrumb"},"inLanguage":"fr-FR","potentialAction":[{"@type":"ReadAction","target":["https:\/\/www.ville.magog.qc.ca\/bibliotheque\/informations-generales\/mission-et-historique\/"]}]},{"@type":"ImageObject","inLanguage":"fr-FR","@id":"https:\/\/www.ville.magog.qc.ca\/bibliotheque\/informations-generales\/mission-et-historique\/#primaryimage","url":"https:\/\/www.ville.magog.qc.ca\/bibliotheque\/wp-content\/uploads\/2015\/11\/photo-mission-historique.jpg","contentUrl":"https:\/\/www.ville.magog.qc.ca\/bibliotheque\/wp-content\/uploads\/2015\/11\/photo-mission-historique.jpg","width":625,"height":225,"caption":"photo exterieure bibliotheque memphremagog"},{"@type":"BreadcrumbList","@id":"https:\/\/www.ville.magog.qc.ca\/bibliotheque\/informations-generales\/mission-et-historique\/#breadcrumb","itemListElement":[{"@type":"ListItem","position":1,"name":"Home","item":"https:\/\/www.ville.magog.qc.ca\/bibliotheque\/"},{"@type":"ListItem","position":2,"name":"Informations g\u00e9n\u00e9rales","item":"https:\/\/www.ville.magog.qc.ca\/bibliotheque\/informations-generales\/"},{"@type":"ListItem","position":3,"name":"Mission et historique"}]},{"@type":"WebSite","@id":"https:\/\/www.ville.magog.qc.ca\/bibliotheque\/#website","url":"https:\/\/www.ville.magog.qc.ca\/bibliotheque\/","name":"Bibliotheque","description":"Bibliotheque Magog","potentialAction":[{"@type":"SearchAction","target":{"@type":"EntryPoint","urlTemplate":"https:\/\/www.ville.magog.qc.ca\/bibliotheque\/?s={search_term_string}"},"query-input":{"@type":"PropertyValueSpecification","valueRequired":true,"valueName":"search_term_string"}}],"inLanguage":"fr-FR"}]}},"_links":{"self":[{"href":"https:\/\/www.ville.magog.qc.ca\/bibliotheque\/wp-json\/wp\/v2\/pages\/130","targetHints":{"allow":["GET"]}}],"collection":[{"href":"https:\/\/www.ville.magog.qc.ca\/bibliotheque\/wp-json\/wp\/v2\/pages"}],"about":[{"href":"https:\/\/www.ville.magog.qc.ca\/bibliotheque\/wp-json\/wp\/v2\/types\/page"}],"author":[{"embeddable":true,"href":"https:\/\/www.ville.magog.qc.ca\/bibliotheque\/wp-json\/wp\/v2\/users\/16"}],"replies":[{"embeddable":true,"href":"https:\/\/www.ville.magog.qc.ca\/bibliotheque\/wp-json\/wp\/v2\/comments?post=130"}],"version-history":[{"count":9,"href":"https:\/\/www.ville.magog.qc.ca\/bibliotheque\/wp-json\/wp\/v2\/pages\/130\/revisions"}],"predecessor-version":[{"id":1560,"href":"https:\/\/www.ville.magog.qc.ca\/bibliotheque\/wp-json\/wp\/v2\/pages\/130\/revisions\/1560"}],"up":[{"embeddable":true,"href":"https:\/\/www.ville.magog.qc.ca\/bibliotheque\/wp-json\/wp\/v2\/pages\/128"}],"wp:featuredmedia":[{"embeddable":true,"href":"https:\/\/www.ville.magog.qc.ca\/bibliotheque\/wp-json\/wp\/v2\/media\/197"}],"wp:attachment":[{"href":"https:\/\/www.ville.magog.qc.ca\/bibliotheque\/wp-json\/wp\/v2\/media?parent=130"}],"wp:term":[{"taxonomy":"post_tag","embeddable":true,"href":"https:\/\/www.ville.magog.qc.ca\/bibliotheque\/wp-json\/wp\/v2\/tags?post=130"}],"curies":[{"name":"wp","href":"https:\/\/api.w.org\/{rel}","templated":true}]}}