{"id":1297,"date":"2019-09-18T09:22:01","date_gmt":"2019-09-18T13:22:01","guid":{"rendered":"https:\/\/www.ville.magog.qc.ca\/bibliotheque\/?page_id=1297"},"modified":"2024-08-27T07:13:03","modified_gmt":"2024-08-27T12:13:03","slug":"pret-numerique","status":"publish","type":"page","link":"https:\/\/www.ville.magog.qc.ca\/bibliotheque\/abonnement-et-pret\/pret-numerique\/","title":{"rendered":"Pr\u00eat num\u00e9rique"},"content":{"rendered":"<div class=\"wpb-content-wrapper\"><p>[vc_row][vc_column][vc_single_image image=&#8221;1299&#8243;][vc_empty_space height=&#8221;16px&#8221;][vc_column_text css=&#8221;&#8221;]<\/p>\r\n<p>Les abonn\u00e9s de la Biblioth\u00e8que Memphr\u00e9magog peuvent emprunter des livres num\u00e9riques gr\u00e2ce \u00e0 la plateforme <a href=\"https:\/\/www.pretnumerique.ca\/\" target=\"_blank\" rel=\"noopener noreferrer\">pretnumerique.ca<\/a>. Les livres peuvent \u00eatre t\u00e9l\u00e9charg\u00e9s et lus sur diff\u00e9rents supports : liseuses, tablettes, ordinateurs, t\u00e9l\u00e9phones intelligents, etc. \u00c0 la fin de la p\u00e9riode de pr\u00eat, les livres s&#8217;effaceront automatiquement du support sur lequel ils ont \u00e9t\u00e9 t\u00e9l\u00e9charg\u00e9s. Un livre num\u00e9rique peut \u00eatre retourn\u00e9 avant la date d&#8217;\u00e9ch\u00e9ance. Consultez le guide de d\u00e9marrage pour plus d&#8217;information.<\/p>\r\n<p>[\/vc_column_text][vc_column_text]<\/p>\r\n<h4>Comment \u00e7a fonctionne?<\/h4>\r\n<p>[\/vc_column_text]<a href=\"https:\/\/www.pretnumerique.ca\/help\/introduction\" target=\"_blank\"class=\"mdl-button mdl-js-button mdl-js-ripple-effect btn btn- mdl-button--raised mdl-button--accent\">Introduction aux livres num\u00e9riques et aux appareils de lecture <\/a>[vc_empty_space height=&#8221;16px&#8221;]<a href=\"https:\/\/www.pretnumerique.ca\/help\/guides\" target=\"_blank\"class=\"mdl-button mdl-js-button mdl-js-ripple-effect btn btn- mdl-button--raised mdl-button--accent\">Guide de d\u00e9marrage <\/a>[vc_empty_space height=&#8221;16px&#8221;]<a href=\"https:\/\/www.pretnumerique.ca\/help\/compatible_devices\" target=\"_blank\"class=\"mdl-button mdl-js-button mdl-js-ripple-effect btn btn- mdl-button--raised mdl-button--accent\">Appareils et applications compatibles <\/a>[vc_empty_space height=&#8221;16px&#8221;]<a href=\"https:\/\/www.pretnumerique.ca\/help\/guides\/search_hints\" target=\"_blank\"class=\"mdl-button mdl-js-button mdl-js-ripple-effect btn btn- mdl-button--raised mdl-button--accent\">Astuces de recherche <\/a>[vc_empty_space height=&#8221;16px&#8221;]<a href=\"https:\/\/www.pretnumerique.ca\/help\/faq\" target=\"_blank\"class=\"mdl-button mdl-js-button mdl-js-ripple-effect btn btn- mdl-button--raised mdl-button--accent\">Foire aux questions <\/a>[\/vc_column][\/vc_row]<\/p><\/div>","protected":false},"excerpt":{"rendered":"<p>[vc_row][vc_column][vc_single_image image=&#8221;1299&#8243;][vc_empty_space height=&#8221;16px&#8221;][vc_column_text css=&#8221;&#8221;] Les abonn\u00e9s de la Biblioth\u00e8que Memphr\u00e9magog peuvent emprunter des livres num\u00e9riques gr\u00e2ce \u00e0 la plateforme pretnumerique.ca. &hellip; <\/p>\n","protected":false},"author":7,"featured_media":1299,"parent":17,"menu_order":2,"comment_status":"closed","ping_status":"closed","template":"","meta":{"_acf_changed":false,"footnotes":""},"tags":[],"class_list":["post-1297","page","type-page","status-publish","hentry"],"acf":[],"yoast_head":"<!-- This site is optimized with the Yoast SEO plugin v27.4 - https:\/\/yoast.com\/product\/yoast-seo-wordpress\/ -->\n<title>Pr\u00eat de livres num\u00e9riques | Biblioth\u00e8que Memphr\u00e9magog<\/title>\n<meta name=\"description\" content=\"Les abonn\u00e9s de la Biblioth\u00e8que Memphr\u00e9magog peuvent emprunter des livres de fa\u00e7on num\u00e9rique gr\u00e2ce \u00e0 la plateforme pretnumerique.ca.\" \/>\n<meta name=\"robots\" content=\"index, follow, max-snippet:-1, max-image-preview:large, max-video-preview:-1\" \/>\n<link rel=\"canonical\" href=\"https:\/\/www.ville.magog.qc.ca\/bibliotheque\/abonnement-et-pret\/pret-numerique\/\" \/>\n<meta property=\"og:locale\" content=\"fr_FR\" \/>\n<meta property=\"og:type\" content=\"article\" \/>\n<meta property=\"og:title\" content=\"Pr\u00eat de livres num\u00e9riques | Biblioth\u00e8que Memphr\u00e9magog\" \/>\n<meta property=\"og:description\" content=\"Les abonn\u00e9s de la Biblioth\u00e8que Memphr\u00e9magog peuvent emprunter des livres de fa\u00e7on num\u00e9rique gr\u00e2ce \u00e0 la plateforme pretnumerique.ca.\" \/>\n<meta property=\"og:url\" content=\"https:\/\/www.ville.magog.qc.ca\/bibliotheque\/abonnement-et-pret\/pret-numerique\/\" \/>\n<meta property=\"og:site_name\" content=\"Bibliotheque\" \/>\n<meta property=\"article:modified_time\" content=\"2024-08-27T12:13:03+00:00\" \/>\n<meta property=\"og:image\" content=\"https:\/\/www.ville.magog.qc.ca\/bibliotheque\/wp-content\/uploads\/2019\/09\/Bibliotheque-Memphremagog-pret-numerique.jpg\" \/>\n\t<meta property=\"og:image:width\" content=\"625\" \/>\n\t<meta property=\"og:image:height\" content=\"225\" \/>\n\t<meta property=\"og:image:type\" content=\"image\/jpeg\" \/>\n<meta name=\"twitter:card\" content=\"summary_large_image\" \/>\n<meta name=\"twitter:label1\" content=\"Dur\u00e9e de lecture estim\u00e9e\" \/>\n\t<meta name=\"twitter:data1\" content=\"1 minute\" \/>\n<script type=\"application\/ld+json\" class=\"yoast-schema-graph\">{\"@context\":\"https:\\\/\\\/schema.org\",\"@graph\":[{\"@type\":\"WebPage\",\"@id\":\"https:\\\/\\\/www.ville.magog.qc.ca\\\/bibliotheque\\\/abonnement-et-pret\\\/pret-numerique\\\/\",\"url\":\"https:\\\/\\\/www.ville.magog.qc.ca\\\/bibliotheque\\\/abonnement-et-pret\\\/pret-numerique\\\/\",\"name\":\"Pr\u00eat de livres num\u00e9riques | Biblioth\u00e8que Memphr\u00e9magog\",\"isPartOf\":{\"@id\":\"https:\\\/\\\/www.ville.magog.qc.ca\\\/bibliotheque\\\/#website\"},\"primaryImageOfPage\":{\"@id\":\"https:\\\/\\\/www.ville.magog.qc.ca\\\/bibliotheque\\\/abonnement-et-pret\\\/pret-numerique\\\/#primaryimage\"},\"image\":{\"@id\":\"https:\\\/\\\/www.ville.magog.qc.ca\\\/bibliotheque\\\/abonnement-et-pret\\\/pret-numerique\\\/#primaryimage\"},\"thumbnailUrl\":\"https:\\\/\\\/www.ville.magog.qc.ca\\\/bibliotheque\\\/wp-content\\\/uploads\\\/2019\\\/09\\\/Bibliotheque-Memphremagog-pret-numerique.jpg\",\"datePublished\":\"2019-09-18T13:22:01+00:00\",\"dateModified\":\"2024-08-27T12:13:03+00:00\",\"description\":\"Les abonn\u00e9s de la Biblioth\u00e8que Memphr\u00e9magog peuvent emprunter des livres de fa\u00e7on num\u00e9rique gr\u00e2ce \u00e0 la plateforme pretnumerique.ca.\",\"breadcrumb\":{\"@id\":\"https:\\\/\\\/www.ville.magog.qc.ca\\\/bibliotheque\\\/abonnement-et-pret\\\/pret-numerique\\\/#breadcrumb\"},\"inLanguage\":\"fr-FR\",\"potentialAction\":[{\"@type\":\"ReadAction\",\"target\":[\"https:\\\/\\\/www.ville.magog.qc.ca\\\/bibliotheque\\\/abonnement-et-pret\\\/pret-numerique\\\/\"]}]},{\"@type\":\"ImageObject\",\"inLanguage\":\"fr-FR\",\"@id\":\"https:\\\/\\\/www.ville.magog.qc.ca\\\/bibliotheque\\\/abonnement-et-pret\\\/pret-numerique\\\/#primaryimage\",\"url\":\"https:\\\/\\\/www.ville.magog.qc.ca\\\/bibliotheque\\\/wp-content\\\/uploads\\\/2019\\\/09\\\/Bibliotheque-Memphremagog-pret-numerique.jpg\",\"contentUrl\":\"https:\\\/\\\/www.ville.magog.qc.ca\\\/bibliotheque\\\/wp-content\\\/uploads\\\/2019\\\/09\\\/Bibliotheque-Memphremagog-pret-numerique.jpg\",\"width\":625,\"height\":225,\"caption\":\"Pr\u00eat num\u00e9rique \u00e0 la Biblioth\u00e8que Memphr\u00e9magog\"},{\"@type\":\"BreadcrumbList\",\"@id\":\"https:\\\/\\\/www.ville.magog.qc.ca\\\/bibliotheque\\\/abonnement-et-pret\\\/pret-numerique\\\/#breadcrumb\",\"itemListElement\":[{\"@type\":\"ListItem\",\"position\":1,\"name\":\"Home\",\"item\":\"https:\\\/\\\/www.ville.magog.qc.ca\\\/bibliotheque\\\/\"},{\"@type\":\"ListItem\",\"position\":2,\"name\":\"Abonnement et pr\u00eat\",\"item\":\"https:\\\/\\\/www.ville.magog.qc.ca\\\/bibliotheque\\\/abonnement-et-pret\\\/\"},{\"@type\":\"ListItem\",\"position\":3,\"name\":\"Pr\u00eat num\u00e9rique\"}]},{\"@type\":\"WebSite\",\"@id\":\"https:\\\/\\\/www.ville.magog.qc.ca\\\/bibliotheque\\\/#website\",\"url\":\"https:\\\/\\\/www.ville.magog.qc.ca\\\/bibliotheque\\\/\",\"name\":\"Bibliotheque\",\"description\":\"Bibliotheque Magog\",\"potentialAction\":[{\"@type\":\"SearchAction\",\"target\":{\"@type\":\"EntryPoint\",\"urlTemplate\":\"https:\\\/\\\/www.ville.magog.qc.ca\\\/bibliotheque\\\/?s={search_term_string}\"},\"query-input\":{\"@type\":\"PropertyValueSpecification\",\"valueRequired\":true,\"valueName\":\"search_term_string\"}}],\"inLanguage\":\"fr-FR\"}]}<\/script>\n<!-- \/ Yoast SEO plugin. -->","yoast_head_json":{"title":"Pr\u00eat de livres num\u00e9riques | Biblioth\u00e8que Memphr\u00e9magog","description":"Les abonn\u00e9s de la Biblioth\u00e8que Memphr\u00e9magog peuvent emprunter des livres de fa\u00e7on num\u00e9rique gr\u00e2ce \u00e0 la plateforme pretnumerique.ca.","robots":{"index":"index","follow":"follow","max-snippet":"max-snippet:-1","max-image-preview":"max-image-preview:large","max-video-preview":"max-video-preview:-1"},"canonical":"https:\/\/www.ville.magog.qc.ca\/bibliotheque\/abonnement-et-pret\/pret-numerique\/","og_locale":"fr_FR","og_type":"article","og_title":"Pr\u00eat de livres num\u00e9riques | Biblioth\u00e8que Memphr\u00e9magog","og_description":"Les abonn\u00e9s de la Biblioth\u00e8que Memphr\u00e9magog peuvent emprunter des livres de fa\u00e7on num\u00e9rique gr\u00e2ce \u00e0 la plateforme pretnumerique.ca.","og_url":"https:\/\/www.ville.magog.qc.ca\/bibliotheque\/abonnement-et-pret\/pret-numerique\/","og_site_name":"Bibliotheque","article_modified_time":"2024-08-27T12:13:03+00:00","og_image":[{"width":625,"height":225,"url":"https:\/\/www.ville.magog.qc.ca\/bibliotheque\/wp-content\/uploads\/2019\/09\/Bibliotheque-Memphremagog-pret-numerique.jpg","type":"image\/jpeg"}],"twitter_card":"summary_large_image","twitter_misc":{"Dur\u00e9e de lecture estim\u00e9e":"1 minute"},"schema":{"@context":"https:\/\/schema.org","@graph":[{"@type":"WebPage","@id":"https:\/\/www.ville.magog.qc.ca\/bibliotheque\/abonnement-et-pret\/pret-numerique\/","url":"https:\/\/www.ville.magog.qc.ca\/bibliotheque\/abonnement-et-pret\/pret-numerique\/","name":"Pr\u00eat de livres num\u00e9riques | Biblioth\u00e8que Memphr\u00e9magog","isPartOf":{"@id":"https:\/\/www.ville.magog.qc.ca\/bibliotheque\/#website"},"primaryImageOfPage":{"@id":"https:\/\/www.ville.magog.qc.ca\/bibliotheque\/abonnement-et-pret\/pret-numerique\/#primaryimage"},"image":{"@id":"https:\/\/www.ville.magog.qc.ca\/bibliotheque\/abonnement-et-pret\/pret-numerique\/#primaryimage"},"thumbnailUrl":"https:\/\/www.ville.magog.qc.ca\/bibliotheque\/wp-content\/uploads\/2019\/09\/Bibliotheque-Memphremagog-pret-numerique.jpg","datePublished":"2019-09-18T13:22:01+00:00","dateModified":"2024-08-27T12:13:03+00:00","description":"Les abonn\u00e9s de la Biblioth\u00e8que Memphr\u00e9magog peuvent emprunter des livres de fa\u00e7on num\u00e9rique gr\u00e2ce \u00e0 la plateforme pretnumerique.ca.","breadcrumb":{"@id":"https:\/\/www.ville.magog.qc.ca\/bibliotheque\/abonnement-et-pret\/pret-numerique\/#breadcrumb"},"inLanguage":"fr-FR","potentialAction":[{"@type":"ReadAction","target":["https:\/\/www.ville.magog.qc.ca\/bibliotheque\/abonnement-et-pret\/pret-numerique\/"]}]},{"@type":"ImageObject","inLanguage":"fr-FR","@id":"https:\/\/www.ville.magog.qc.ca\/bibliotheque\/abonnement-et-pret\/pret-numerique\/#primaryimage","url":"https:\/\/www.ville.magog.qc.ca\/bibliotheque\/wp-content\/uploads\/2019\/09\/Bibliotheque-Memphremagog-pret-numerique.jpg","contentUrl":"https:\/\/www.ville.magog.qc.ca\/bibliotheque\/wp-content\/uploads\/2019\/09\/Bibliotheque-Memphremagog-pret-numerique.jpg","width":625,"height":225,"caption":"Pr\u00eat num\u00e9rique \u00e0 la Biblioth\u00e8que Memphr\u00e9magog"},{"@type":"BreadcrumbList","@id":"https:\/\/www.ville.magog.qc.ca\/bibliotheque\/abonnement-et-pret\/pret-numerique\/#breadcrumb","itemListElement":[{"@type":"ListItem","position":1,"name":"Home","item":"https:\/\/www.ville.magog.qc.ca\/bibliotheque\/"},{"@type":"ListItem","position":2,"name":"Abonnement et pr\u00eat","item":"https:\/\/www.ville.magog.qc.ca\/bibliotheque\/abonnement-et-pret\/"},{"@type":"ListItem","position":3,"name":"Pr\u00eat num\u00e9rique"}]},{"@type":"WebSite","@id":"https:\/\/www.ville.magog.qc.ca\/bibliotheque\/#website","url":"https:\/\/www.ville.magog.qc.ca\/bibliotheque\/","name":"Bibliotheque","description":"Bibliotheque Magog","potentialAction":[{"@type":"SearchAction","target":{"@type":"EntryPoint","urlTemplate":"https:\/\/www.ville.magog.qc.ca\/bibliotheque\/?s={search_term_string}"},"query-input":{"@type":"PropertyValueSpecification","valueRequired":true,"valueName":"search_term_string"}}],"inLanguage":"fr-FR"}]}},"_links":{"self":[{"href":"https:\/\/www.ville.magog.qc.ca\/bibliotheque\/wp-json\/wp\/v2\/pages\/1297","targetHints":{"allow":["GET"]}}],"collection":[{"href":"https:\/\/www.ville.magog.qc.ca\/bibliotheque\/wp-json\/wp\/v2\/pages"}],"about":[{"href":"https:\/\/www.ville.magog.qc.ca\/bibliotheque\/wp-json\/wp\/v2\/types\/page"}],"author":[{"embeddable":true,"href":"https:\/\/www.ville.magog.qc.ca\/bibliotheque\/wp-json\/wp\/v2\/users\/7"}],"replies":[{"embeddable":true,"href":"https:\/\/www.ville.magog.qc.ca\/bibliotheque\/wp-json\/wp\/v2\/comments?post=1297"}],"version-history":[{"count":14,"href":"https:\/\/www.ville.magog.qc.ca\/bibliotheque\/wp-json\/wp\/v2\/pages\/1297\/revisions"}],"predecessor-version":[{"id":2241,"href":"https:\/\/www.ville.magog.qc.ca\/bibliotheque\/wp-json\/wp\/v2\/pages\/1297\/revisions\/2241"}],"up":[{"embeddable":true,"href":"https:\/\/www.ville.magog.qc.ca\/bibliotheque\/wp-json\/wp\/v2\/pages\/17"}],"wp:featuredmedia":[{"embeddable":true,"href":"https:\/\/www.ville.magog.qc.ca\/bibliotheque\/wp-json\/wp\/v2\/media\/1299"}],"wp:attachment":[{"href":"https:\/\/www.ville.magog.qc.ca\/bibliotheque\/wp-json\/wp\/v2\/media?parent=1297"}],"wp:term":[{"taxonomy":"post_tag","embeddable":true,"href":"https:\/\/www.ville.magog.qc.ca\/bibliotheque\/wp-json\/wp\/v2\/tags?post=1297"}],"curies":[{"name":"wp","href":"https:\/\/api.w.org\/{rel}","templated":true}]}}