{"id":121,"date":"2015-11-02T22:43:56","date_gmt":"2015-11-02T22:43:56","guid":{"rendered":"https:\/\/www.ville.magog.qc.ca\/bibliotheque\/?page_id=121"},"modified":"2025-12-22T10:29:04","modified_gmt":"2025-12-22T15:29:04","slug":"activites-jeunesse","status":"publish","type":"page","link":"https:\/\/www.ville.magog.qc.ca\/bibliotheque\/activites\/activites-jeunesse\/","title":{"rendered":"Activit\u00e9s jeunesse"},"content":{"rendered":"<div class=\"wpb-content-wrapper\"><p>[vc_row][vc_column][vc_single_image image=&#8221;534&#8243;][\/vc_column][\/vc_row][vc_row][vc_column][vc_column_text]La Biblioth\u00e8que Memphr\u00e9magog organise plusieurs activit\u00e9s jeunesse.[\/vc_column_text]<a href=\"https:\/\/www.ville.magog.qc.ca\/culture-sports-communaute\/magog-sanime\/\" target=\"_blank\"class=\"mdl-button mdl-js-button mdl-js-ripple-effect btn btn- mdl-button--raised mdl-button--accent\">Consulter la programmation Magog s'anime <\/a>[vc_empty_space][\/vc_column][\/vc_row][vc_row][vc_column][\/vc_column][\/vc_row]<\/p>\n<\/div>","protected":false},"excerpt":{"rendered":"<p>[vc_row][vc_column][vc_single_image image=&#8221;534&#8243;][\/vc_column][\/vc_row][vc_row][vc_column][vc_column_text]La Biblioth\u00e8que Memphr\u00e9magog organise plusieurs activit\u00e9s jeunesse.[\/vc_column_text][vc_empty_space][\/vc_column][\/vc_row][vc_row][vc_column][\/vc_column][\/vc_row]<\/p>\n","protected":false},"author":16,"featured_media":534,"parent":104,"menu_order":8,"comment_status":"closed","ping_status":"closed","template":"","meta":{"_acf_changed":false,"footnotes":""},"tags":[],"class_list":["post-121","page","type-page","status-publish","hentry"],"acf":[],"yoast_head":"<!-- This site is optimized with the Yoast SEO plugin v27.4 - https:\/\/yoast.com\/product\/yoast-seo-wordpress\/ -->\n<title>Activit\u00e9s jeunesse \u00e0 la Biblioth\u00e8que Memphr\u00e9magog<\/title>\n<meta name=\"description\" content=\"L\u2019agora Andr\u00e9-Cailloux accueille les petits et les grands dans la magie des contes et des histoires d\u2019\u00e9veil \u00e0 la lecture.\" \/>\n<meta name=\"robots\" content=\"index, follow, max-snippet:-1, max-image-preview:large, max-video-preview:-1\" \/>\n<link rel=\"canonical\" href=\"https:\/\/www.ville.magog.qc.ca\/bibliotheque\/activites\/activites-jeunesse\/\" \/>\n<meta property=\"og:locale\" content=\"fr_FR\" \/>\n<meta property=\"og:type\" content=\"article\" \/>\n<meta property=\"og:title\" content=\"Activit\u00e9s jeunesse \u00e0 la Biblioth\u00e8que Memphr\u00e9magog\" \/>\n<meta property=\"og:description\" content=\"L\u2019agora Andr\u00e9-Cailloux accueille les petits et les grands dans la magie des contes et des histoires d\u2019\u00e9veil \u00e0 la lecture.\" \/>\n<meta property=\"og:url\" content=\"https:\/\/www.ville.magog.qc.ca\/bibliotheque\/activites\/activites-jeunesse\/\" \/>\n<meta property=\"og:site_name\" content=\"Bibliotheque\" \/>\n<meta property=\"article:modified_time\" content=\"2025-12-22T15:29:04+00:00\" \/>\n<meta property=\"og:image\" content=\"https:\/\/www.ville.magog.qc.ca\/bibliotheque\/wp-content\/uploads\/2015\/11\/Bande_Section_Heure_du_conte2.jpg\" \/>\n\t<meta property=\"og:image:width\" content=\"625\" \/>\n\t<meta property=\"og:image:height\" content=\"225\" \/>\n\t<meta property=\"og:image:type\" content=\"image\/jpeg\" \/>\n<meta name=\"twitter:card\" content=\"summary_large_image\" \/>\n<meta name=\"twitter:label1\" content=\"Dur\u00e9e de lecture estim\u00e9e\" \/>\n\t<meta name=\"twitter:data1\" content=\"1 minute\" \/>\n<script type=\"application\/ld+json\" class=\"yoast-schema-graph\">{\"@context\":\"https:\\\/\\\/schema.org\",\"@graph\":[{\"@type\":\"WebPage\",\"@id\":\"https:\\\/\\\/www.ville.magog.qc.ca\\\/bibliotheque\\\/activites\\\/activites-jeunesse\\\/\",\"url\":\"https:\\\/\\\/www.ville.magog.qc.ca\\\/bibliotheque\\\/activites\\\/activites-jeunesse\\\/\",\"name\":\"Activit\u00e9s jeunesse \u00e0 la Biblioth\u00e8que Memphr\u00e9magog\",\"isPartOf\":{\"@id\":\"https:\\\/\\\/www.ville.magog.qc.ca\\\/bibliotheque\\\/#website\"},\"primaryImageOfPage\":{\"@id\":\"https:\\\/\\\/www.ville.magog.qc.ca\\\/bibliotheque\\\/activites\\\/activites-jeunesse\\\/#primaryimage\"},\"image\":{\"@id\":\"https:\\\/\\\/www.ville.magog.qc.ca\\\/bibliotheque\\\/activites\\\/activites-jeunesse\\\/#primaryimage\"},\"thumbnailUrl\":\"https:\\\/\\\/www.ville.magog.qc.ca\\\/bibliotheque\\\/wp-content\\\/uploads\\\/2015\\\/11\\\/Bande_Section_Heure_du_conte2.jpg\",\"datePublished\":\"2015-11-02T22:43:56+00:00\",\"dateModified\":\"2025-12-22T15:29:04+00:00\",\"description\":\"L\u2019agora Andr\u00e9-Cailloux accueille les petits et les grands dans la magie des contes et des histoires d\u2019\u00e9veil \u00e0 la lecture.\",\"breadcrumb\":{\"@id\":\"https:\\\/\\\/www.ville.magog.qc.ca\\\/bibliotheque\\\/activites\\\/activites-jeunesse\\\/#breadcrumb\"},\"inLanguage\":\"fr-FR\",\"potentialAction\":[{\"@type\":\"ReadAction\",\"target\":[\"https:\\\/\\\/www.ville.magog.qc.ca\\\/bibliotheque\\\/activites\\\/activites-jeunesse\\\/\"]}]},{\"@type\":\"ImageObject\",\"inLanguage\":\"fr-FR\",\"@id\":\"https:\\\/\\\/www.ville.magog.qc.ca\\\/bibliotheque\\\/activites\\\/activites-jeunesse\\\/#primaryimage\",\"url\":\"https:\\\/\\\/www.ville.magog.qc.ca\\\/bibliotheque\\\/wp-content\\\/uploads\\\/2015\\\/11\\\/Bande_Section_Heure_du_conte2.jpg\",\"contentUrl\":\"https:\\\/\\\/www.ville.magog.qc.ca\\\/bibliotheque\\\/wp-content\\\/uploads\\\/2015\\\/11\\\/Bande_Section_Heure_du_conte2.jpg\",\"width\":625,\"height\":225},{\"@type\":\"BreadcrumbList\",\"@id\":\"https:\\\/\\\/www.ville.magog.qc.ca\\\/bibliotheque\\\/activites\\\/activites-jeunesse\\\/#breadcrumb\",\"itemListElement\":[{\"@type\":\"ListItem\",\"position\":1,\"name\":\"Home\",\"item\":\"https:\\\/\\\/www.ville.magog.qc.ca\\\/bibliotheque\\\/\"},{\"@type\":\"ListItem\",\"position\":2,\"name\":\"Activit\u00e9s, animations et ateliers\",\"item\":\"https:\\\/\\\/www.ville.magog.qc.ca\\\/bibliotheque\\\/activites\\\/\"},{\"@type\":\"ListItem\",\"position\":3,\"name\":\"Activit\u00e9s jeunesse\"}]},{\"@type\":\"WebSite\",\"@id\":\"https:\\\/\\\/www.ville.magog.qc.ca\\\/bibliotheque\\\/#website\",\"url\":\"https:\\\/\\\/www.ville.magog.qc.ca\\\/bibliotheque\\\/\",\"name\":\"Bibliotheque\",\"description\":\"Bibliotheque Magog\",\"potentialAction\":[{\"@type\":\"SearchAction\",\"target\":{\"@type\":\"EntryPoint\",\"urlTemplate\":\"https:\\\/\\\/www.ville.magog.qc.ca\\\/bibliotheque\\\/?s={search_term_string}\"},\"query-input\":{\"@type\":\"PropertyValueSpecification\",\"valueRequired\":true,\"valueName\":\"search_term_string\"}}],\"inLanguage\":\"fr-FR\"}]}<\/script>\n<!-- \/ Yoast SEO plugin. -->","yoast_head_json":{"title":"Activit\u00e9s jeunesse \u00e0 la Biblioth\u00e8que Memphr\u00e9magog","description":"L\u2019agora Andr\u00e9-Cailloux accueille les petits et les grands dans la magie des contes et des histoires d\u2019\u00e9veil \u00e0 la lecture.","robots":{"index":"index","follow":"follow","max-snippet":"max-snippet:-1","max-image-preview":"max-image-preview:large","max-video-preview":"max-video-preview:-1"},"canonical":"https:\/\/www.ville.magog.qc.ca\/bibliotheque\/activites\/activites-jeunesse\/","og_locale":"fr_FR","og_type":"article","og_title":"Activit\u00e9s jeunesse \u00e0 la Biblioth\u00e8que Memphr\u00e9magog","og_description":"L\u2019agora Andr\u00e9-Cailloux accueille les petits et les grands dans la magie des contes et des histoires d\u2019\u00e9veil \u00e0 la lecture.","og_url":"https:\/\/www.ville.magog.qc.ca\/bibliotheque\/activites\/activites-jeunesse\/","og_site_name":"Bibliotheque","article_modified_time":"2025-12-22T15:29:04+00:00","og_image":[{"width":625,"height":225,"url":"https:\/\/www.ville.magog.qc.ca\/bibliotheque\/wp-content\/uploads\/2015\/11\/Bande_Section_Heure_du_conte2.jpg","type":"image\/jpeg"}],"twitter_card":"summary_large_image","twitter_misc":{"Dur\u00e9e de lecture estim\u00e9e":"1 minute"},"schema":{"@context":"https:\/\/schema.org","@graph":[{"@type":"WebPage","@id":"https:\/\/www.ville.magog.qc.ca\/bibliotheque\/activites\/activites-jeunesse\/","url":"https:\/\/www.ville.magog.qc.ca\/bibliotheque\/activites\/activites-jeunesse\/","name":"Activit\u00e9s jeunesse \u00e0 la Biblioth\u00e8que Memphr\u00e9magog","isPartOf":{"@id":"https:\/\/www.ville.magog.qc.ca\/bibliotheque\/#website"},"primaryImageOfPage":{"@id":"https:\/\/www.ville.magog.qc.ca\/bibliotheque\/activites\/activites-jeunesse\/#primaryimage"},"image":{"@id":"https:\/\/www.ville.magog.qc.ca\/bibliotheque\/activites\/activites-jeunesse\/#primaryimage"},"thumbnailUrl":"https:\/\/www.ville.magog.qc.ca\/bibliotheque\/wp-content\/uploads\/2015\/11\/Bande_Section_Heure_du_conte2.jpg","datePublished":"2015-11-02T22:43:56+00:00","dateModified":"2025-12-22T15:29:04+00:00","description":"L\u2019agora Andr\u00e9-Cailloux accueille les petits et les grands dans la magie des contes et des histoires d\u2019\u00e9veil \u00e0 la lecture.","breadcrumb":{"@id":"https:\/\/www.ville.magog.qc.ca\/bibliotheque\/activites\/activites-jeunesse\/#breadcrumb"},"inLanguage":"fr-FR","potentialAction":[{"@type":"ReadAction","target":["https:\/\/www.ville.magog.qc.ca\/bibliotheque\/activites\/activites-jeunesse\/"]}]},{"@type":"ImageObject","inLanguage":"fr-FR","@id":"https:\/\/www.ville.magog.qc.ca\/bibliotheque\/activites\/activites-jeunesse\/#primaryimage","url":"https:\/\/www.ville.magog.qc.ca\/bibliotheque\/wp-content\/uploads\/2015\/11\/Bande_Section_Heure_du_conte2.jpg","contentUrl":"https:\/\/www.ville.magog.qc.ca\/bibliotheque\/wp-content\/uploads\/2015\/11\/Bande_Section_Heure_du_conte2.jpg","width":625,"height":225},{"@type":"BreadcrumbList","@id":"https:\/\/www.ville.magog.qc.ca\/bibliotheque\/activites\/activites-jeunesse\/#breadcrumb","itemListElement":[{"@type":"ListItem","position":1,"name":"Home","item":"https:\/\/www.ville.magog.qc.ca\/bibliotheque\/"},{"@type":"ListItem","position":2,"name":"Activit\u00e9s, animations et ateliers","item":"https:\/\/www.ville.magog.qc.ca\/bibliotheque\/activites\/"},{"@type":"ListItem","position":3,"name":"Activit\u00e9s jeunesse"}]},{"@type":"WebSite","@id":"https:\/\/www.ville.magog.qc.ca\/bibliotheque\/#website","url":"https:\/\/www.ville.magog.qc.ca\/bibliotheque\/","name":"Bibliotheque","description":"Bibliotheque Magog","potentialAction":[{"@type":"SearchAction","target":{"@type":"EntryPoint","urlTemplate":"https:\/\/www.ville.magog.qc.ca\/bibliotheque\/?s={search_term_string}"},"query-input":{"@type":"PropertyValueSpecification","valueRequired":true,"valueName":"search_term_string"}}],"inLanguage":"fr-FR"}]}},"_links":{"self":[{"href":"https:\/\/www.ville.magog.qc.ca\/bibliotheque\/wp-json\/wp\/v2\/pages\/121","targetHints":{"allow":["GET"]}}],"collection":[{"href":"https:\/\/www.ville.magog.qc.ca\/bibliotheque\/wp-json\/wp\/v2\/pages"}],"about":[{"href":"https:\/\/www.ville.magog.qc.ca\/bibliotheque\/wp-json\/wp\/v2\/types\/page"}],"author":[{"embeddable":true,"href":"https:\/\/www.ville.magog.qc.ca\/bibliotheque\/wp-json\/wp\/v2\/users\/16"}],"replies":[{"embeddable":true,"href":"https:\/\/www.ville.magog.qc.ca\/bibliotheque\/wp-json\/wp\/v2\/comments?post=121"}],"version-history":[{"count":56,"href":"https:\/\/www.ville.magog.qc.ca\/bibliotheque\/wp-json\/wp\/v2\/pages\/121\/revisions"}],"predecessor-version":[{"id":2341,"href":"https:\/\/www.ville.magog.qc.ca\/bibliotheque\/wp-json\/wp\/v2\/pages\/121\/revisions\/2341"}],"up":[{"embeddable":true,"href":"https:\/\/www.ville.magog.qc.ca\/bibliotheque\/wp-json\/wp\/v2\/pages\/104"}],"wp:featuredmedia":[{"embeddable":true,"href":"https:\/\/www.ville.magog.qc.ca\/bibliotheque\/wp-json\/wp\/v2\/media\/534"}],"wp:attachment":[{"href":"https:\/\/www.ville.magog.qc.ca\/bibliotheque\/wp-json\/wp\/v2\/media?parent=121"}],"wp:term":[{"taxonomy":"post_tag","embeddable":true,"href":"https:\/\/www.ville.magog.qc.ca\/bibliotheque\/wp-json\/wp\/v2\/tags?post=121"}],"curies":[{"name":"wp","href":"https:\/\/api.w.org\/{rel}","templated":true}]}}