{"id":118,"date":"2020-06-10T07:43:03","date_gmt":"2020-06-10T11:43:03","guid":{"rendered":"https:\/\/www.ville.magog.qc.ca\/bibliotheque\/?page_id=118"},"modified":"2023-03-29T14:54:44","modified_gmt":"2023-03-29T19:54:44","slug":"club-de-lecture-enfants","status":"publish","type":"page","link":"https:\/\/www.ville.magog.qc.ca\/bibliotheque\/activites\/club-de-lecture-enfants\/","title":{"rendered":"Club de lecture jeunesse"},"content":{"rendered":"<div class=\"wpb-content-wrapper\"><p>[vc_row][vc_column][vc_single_image image=&#8221;188&#8243;][vc_empty_space height=&#8221;15px&#8221;][vc_column_text]Le club de lecture a pour objectif de sensibiliser les enfants au plaisir de la lecture, piquer leur curiosit\u00e9 et stimuler leur imagination. Il contribue directement au maintien et au d\u00e9veloppement de leur habilet\u00e9 de lecture.<\/p>\n<p>Voir la section <a href=\"https:\/\/www.ville.magog.qc.ca\/bibliotheque\/activites\/heures-du-conte\/\">activit\u00e9s jeunesse<\/a> pour plus d&#8217;information.[\/vc_column_text][\/vc_column][\/vc_row]<\/p>\n<\/div>","protected":false},"excerpt":{"rendered":"<p>[vc_row][vc_column][vc_single_image image=&#8221;188&#8243;][vc_empty_space height=&#8221;15px&#8221;][vc_column_text]Le club de lecture a pour objectif de sensibiliser les enfants au plaisir de la lecture, piquer leur &hellip; <\/p>\n","protected":false},"author":16,"featured_media":188,"parent":104,"menu_order":7,"comment_status":"closed","ping_status":"closed","template":"","meta":{"_acf_changed":false,"footnotes":""},"tags":[],"class_list":["post-118","page","type-page","status-publish","hentry"],"acf":[],"yoast_head":"<!-- This site is optimized with the Yoast SEO plugin v27.4 - https:\/\/yoast.com\/product\/yoast-seo-wordpress\/ -->\n<title>Club de lecture jeunesse - Bibliotheque<\/title>\n<meta name=\"robots\" content=\"index, follow, max-snippet:-1, max-image-preview:large, max-video-preview:-1\" \/>\n<link rel=\"canonical\" href=\"https:\/\/www.ville.magog.qc.ca\/bibliotheque\/activites\/club-de-lecture-enfants\/\" \/>\n<meta property=\"og:locale\" content=\"fr_FR\" \/>\n<meta property=\"og:type\" content=\"article\" \/>\n<meta property=\"og:title\" content=\"Club de lecture jeunesse - Bibliotheque\" \/>\n<meta property=\"og:description\" content=\"[vc_row][vc_column][vc_single_image image=&#8221;188&#8243;][vc_empty_space height=&#8221;15px&#8221;][vc_column_text]Le club de lecture a pour objectif de sensibiliser les enfants au plaisir de la lecture, piquer leur &hellip;\" \/>\n<meta property=\"og:url\" content=\"https:\/\/www.ville.magog.qc.ca\/bibliotheque\/activites\/club-de-lecture-enfants\/\" \/>\n<meta property=\"og:site_name\" content=\"Bibliotheque\" \/>\n<meta property=\"article:modified_time\" content=\"2023-03-29T19:54:44+00:00\" \/>\n<meta property=\"og:image\" content=\"https:\/\/www.ville.magog.qc.ca\/bibliotheque\/wp-content\/uploads\/2015\/11\/photo-club-lecture-enfants.jpg\" \/>\n\t<meta property=\"og:image:width\" content=\"625\" \/>\n\t<meta property=\"og:image:height\" content=\"225\" \/>\n\t<meta property=\"og:image:type\" content=\"image\/jpeg\" \/>\n<meta name=\"twitter:card\" content=\"summary_large_image\" \/>\n<script type=\"application\/ld+json\" class=\"yoast-schema-graph\">{\"@context\":\"https:\\\/\\\/schema.org\",\"@graph\":[{\"@type\":\"WebPage\",\"@id\":\"https:\\\/\\\/www.ville.magog.qc.ca\\\/bibliotheque\\\/activites\\\/club-de-lecture-enfants\\\/\",\"url\":\"https:\\\/\\\/www.ville.magog.qc.ca\\\/bibliotheque\\\/activites\\\/club-de-lecture-enfants\\\/\",\"name\":\"Club de lecture jeunesse - Bibliotheque\",\"isPartOf\":{\"@id\":\"https:\\\/\\\/www.ville.magog.qc.ca\\\/bibliotheque\\\/#website\"},\"primaryImageOfPage\":{\"@id\":\"https:\\\/\\\/www.ville.magog.qc.ca\\\/bibliotheque\\\/activites\\\/club-de-lecture-enfants\\\/#primaryimage\"},\"image\":{\"@id\":\"https:\\\/\\\/www.ville.magog.qc.ca\\\/bibliotheque\\\/activites\\\/club-de-lecture-enfants\\\/#primaryimage\"},\"thumbnailUrl\":\"https:\\\/\\\/www.ville.magog.qc.ca\\\/bibliotheque\\\/wp-content\\\/uploads\\\/2015\\\/11\\\/photo-club-lecture-enfants.jpg\",\"datePublished\":\"2020-06-10T11:43:03+00:00\",\"dateModified\":\"2023-03-29T19:54:44+00:00\",\"breadcrumb\":{\"@id\":\"https:\\\/\\\/www.ville.magog.qc.ca\\\/bibliotheque\\\/activites\\\/club-de-lecture-enfants\\\/#breadcrumb\"},\"inLanguage\":\"fr-FR\",\"potentialAction\":[{\"@type\":\"ReadAction\",\"target\":[\"https:\\\/\\\/www.ville.magog.qc.ca\\\/bibliotheque\\\/activites\\\/club-de-lecture-enfants\\\/\"]}]},{\"@type\":\"ImageObject\",\"inLanguage\":\"fr-FR\",\"@id\":\"https:\\\/\\\/www.ville.magog.qc.ca\\\/bibliotheque\\\/activites\\\/club-de-lecture-enfants\\\/#primaryimage\",\"url\":\"https:\\\/\\\/www.ville.magog.qc.ca\\\/bibliotheque\\\/wp-content\\\/uploads\\\/2015\\\/11\\\/photo-club-lecture-enfants.jpg\",\"contentUrl\":\"https:\\\/\\\/www.ville.magog.qc.ca\\\/bibliotheque\\\/wp-content\\\/uploads\\\/2015\\\/11\\\/photo-club-lecture-enfants.jpg\",\"width\":625,\"height\":225,\"caption\":\"club de lecture pour enfants bibliotheque memphremagog\"},{\"@type\":\"BreadcrumbList\",\"@id\":\"https:\\\/\\\/www.ville.magog.qc.ca\\\/bibliotheque\\\/activites\\\/club-de-lecture-enfants\\\/#breadcrumb\",\"itemListElement\":[{\"@type\":\"ListItem\",\"position\":1,\"name\":\"Home\",\"item\":\"https:\\\/\\\/www.ville.magog.qc.ca\\\/bibliotheque\\\/\"},{\"@type\":\"ListItem\",\"position\":2,\"name\":\"Activit\u00e9s, animations et ateliers\",\"item\":\"https:\\\/\\\/www.ville.magog.qc.ca\\\/bibliotheque\\\/activites\\\/\"},{\"@type\":\"ListItem\",\"position\":3,\"name\":\"Club de lecture jeunesse\"}]},{\"@type\":\"WebSite\",\"@id\":\"https:\\\/\\\/www.ville.magog.qc.ca\\\/bibliotheque\\\/#website\",\"url\":\"https:\\\/\\\/www.ville.magog.qc.ca\\\/bibliotheque\\\/\",\"name\":\"Bibliotheque\",\"description\":\"Bibliotheque Magog\",\"potentialAction\":[{\"@type\":\"SearchAction\",\"target\":{\"@type\":\"EntryPoint\",\"urlTemplate\":\"https:\\\/\\\/www.ville.magog.qc.ca\\\/bibliotheque\\\/?s={search_term_string}\"},\"query-input\":{\"@type\":\"PropertyValueSpecification\",\"valueRequired\":true,\"valueName\":\"search_term_string\"}}],\"inLanguage\":\"fr-FR\"}]}<\/script>\n<!-- \/ Yoast SEO plugin. -->","yoast_head_json":{"title":"Club de lecture jeunesse - Bibliotheque","robots":{"index":"index","follow":"follow","max-snippet":"max-snippet:-1","max-image-preview":"max-image-preview:large","max-video-preview":"max-video-preview:-1"},"canonical":"https:\/\/www.ville.magog.qc.ca\/bibliotheque\/activites\/club-de-lecture-enfants\/","og_locale":"fr_FR","og_type":"article","og_title":"Club de lecture jeunesse - Bibliotheque","og_description":"[vc_row][vc_column][vc_single_image image=&#8221;188&#8243;][vc_empty_space height=&#8221;15px&#8221;][vc_column_text]Le club de lecture a pour objectif de sensibiliser les enfants au plaisir de la lecture, piquer leur &hellip;","og_url":"https:\/\/www.ville.magog.qc.ca\/bibliotheque\/activites\/club-de-lecture-enfants\/","og_site_name":"Bibliotheque","article_modified_time":"2023-03-29T19:54:44+00:00","og_image":[{"width":625,"height":225,"url":"https:\/\/www.ville.magog.qc.ca\/bibliotheque\/wp-content\/uploads\/2015\/11\/photo-club-lecture-enfants.jpg","type":"image\/jpeg"}],"twitter_card":"summary_large_image","schema":{"@context":"https:\/\/schema.org","@graph":[{"@type":"WebPage","@id":"https:\/\/www.ville.magog.qc.ca\/bibliotheque\/activites\/club-de-lecture-enfants\/","url":"https:\/\/www.ville.magog.qc.ca\/bibliotheque\/activites\/club-de-lecture-enfants\/","name":"Club de lecture jeunesse - Bibliotheque","isPartOf":{"@id":"https:\/\/www.ville.magog.qc.ca\/bibliotheque\/#website"},"primaryImageOfPage":{"@id":"https:\/\/www.ville.magog.qc.ca\/bibliotheque\/activites\/club-de-lecture-enfants\/#primaryimage"},"image":{"@id":"https:\/\/www.ville.magog.qc.ca\/bibliotheque\/activites\/club-de-lecture-enfants\/#primaryimage"},"thumbnailUrl":"https:\/\/www.ville.magog.qc.ca\/bibliotheque\/wp-content\/uploads\/2015\/11\/photo-club-lecture-enfants.jpg","datePublished":"2020-06-10T11:43:03+00:00","dateModified":"2023-03-29T19:54:44+00:00","breadcrumb":{"@id":"https:\/\/www.ville.magog.qc.ca\/bibliotheque\/activites\/club-de-lecture-enfants\/#breadcrumb"},"inLanguage":"fr-FR","potentialAction":[{"@type":"ReadAction","target":["https:\/\/www.ville.magog.qc.ca\/bibliotheque\/activites\/club-de-lecture-enfants\/"]}]},{"@type":"ImageObject","inLanguage":"fr-FR","@id":"https:\/\/www.ville.magog.qc.ca\/bibliotheque\/activites\/club-de-lecture-enfants\/#primaryimage","url":"https:\/\/www.ville.magog.qc.ca\/bibliotheque\/wp-content\/uploads\/2015\/11\/photo-club-lecture-enfants.jpg","contentUrl":"https:\/\/www.ville.magog.qc.ca\/bibliotheque\/wp-content\/uploads\/2015\/11\/photo-club-lecture-enfants.jpg","width":625,"height":225,"caption":"club de lecture pour enfants bibliotheque memphremagog"},{"@type":"BreadcrumbList","@id":"https:\/\/www.ville.magog.qc.ca\/bibliotheque\/activites\/club-de-lecture-enfants\/#breadcrumb","itemListElement":[{"@type":"ListItem","position":1,"name":"Home","item":"https:\/\/www.ville.magog.qc.ca\/bibliotheque\/"},{"@type":"ListItem","position":2,"name":"Activit\u00e9s, animations et ateliers","item":"https:\/\/www.ville.magog.qc.ca\/bibliotheque\/activites\/"},{"@type":"ListItem","position":3,"name":"Club de lecture jeunesse"}]},{"@type":"WebSite","@id":"https:\/\/www.ville.magog.qc.ca\/bibliotheque\/#website","url":"https:\/\/www.ville.magog.qc.ca\/bibliotheque\/","name":"Bibliotheque","description":"Bibliotheque Magog","potentialAction":[{"@type":"SearchAction","target":{"@type":"EntryPoint","urlTemplate":"https:\/\/www.ville.magog.qc.ca\/bibliotheque\/?s={search_term_string}"},"query-input":{"@type":"PropertyValueSpecification","valueRequired":true,"valueName":"search_term_string"}}],"inLanguage":"fr-FR"}]}},"_links":{"self":[{"href":"https:\/\/www.ville.magog.qc.ca\/bibliotheque\/wp-json\/wp\/v2\/pages\/118","targetHints":{"allow":["GET"]}}],"collection":[{"href":"https:\/\/www.ville.magog.qc.ca\/bibliotheque\/wp-json\/wp\/v2\/pages"}],"about":[{"href":"https:\/\/www.ville.magog.qc.ca\/bibliotheque\/wp-json\/wp\/v2\/types\/page"}],"author":[{"embeddable":true,"href":"https:\/\/www.ville.magog.qc.ca\/bibliotheque\/wp-json\/wp\/v2\/users\/16"}],"replies":[{"embeddable":true,"href":"https:\/\/www.ville.magog.qc.ca\/bibliotheque\/wp-json\/wp\/v2\/comments?post=118"}],"version-history":[{"count":28,"href":"https:\/\/www.ville.magog.qc.ca\/bibliotheque\/wp-json\/wp\/v2\/pages\/118\/revisions"}],"predecessor-version":[{"id":1818,"href":"https:\/\/www.ville.magog.qc.ca\/bibliotheque\/wp-json\/wp\/v2\/pages\/118\/revisions\/1818"}],"up":[{"embeddable":true,"href":"https:\/\/www.ville.magog.qc.ca\/bibliotheque\/wp-json\/wp\/v2\/pages\/104"}],"wp:featuredmedia":[{"embeddable":true,"href":"https:\/\/www.ville.magog.qc.ca\/bibliotheque\/wp-json\/wp\/v2\/media\/188"}],"wp:attachment":[{"href":"https:\/\/www.ville.magog.qc.ca\/bibliotheque\/wp-json\/wp\/v2\/media?parent=118"}],"wp:term":[{"taxonomy":"post_tag","embeddable":true,"href":"https:\/\/www.ville.magog.qc.ca\/bibliotheque\/wp-json\/wp\/v2\/tags?post=118"}],"curies":[{"name":"wp","href":"https:\/\/api.w.org\/{rel}","templated":true}]}}